{"id":14765,"date":"2020-04-12T21:12:25","date_gmt":"2020-04-13T02:12:25","guid":{"rendered":"https:\/\/fittingsgo.com\/product\/ensemble-dextracteurs-a-marteau-coulissant-a-9-voies-otc\/"},"modified":"2020-04-12T21:16:18","modified_gmt":"2020-04-13T02:16:18","slug":"ensemble-dextracteurs-a-marteau-coulissant-a-9-voies-otc","status":"publish","type":"product","link":"https:\/\/fittingsgo.com\/fr\/produit\/ensemble-dextracteurs-a-marteau-coulissant-a-9-voies-otc\/","title":{"rendered":"Ensemble d&#8217;extracteurs \u00e0 marteau coulissant \u00e0 9 voies OTC"},"content":{"rendered":"<p>4579<br \/>\nINCLUE:<br \/>\n2-Way Cross Block<br \/>\nFront Hub Puller<br \/>\nInternal 3-Jaw Puller<br \/>\nExternal 3-Jaw Puller<br \/>\nRear Axle Puller<br \/>\nInternal 2-Jaw Puller<br \/>\nExternal 2-Jaw Puller<br \/>\nGrip Wrench Adapter<br \/>\nDent Puller<br \/>\nPuller Hook<\/p>\n<div id=\"themify_builder_content-14765\" data-postid=\"14765\" class=\"themify_builder_content themify_builder_content-14765 themify_builder\">\n    <\/div>\n<!-- \/themify_builder_content -->\n","protected":false},"excerpt":{"rendered":"<p>&#8211; Marteau de 5 lb au fini chrome poli.<br \/>\n&#8211; Tire les essieux arri\u00e8re \u00e0 bride et la plupart des moyeux \u00e0 traction avant.<br \/>\n&#8211; Les m\u00e2choires internes et externes offrent une vari\u00e9t\u00e9 de combinaisons pour tirer les roulements, les engrenages et les joints.<br \/>\n&#8211; Les blocs transversaux et le c\u00f4ne \u00e0 deux et trois voies fournissent la configuration de m\u00e2choire parfaite pour la plupart des travaux.<br \/>\n&#8211; L&#8217;ensemble comprend \u00e9galement un adaptateur de cl\u00e9 \u00e0 poign\u00e9e et un accessoire d&#8217;extraction de dent pour la t\u00f4le ou d&#8217;autres exigences de traction uniques.<br \/>\n&#8211; Con\u00e7u pour \u00eatre utilis\u00e9 avec d&#8217;autres accessoires de marteau \u00e0 glissi\u00e8re \u00e0 filetage OTC 5\/8 po &#8211; 18.<br \/>\n&#8211; Emball\u00e9 dans un bo\u00eetier moul\u00e9.<br \/>\nFabriqu\u00e9 par OTC<\/p>\n","protected":false},"featured_media":14764,"comment_status":"open","ping_status":"closed","template":"","meta":[],"product_brand":[],"product_cat":[339],"product_tag":[],"class_list":{"0":"post-14765","1":"product","2":"type-product","3":"status-publish","4":"has-post-thumbnail","6":"product_cat-outils-de-moteur-transmission","7":"has-post-title","8":"has-post-date","9":"has-post-category","10":"has-post-tag","11":"has-post-comment","12":"has-post-author","13":"","14":"fullcover","16":"first","17":"instock","18":"taxable","19":"shipping-taxable","20":"purchasable","21":"product-type-simple"},"jetpack_sharing_enabled":true,"builder_content":"","_links":{"self":[{"href":"https:\/\/fittingsgo.com\/fr\/wp-json\/wp\/v2\/product\/14765","targetHints":{"allow":["GET"]}}],"collection":[{"href":"https:\/\/fittingsgo.com\/fr\/wp-json\/wp\/v2\/product"}],"about":[{"href":"https:\/\/fittingsgo.com\/fr\/wp-json\/wp\/v2\/types\/product"}],"replies":[{"embeddable":true,"href":"https:\/\/fittingsgo.com\/fr\/wp-json\/wp\/v2\/comments?post=14765"}],"wp:featuredmedia":[{"embeddable":true,"href":"https:\/\/fittingsgo.com\/fr\/wp-json\/wp\/v2\/media\/14764"}],"wp:attachment":[{"href":"https:\/\/fittingsgo.com\/fr\/wp-json\/wp\/v2\/media?parent=14765"}],"wp:term":[{"taxonomy":"product_brand","embeddable":true,"href":"https:\/\/fittingsgo.com\/fr\/wp-json\/wp\/v2\/product_brand?post=14765"},{"taxonomy":"product_cat","embeddable":true,"href":"https:\/\/fittingsgo.com\/fr\/wp-json\/wp\/v2\/product_cat?post=14765"},{"taxonomy":"product_tag","embeddable":true,"href":"https:\/\/fittingsgo.com\/fr\/wp-json\/wp\/v2\/product_tag?post=14765"}],"curies":[{"name":"wp","href":"https:\/\/api.w.org\/{rel}","templated":true}]}}