{"id":14732,"date":"2020-04-12T20:08:24","date_gmt":"2020-04-13T01:08:24","guid":{"rendered":"https:\/\/fittingsgo.com\/product\/ensemble-de-connexion-flange-ovale\/"},"modified":"2025-07-16T08:04:10","modified_gmt":"2025-07-16T13:04:10","slug":"ensemble-de-connexion-flange-ovale","status":"publish","type":"product","link":"https:\/\/fittingsgo.com\/fr\/produit\/ensemble-de-connexion-flange-ovale\/","title":{"rendered":"Ensemble de connexion flange ovale"},"content":{"rendered":"<p>50-TQ5060, 50-TQ5061, 50-TQ5062, 50-TQ5063, 50-TQ5064, 50-TQ5065, 50-TQ5066, 50-TQ5067<\/p>\n<div id=\"themify_builder_content-14732\" data-postid=\"14732\" class=\"themify_builder_content themify_builder_content-14732 themify_builder\">\n    <\/div>\n<!-- \/themify_builder_content -->\n","protected":false},"excerpt":{"rendered":"<p>&#8211; Chaque kit comprend 2 connecteurs,<br \/>\n&#8211; 1 sac de quincaillerie et un joint d\u2019\u00e9tanch\u00e9it\u00e9.<\/p>\n","protected":false},"featured_media":14729,"comment_status":"open","ping_status":"closed","template":"","meta":[],"product_brand":[],"product_cat":[178],"product_tag":[],"class_list":{"0":"post-14732","1":"product","2":"type-product","3":"status-publish","4":"has-post-thumbnail","6":"product_cat-echappement","7":"has-post-title","8":"has-post-date","9":"has-post-category","10":"has-post-tag","11":"has-post-comment","12":"has-post-author","13":"","14":"fullcover","16":"first","17":"instock","18":"taxable","19":"shipping-taxable","20":"purchasable","21":"product-type-variable"},"jetpack_sharing_enabled":true,"builder_content":"","_links":{"self":[{"href":"https:\/\/fittingsgo.com\/fr\/wp-json\/wp\/v2\/product\/14732","targetHints":{"allow":["GET"]}}],"collection":[{"href":"https:\/\/fittingsgo.com\/fr\/wp-json\/wp\/v2\/product"}],"about":[{"href":"https:\/\/fittingsgo.com\/fr\/wp-json\/wp\/v2\/types\/product"}],"replies":[{"embeddable":true,"href":"https:\/\/fittingsgo.com\/fr\/wp-json\/wp\/v2\/comments?post=14732"}],"wp:featuredmedia":[{"embeddable":true,"href":"https:\/\/fittingsgo.com\/fr\/wp-json\/wp\/v2\/media\/14729"}],"wp:attachment":[{"href":"https:\/\/fittingsgo.com\/fr\/wp-json\/wp\/v2\/media?parent=14732"}],"wp:term":[{"taxonomy":"product_brand","embeddable":true,"href":"https:\/\/fittingsgo.com\/fr\/wp-json\/wp\/v2\/product_brand?post=14732"},{"taxonomy":"product_cat","embeddable":true,"href":"https:\/\/fittingsgo.com\/fr\/wp-json\/wp\/v2\/product_cat?post=14732"},{"taxonomy":"product_tag","embeddable":true,"href":"https:\/\/fittingsgo.com\/fr\/wp-json\/wp\/v2\/product_tag?post=14732"}],"curies":[{"name":"wp","href":"https:\/\/api.w.org\/{rel}","templated":true}]}}