{"id":14665,"date":"2020-04-10T22:01:07","date_gmt":"2020-04-11T03:01:07","guid":{"rendered":"https:\/\/fittingsgo.com\/product\/cable-gaine-a-2-fils\/"},"modified":"2020-04-10T22:03:21","modified_gmt":"2020-04-11T03:03:21","slug":"cable-gaine-a-2-fils","status":"publish","type":"product","link":"https:\/\/fittingsgo.com\/fr\/produit\/cable-gaine-a-2-fils\/","title":{"rendered":"C\u00e2ble gain\u00e9 \u00e0 2 fils"},"content":{"rendered":"<p>&#8211; Le fil gain\u00e9 de PVC r\u00e9siste \u00e0 la graisse, \u00e0 l&#8217;huile, \u00e0 l&#8217;essence et aux acides<br \/>\n&#8211; Utilis\u00e9 pour les applications automobiles, camions et marines<br \/>\n&#8211; Temp\u00e9rature maximale de -40\u00b0C (-40\u00b0F) \u00e0 85\u00b0C (185\u00b0F)<br \/>\n&#8211; Les fils internes r\u00e9pondent aux sp\u00e9cifications SAE J1128<br \/>\n82-5512, 825512<\/p>\n<div id=\"themify_builder_content-14665\" data-postid=\"14665\" class=\"themify_builder_content themify_builder_content-14665 themify_builder\">\n    <\/div>\n<!-- \/themify_builder_content -->\n","protected":false},"excerpt":{"rendered":"<p>C\u00e2ble de frein gain\u00e9 PVC<br \/>\nJauge: 12<br \/>\nBrin: 19 x 0,017 po<br \/>\nDiam\u00e8tre total: .206 po x .348 po<br \/>\nDur\u00e9e: 50 pi<br \/>\nFabriqu\u00e9 par Grote<\/p>\n","protected":false},"featured_media":14664,"comment_status":"open","ping_status":"closed","template":"","meta":[],"product_brand":[],"product_cat":[397],"product_tag":[],"class_list":{"0":"post-14665","1":"product","2":"type-product","3":"status-publish","4":"has-post-thumbnail","6":"product_cat-fil-electrique","7":"has-post-title","8":"has-post-date","9":"has-post-category","10":"has-post-tag","11":"has-post-comment","12":"has-post-author","13":"","14":"fullcover","16":"first","17":"instock","18":"taxable","19":"shipping-taxable","20":"purchasable","21":"product-type-simple"},"jetpack_sharing_enabled":true,"builder_content":"","_links":{"self":[{"href":"https:\/\/fittingsgo.com\/fr\/wp-json\/wp\/v2\/product\/14665","targetHints":{"allow":["GET"]}}],"collection":[{"href":"https:\/\/fittingsgo.com\/fr\/wp-json\/wp\/v2\/product"}],"about":[{"href":"https:\/\/fittingsgo.com\/fr\/wp-json\/wp\/v2\/types\/product"}],"replies":[{"embeddable":true,"href":"https:\/\/fittingsgo.com\/fr\/wp-json\/wp\/v2\/comments?post=14665"}],"wp:featuredmedia":[{"embeddable":true,"href":"https:\/\/fittingsgo.com\/fr\/wp-json\/wp\/v2\/media\/14664"}],"wp:attachment":[{"href":"https:\/\/fittingsgo.com\/fr\/wp-json\/wp\/v2\/media?parent=14665"}],"wp:term":[{"taxonomy":"product_brand","embeddable":true,"href":"https:\/\/fittingsgo.com\/fr\/wp-json\/wp\/v2\/product_brand?post=14665"},{"taxonomy":"product_cat","embeddable":true,"href":"https:\/\/fittingsgo.com\/fr\/wp-json\/wp\/v2\/product_cat?post=14665"},{"taxonomy":"product_tag","embeddable":true,"href":"https:\/\/fittingsgo.com\/fr\/wp-json\/wp\/v2\/product_tag?post=14665"}],"curies":[{"name":"wp","href":"https:\/\/api.w.org\/{rel}","templated":true}]}}