{"id":14093,"date":"2020-04-03T21:30:59","date_gmt":"2020-04-04T02:30:59","guid":{"rendered":"https:\/\/fittingsgo.com\/product\/annuleur-davertissement-pour-del-9005-9006-hb3-hb4\/"},"modified":"2020-04-03T21:37:28","modified_gmt":"2020-04-04T02:37:28","slug":"annuleur-davertissement-pour-del-9005-9006-9012-hb3-hb4","status":"publish","type":"product","link":"https:\/\/fittingsgo.com\/fr\/produit\/annuleur-davertissement-pour-del-9005-9006-9012-hb3-hb4\/","title":{"rendered":"Annuleur d\u2019avertissement pour DEL 9005, 9006, 9012, HB3, HB4"},"content":{"rendered":"<p>CANBUSHB3HB4<\/p>\n<div id=\"themify_builder_content-14093\" data-postid=\"14093\" class=\"themify_builder_content themify_builder_content-14093 themify_builder\">\n    <\/div>\n<!-- \/themify_builder_content -->\n","protected":false},"excerpt":{"rendered":"<p>Utilisez l\u2019annuleur d\u2019avertissement LED Philips Vision pour supprimer les signaux d\u2019erreur (clignotant, erreurs et d\u00e9fauts du tableau de bord) qui peuvent se produire pour certains v\u00e9hicules \u00e9quip\u00e9s du syst\u00e8me de contr\u00f4le CANbus lors de l\u2019installation de votre ampoule LED.<br \/>\nPaquet de 2<br \/>\n<a href=\"https:\/\/fittingsgo.com\/wp-content\/uploads\/2020\/04\/CANBUS-PDF.pdf\" target=\"_blank\" rel=\"noopener noreferrer\">CANBUS-PDF<\/a> (en anglais seulement)<\/p>\n","protected":false},"featured_media":14095,"comment_status":"open","ping_status":"closed","template":"","meta":[],"product_brand":[],"product_cat":[593],"product_tag":[],"class_list":{"0":"post-14093","1":"product","2":"type-product","3":"status-publish","4":"has-post-thumbnail","6":"product_cat-phares-au-del","7":"has-post-title","8":"has-post-date","9":"has-post-category","10":"has-post-tag","11":"has-post-comment","12":"has-post-author","13":"","14":"fullcover","16":"first","17":"instock","18":"taxable","19":"shipping-taxable","20":"purchasable","21":"product-type-simple"},"jetpack_sharing_enabled":true,"builder_content":"","_links":{"self":[{"href":"https:\/\/fittingsgo.com\/fr\/wp-json\/wp\/v2\/product\/14093","targetHints":{"allow":["GET"]}}],"collection":[{"href":"https:\/\/fittingsgo.com\/fr\/wp-json\/wp\/v2\/product"}],"about":[{"href":"https:\/\/fittingsgo.com\/fr\/wp-json\/wp\/v2\/types\/product"}],"replies":[{"embeddable":true,"href":"https:\/\/fittingsgo.com\/fr\/wp-json\/wp\/v2\/comments?post=14093"}],"wp:featuredmedia":[{"embeddable":true,"href":"https:\/\/fittingsgo.com\/fr\/wp-json\/wp\/v2\/media\/14095"}],"wp:attachment":[{"href":"https:\/\/fittingsgo.com\/fr\/wp-json\/wp\/v2\/media?parent=14093"}],"wp:term":[{"taxonomy":"product_brand","embeddable":true,"href":"https:\/\/fittingsgo.com\/fr\/wp-json\/wp\/v2\/product_brand?post=14093"},{"taxonomy":"product_cat","embeddable":true,"href":"https:\/\/fittingsgo.com\/fr\/wp-json\/wp\/v2\/product_cat?post=14093"},{"taxonomy":"product_tag","embeddable":true,"href":"https:\/\/fittingsgo.com\/fr\/wp-json\/wp\/v2\/product_tag?post=14093"}],"curies":[{"name":"wp","href":"https:\/\/api.w.org\/{rel}","templated":true}]}}