{"id":14065,"date":"2020-04-03T20:56:44","date_gmt":"2020-04-04T01:56:44","guid":{"rendered":"https:\/\/fittingsgo.com\/product\/annuleur-davertissement-pour-del-5w\/"},"modified":"2020-04-03T21:14:48","modified_gmt":"2020-04-04T02:14:48","slug":"annuleur-davertissement-pour-del-5w","status":"publish","type":"product","link":"https:\/\/fittingsgo.com\/fr\/produit\/annuleur-davertissement-pour-del-5w\/","title":{"rendered":"Annuleur d&#8217;avertissement pour DEL 5W"},"content":{"rendered":"<p>Utilisez pour: 168, 194, 6411, 6418, DE3021, DE3022, DE3175, DE3423, DE3425,<br \/>\nCANBUS5W<\/p>\n<div id=\"themify_builder_content-14065\" data-postid=\"14065\" class=\"themify_builder_content themify_builder_content-14065 themify_builder\">\n    <\/div>\n<!-- \/themify_builder_content -->\n","protected":false},"excerpt":{"rendered":"<p>Utilisez l&#8217;annuleur d&#8217;avertissement LED Philips Vision pour supprimer les signaux d&#8217;erreur (clignotant, erreurs et d\u00e9fauts du tableau de bord) qui peuvent se produire pour certains v\u00e9hicules \u00e9quip\u00e9s du syst\u00e8me de contr\u00f4le CANbus lors de l&#8217;installation de votre ampoule LED.<br \/>\nPaquet de 2<br \/>\n<a href=\"https:\/\/fittingsgo.com\/wp-content\/uploads\/2020\/04\/CANBUS-PDF.pdf\" target=\"_blank\" rel=\"noopener noreferrer\">CANBUS-PDF<\/a> (en anglais seulement)<\/p>\n","protected":false},"featured_media":14062,"comment_status":"open","ping_status":"closed","template":"","meta":[],"product_brand":[],"product_cat":[597],"product_tag":[],"class_list":{"0":"post-14065","1":"product","2":"type-product","3":"status-publish","4":"has-post-thumbnail","6":"product_cat-ampoules-au-del","7":"has-post-title","8":"has-post-date","9":"has-post-category","10":"has-post-tag","11":"has-post-comment","12":"has-post-author","13":"","14":"fullcover","16":"first","17":"instock","18":"taxable","19":"shipping-taxable","20":"purchasable","21":"product-type-simple"},"jetpack_sharing_enabled":true,"builder_content":"","_links":{"self":[{"href":"https:\/\/fittingsgo.com\/fr\/wp-json\/wp\/v2\/product\/14065","targetHints":{"allow":["GET"]}}],"collection":[{"href":"https:\/\/fittingsgo.com\/fr\/wp-json\/wp\/v2\/product"}],"about":[{"href":"https:\/\/fittingsgo.com\/fr\/wp-json\/wp\/v2\/types\/product"}],"replies":[{"embeddable":true,"href":"https:\/\/fittingsgo.com\/fr\/wp-json\/wp\/v2\/comments?post=14065"}],"wp:featuredmedia":[{"embeddable":true,"href":"https:\/\/fittingsgo.com\/fr\/wp-json\/wp\/v2\/media\/14062"}],"wp:attachment":[{"href":"https:\/\/fittingsgo.com\/fr\/wp-json\/wp\/v2\/media?parent=14065"}],"wp:term":[{"taxonomy":"product_brand","embeddable":true,"href":"https:\/\/fittingsgo.com\/fr\/wp-json\/wp\/v2\/product_brand?post=14065"},{"taxonomy":"product_cat","embeddable":true,"href":"https:\/\/fittingsgo.com\/fr\/wp-json\/wp\/v2\/product_cat?post=14065"},{"taxonomy":"product_tag","embeddable":true,"href":"https:\/\/fittingsgo.com\/fr\/wp-json\/wp\/v2\/product_tag?post=14065"}],"curies":[{"name":"wp","href":"https:\/\/api.w.org\/{rel}","templated":true}]}}