{"id":12320,"date":"2020-03-26T11:22:49","date_gmt":"2020-03-26T16:22:49","guid":{"rendered":"https:\/\/fittingsgo.com\/product\/purple-ice-de-royal-purple\/"},"modified":"2020-08-08T08:02:50","modified_gmt":"2020-08-08T13:02:50","slug":"purple-ice-de-royal-purple","status":"publish","type":"product","link":"https:\/\/fittingsgo.com\/fr\/produit\/purple-ice-de-royal-purple\/","title":{"rendered":"\u00abPurple Ice\u00bb de Royal Purple"},"content":{"rendered":"<p>TEMP\u00c9RATURES DE REFROIDISSEMENT R\u00c9DUITES<\/p>\n<p>Des tests approfondis confirment que Purple Ice r\u00e9duit les temp\u00e9ratures du liquide de refroidissement mieux que des produits comparables tout en offrant une protection suppl\u00e9mentaire contre la corrosion. Par exemple, la temp\u00e9rature de fonctionnement moyenne d&#8217;un 350 c.i.d. Moteur V8 (\u00e9quip\u00e9 d&#8217;un thermostat 160 \u030a) lorsqu&#8217;il est test\u00e9 dynamiquement avec diff\u00e9rents liquides de refroidissement:<\/p>\n<p>AVANTAGES DE PERFORMANCE<\/p>\n<p>R\u00e9duit la tension superficielle du liquide de refroidissement pour permettre un plus grand transfert de chaleur, entra\u00eenant une baisse des temp\u00e9ratures du liquide de refroidissement<br \/>\nR\u00e9duit les points chauds dans le moteur et les culasses, r\u00e9duisant le risque de panne du moteur<br \/>\nAide \u00e0 pr\u00e9venir la surchauffe, maintient le syst\u00e8me propre et prolonge la dur\u00e9e de vie de la pompe \u00e0 eau<br \/>\nPurple Ice est s\u00fbr \u00e0 utiliser avec des m\u00e9langes contenant uniquement de l&#8217;eau ou de l&#8217;antigel\/de l&#8217;eau. Purple Ice est compatible avec les liquides de refroidissement d&#8217;origine et de remplacement d&#8217;origine, y compris les antigels \u00e0 dur\u00e9e de vie prolong\u00e9e<br \/>\nPurple Ice ne contient pas de glycol et est s\u00fbr et l\u00e9gal pour une utilisation sur piste<br \/>\nTAUX DE TRAITEMENT RECOMMAND\u00c9 *<\/p>\n<p>Pour une utilisation avec un m\u00e9lange antigel\/liquide de refroidissement 50\/50: 1 oz.\/litre de capacit\u00e9 du syst\u00e8me de refroidissement<br \/>\nPour une utilisation avec de l&#8217;eau pure ou un m\u00e9lange antigel\/liquide de refroidissement \u00e0 pourcentage d&#8217;eau plus \u00e9lev\u00e9: 2 oz.\/litre de capacit\u00e9 du syst\u00e8me de refroidissement<br \/>\n* Un minimum de 20% d&#8217;antigel est recommand\u00e9 dans les v\u00e9hicules routiers. Purple Ice n&#8217;offre pas de protection contre le gel. Utilisez une quantit\u00e9 appropri\u00e9e d&#8217;antigel pour les temp\u00e9ratures froides de votre r\u00e9gion.<br \/>\n21600<\/p>\n<div id=\"themify_builder_content-12320\" data-postid=\"12320\" class=\"themify_builder_content themify_builder_content-12320 themify_builder\">\n    <\/div>\n<!-- \/themify_builder_content -->\n","protected":false},"excerpt":{"rendered":"<p>\u00abPurple Ice\u00bb est un conditionneur de radiateur haute performance. Son inhibiteur de corrosion 2-en-1 et son agent mouillant avanc\u00e9s offrent une protection toute l&#8217;ann\u00e9e contre la corrosion et r\u00e9duisent la tension superficielle du liquide de refroidissement du radiateur pour aider \u00e0 r\u00e9duire les temp\u00e9ratures du moteur.<br \/>\n355 ml<\/p>\n","protected":false},"featured_media":12319,"comment_status":"open","ping_status":"closed","template":"","meta":[],"product_brand":[],"product_cat":[578],"product_tag":[],"class_list":{"0":"post-12320","1":"product","2":"type-product","3":"status-publish","4":"has-post-thumbnail","6":"product_cat-additifs-dantigel","7":"has-post-title","8":"has-post-date","9":"has-post-category","10":"has-post-tag","11":"has-post-comment","12":"has-post-author","13":"","14":"fullcover","16":"first","17":"instock","18":"taxable","19":"shipping-taxable","20":"purchasable","21":"product-type-simple"},"jetpack_sharing_enabled":true,"builder_content":"","_links":{"self":[{"href":"https:\/\/fittingsgo.com\/fr\/wp-json\/wp\/v2\/product\/12320","targetHints":{"allow":["GET"]}}],"collection":[{"href":"https:\/\/fittingsgo.com\/fr\/wp-json\/wp\/v2\/product"}],"about":[{"href":"https:\/\/fittingsgo.com\/fr\/wp-json\/wp\/v2\/types\/product"}],"replies":[{"embeddable":true,"href":"https:\/\/fittingsgo.com\/fr\/wp-json\/wp\/v2\/comments?post=12320"}],"wp:featuredmedia":[{"embeddable":true,"href":"https:\/\/fittingsgo.com\/fr\/wp-json\/wp\/v2\/media\/12319"}],"wp:attachment":[{"href":"https:\/\/fittingsgo.com\/fr\/wp-json\/wp\/v2\/media?parent=12320"}],"wp:term":[{"taxonomy":"product_brand","embeddable":true,"href":"https:\/\/fittingsgo.com\/fr\/wp-json\/wp\/v2\/product_brand?post=12320"},{"taxonomy":"product_cat","embeddable":true,"href":"https:\/\/fittingsgo.com\/fr\/wp-json\/wp\/v2\/product_cat?post=12320"},{"taxonomy":"product_tag","embeddable":true,"href":"https:\/\/fittingsgo.com\/fr\/wp-json\/wp\/v2\/product_tag?post=12320"}],"curies":[{"name":"wp","href":"https:\/\/api.w.org\/{rel}","templated":true}]}}