{"id":12316,"date":"2020-03-26T11:12:13","date_gmt":"2020-03-26T16:12:13","guid":{"rendered":"https:\/\/fittingsgo.com\/product\/fr-kleen-flo-eze-slide\/"},"modified":"2026-04-26T12:01:09","modified_gmt":"2026-04-26T17:01:09","slug":"fr-kleen-flo-eze-slide","status":"publish","type":"product","link":"https:\/\/fittingsgo.com\/fr\/produit\/fr-kleen-flo-eze-slide\/","title":{"rendered":"Kleen Flo EZE Slide"},"content":{"rendered":"<p>331<\/p>\n<div id=\"themify_builder_content-12316\" data-postid=\"12316\" class=\"themify_builder_content themify_builder_content-12316 themify_builder\">\n    <\/div>\n<!-- \/themify_builder_content -->\n","protected":false},"excerpt":{"rendered":"<p>Un lubrifiant \u00e0 base de silicone qui pr\u00e9vient la corrosion des goupilles de l&#8217;\u00e9trier, afin d&#8217;\u00e9viter une usure in\u00e9gale des plaquettes de freins.<br \/>\nFabriqu\u00e9 par Kleen-Flo<\/p>\n","protected":false},"featured_media":12315,"comment_status":"open","ping_status":"closed","template":"","meta":[],"product_brand":[],"product_cat":[302],"product_tag":[],"class_list":{"0":"post-12316","1":"product","2":"type-product","3":"status-publish","4":"has-post-thumbnail","6":"product_cat-graisses","7":"has-post-title","8":"has-post-date","9":"has-post-category","10":"has-post-tag","11":"has-post-comment","12":"has-post-author","13":"","14":"fullcover","16":"first","17":"instock","18":"taxable","19":"shipping-taxable","20":"purchasable","21":"product-type-simple"},"jetpack_sharing_enabled":true,"builder_content":"","_links":{"self":[{"href":"https:\/\/fittingsgo.com\/fr\/wp-json\/wp\/v2\/product\/12316","targetHints":{"allow":["GET"]}}],"collection":[{"href":"https:\/\/fittingsgo.com\/fr\/wp-json\/wp\/v2\/product"}],"about":[{"href":"https:\/\/fittingsgo.com\/fr\/wp-json\/wp\/v2\/types\/product"}],"replies":[{"embeddable":true,"href":"https:\/\/fittingsgo.com\/fr\/wp-json\/wp\/v2\/comments?post=12316"}],"wp:featuredmedia":[{"embeddable":true,"href":"https:\/\/fittingsgo.com\/fr\/wp-json\/wp\/v2\/media\/12315"}],"wp:attachment":[{"href":"https:\/\/fittingsgo.com\/fr\/wp-json\/wp\/v2\/media?parent=12316"}],"wp:term":[{"taxonomy":"product_brand","embeddable":true,"href":"https:\/\/fittingsgo.com\/fr\/wp-json\/wp\/v2\/product_brand?post=12316"},{"taxonomy":"product_cat","embeddable":true,"href":"https:\/\/fittingsgo.com\/fr\/wp-json\/wp\/v2\/product_cat?post=12316"},{"taxonomy":"product_tag","embeddable":true,"href":"https:\/\/fittingsgo.com\/fr\/wp-json\/wp\/v2\/product_tag?post=12316"}],"curies":[{"name":"wp","href":"https:\/\/api.w.org\/{rel}","templated":true}]}}