{"id":12307,"date":"2020-03-26T11:03:27","date_gmt":"2020-03-26T16:03:27","guid":{"rendered":"https:\/\/fittingsgo.com\/product\/huile-a-freins-synthetique-dot-3-de-lucas\/"},"modified":"2020-03-26T18:46:41","modified_gmt":"2020-03-26T23:46:41","slug":"liquide-de-freins-synthetique-dot-3-de-lucas","status":"publish","type":"product","link":"https:\/\/fittingsgo.com\/fr\/produit\/liquide-de-freins-synthetique-dot-3-de-lucas\/","title":{"rendered":"Liquide de freins synth\u00e9tique DOT 3 de Lucas"},"content":{"rendered":"<p>20825, 20826<\/p>\n<div id=\"themify_builder_content-12307\" data-postid=\"12307\" class=\"themify_builder_content themify_builder_content-12307 themify_builder\">\n    <\/div>\n<!-- \/themify_builder_content -->\n","protected":false},"excerpt":{"rendered":"<p>Les liquides de frein DOT 3 et DOT 4 de Lucas sont compatibles \u00e0 tous les \u00e9l\u00e9ments en caoutchouc des syst\u00e8mes de freinage et aux autres liquides de frein. Elles emp\u00eachent le durcissement ou le ramollissement des joints. Elles prot\u00e8gent contre la rouille et la corrosion et offre un excellent pouvoir lubrifiant. Ces liquides de frein<br \/>\nsont recommand\u00e9s pour les syst\u00e8mes de freins \u00e0 disque et de freins \u00e0 tambour et les syst\u00e8mes d\u2019embrayage pour lesquels ce type de produit est exig\u00e9.<\/p>\n","protected":false},"featured_media":12306,"comment_status":"open","ping_status":"closed","template":"","meta":[],"product_brand":[],"product_cat":[225],"product_tag":[],"class_list":{"0":"post-12307","1":"product","2":"type-product","3":"status-publish","4":"has-post-thumbnail","6":"product_cat-liquides-de-freins-et-lubrifiants","7":"has-post-title","8":"has-post-date","9":"has-post-category","10":"has-post-tag","11":"has-post-comment","12":"has-post-author","13":"","14":"fullcover","16":"first","17":"instock","18":"taxable","19":"shipping-taxable","20":"purchasable","21":"product-type-variable"},"jetpack_sharing_enabled":true,"builder_content":"","_links":{"self":[{"href":"https:\/\/fittingsgo.com\/fr\/wp-json\/wp\/v2\/product\/12307","targetHints":{"allow":["GET"]}}],"collection":[{"href":"https:\/\/fittingsgo.com\/fr\/wp-json\/wp\/v2\/product"}],"about":[{"href":"https:\/\/fittingsgo.com\/fr\/wp-json\/wp\/v2\/types\/product"}],"replies":[{"embeddable":true,"href":"https:\/\/fittingsgo.com\/fr\/wp-json\/wp\/v2\/comments?post=12307"}],"wp:featuredmedia":[{"embeddable":true,"href":"https:\/\/fittingsgo.com\/fr\/wp-json\/wp\/v2\/media\/12306"}],"wp:attachment":[{"href":"https:\/\/fittingsgo.com\/fr\/wp-json\/wp\/v2\/media?parent=12307"}],"wp:term":[{"taxonomy":"product_brand","embeddable":true,"href":"https:\/\/fittingsgo.com\/fr\/wp-json\/wp\/v2\/product_brand?post=12307"},{"taxonomy":"product_cat","embeddable":true,"href":"https:\/\/fittingsgo.com\/fr\/wp-json\/wp\/v2\/product_cat?post=12307"},{"taxonomy":"product_tag","embeddable":true,"href":"https:\/\/fittingsgo.com\/fr\/wp-json\/wp\/v2\/product_tag?post=12307"}],"curies":[{"name":"wp","href":"https:\/\/api.w.org\/{rel}","templated":true}]}}