{"id":12292,"date":"2020-03-25T22:05:57","date_gmt":"2020-03-26T03:05:57","guid":{"rendered":"https:\/\/fittingsgo.com\/product\/fr-atp-re-seal\/"},"modified":"2026-02-05T14:18:58","modified_gmt":"2026-02-05T19:18:58","slug":"fr-atp-re-seal","status":"publish","type":"product","link":"https:\/\/fittingsgo.com\/fr\/produit\/fr-atp-re-seal\/","title":{"rendered":"ATP Re-Seal"},"content":{"rendered":"<p>L&#8217;AT-205 Re-Seal est une fuite rapide, efficace et s\u00fbre pour tous les joints et joints en caoutchouc. La formulation exclusive restaure les joints us\u00e9s ou dess\u00e9ch\u00e9s et n&#8217;est pas nocive pour les roulements et composants internes.<br \/>\nAT-205, AT205, AT-205C, AT205C<\/p>\n<div id=\"themify_builder_content-12292\" data-postid=\"12292\" class=\"themify_builder_content themify_builder_content-12292 themify_builder\">\n    <\/div>\n<!-- \/themify_builder_content -->\n","protected":false},"excerpt":{"rendered":"<p>Arr\u00eate les fuites dans:<br \/>\nMoteur &#8211; essence et diesel<br \/>\nTransmission &#8211; automatique et manuelle<br \/>\nDirection assist\u00e9e &#8211; cr\u00e9maill\u00e8re et bo\u00eetier de direction<br \/>\nDiff\u00e9rentiel &#8211; conventionnel, glissement limit\u00e9 et casier<br \/>\nSyst\u00e8mes hydrauliques &#8211; Charrues, \u00e9l\u00e9vateurs, crics et \u00e9quipement industriel<br \/>\n(Ne pas utiliser dans les freins)<br \/>\n236 ml<br \/>\nFabriqu\u00e9 par ATP Automotive<\/p>\n","protected":false},"featured_media":12291,"comment_status":"open","ping_status":"closed","template":"","meta":[],"product_brand":[],"product_cat":[563,555,575,569],"product_tag":[],"class_list":{"0":"post-12292","1":"product","2":"type-product","3":"status-publish","4":"has-post-thumbnail","6":"product_cat-additifs-huile","7":"product_cat-huile-engrenage","8":"product_cat-huile-de-servo-direction","9":"product_cat-huile-de-transmission-automatique","10":"has-post-title","11":"has-post-date","12":"has-post-category","13":"has-post-tag","14":"has-post-comment","15":"has-post-author","16":"","17":"fullcover","19":"first","20":"instock","21":"taxable","22":"shipping-taxable","23":"purchasable","24":"product-type-simple"},"jetpack_sharing_enabled":true,"builder_content":"","_links":{"self":[{"href":"https:\/\/fittingsgo.com\/fr\/wp-json\/wp\/v2\/product\/12292","targetHints":{"allow":["GET"]}}],"collection":[{"href":"https:\/\/fittingsgo.com\/fr\/wp-json\/wp\/v2\/product"}],"about":[{"href":"https:\/\/fittingsgo.com\/fr\/wp-json\/wp\/v2\/types\/product"}],"replies":[{"embeddable":true,"href":"https:\/\/fittingsgo.com\/fr\/wp-json\/wp\/v2\/comments?post=12292"}],"wp:featuredmedia":[{"embeddable":true,"href":"https:\/\/fittingsgo.com\/fr\/wp-json\/wp\/v2\/media\/12291"}],"wp:attachment":[{"href":"https:\/\/fittingsgo.com\/fr\/wp-json\/wp\/v2\/media?parent=12292"}],"wp:term":[{"taxonomy":"product_brand","embeddable":true,"href":"https:\/\/fittingsgo.com\/fr\/wp-json\/wp\/v2\/product_brand?post=12292"},{"taxonomy":"product_cat","embeddable":true,"href":"https:\/\/fittingsgo.com\/fr\/wp-json\/wp\/v2\/product_cat?post=12292"},{"taxonomy":"product_tag","embeddable":true,"href":"https:\/\/fittingsgo.com\/fr\/wp-json\/wp\/v2\/product_tag?post=12292"}],"curies":[{"name":"wp","href":"https:\/\/api.w.org\/{rel}","templated":true}]}}