{"id":12288,"date":"2020-03-25T21:54:42","date_gmt":"2020-03-26T02:54:42","guid":{"rendered":"https:\/\/fittingsgo.com\/product\/stop-fuites-dhuile-pour-engrenages-de-liqui-moly\/"},"modified":"2026-04-08T05:57:30","modified_gmt":"2026-04-08T10:57:30","slug":"stop-fuites-dhuile-pour-engrenages-de-liqui-moly","status":"publish","type":"product","link":"https:\/\/fittingsgo.com\/fr\/produit\/stop-fuites-dhuile-pour-engrenages-de-liqui-moly\/","title":{"rendered":"Stop fuites d\u2019huile pour engrenages de Liqui Moly"},"content":{"rendered":"<p>Champs d \u0301application:<br \/>\nPour bo\u00eetes de vitesses m\u00e9caniques, bo\u00eetes auxiliaires et diff\u00e9rentiels.<br \/>\nRemarque : Ne convient pas aux bo\u00eetes DSG, bo\u00eetes automatiques ainsi qu&#8217;aux diff\u00e9rentiels et motos avec embrayage \u00e0 bain d&#8217;huile.<br \/>\nUtilisation:<br \/>\nUn tube suffit pour jusqu&#8217;\u00e0 1 l d&#8217;huile de bo\u00eete de vitesses. En cas de remplissages d&#8217;huile de bo\u00eete de vi- tesses sup\u00e9rieurs, utiliser 2 tubes. L&#8217;adjonction peut s&#8217;effectuer \u00e0 tout moment de son choix. Pour garantir le succ\u00e8s, en ajouter lors de chaque vidange d&#8217;huile de bo\u00eete de vitesses. Remarque : Ne convient pas aux motos avec embrayage \u00e0 bain d&#8217;huile!<br \/>\nLM1042, LM20284<\/p>\n<div id=\"themify_builder_content-12288\" data-postid=\"12288\" class=\"themify_builder_content themify_builder_content-12288 themify_builder\">\n    <\/div>\n<!-- \/themify_builder_content -->\n","protected":false},"excerpt":{"rendered":"<p>Stoppe les pertes d&#8217;huile avec les bo\u00eetes de vitesses et diff\u00e9rentiels qui suintent. R\u00e9g\u00e9n\u00e8re les joints durcis en caoutchouc ou mati\u00e8re plastique. Plus de taches d&#8217;huile polluant l&#8217;environnement. Prot\u00e8ge les embrayages du salissement par huilage, emp\u00eache la lubrification d\u00e9fectueuse et les pannes de bo\u00eete de vitesses dues \u00e0 un niveau d&#8217;huile insuffisant.<br \/>\nFabriqu\u00e9 par Liqui Moly<\/p>\n","protected":false},"featured_media":12287,"comment_status":"open","ping_status":"closed","template":"","meta":[],"product_brand":[],"product_cat":[555],"product_tag":[],"class_list":{"0":"post-12288","1":"product","2":"type-product","3":"status-publish","4":"has-post-thumbnail","6":"product_cat-huile-engrenage","7":"has-post-title","8":"has-post-date","9":"has-post-category","10":"has-post-tag","11":"has-post-comment","12":"has-post-author","13":"","14":"fullcover","16":"first","17":"instock","18":"taxable","19":"shipping-taxable","20":"purchasable","21":"product-type-simple"},"jetpack_sharing_enabled":true,"builder_content":"","_links":{"self":[{"href":"https:\/\/fittingsgo.com\/fr\/wp-json\/wp\/v2\/product\/12288","targetHints":{"allow":["GET"]}}],"collection":[{"href":"https:\/\/fittingsgo.com\/fr\/wp-json\/wp\/v2\/product"}],"about":[{"href":"https:\/\/fittingsgo.com\/fr\/wp-json\/wp\/v2\/types\/product"}],"replies":[{"embeddable":true,"href":"https:\/\/fittingsgo.com\/fr\/wp-json\/wp\/v2\/comments?post=12288"}],"wp:featuredmedia":[{"embeddable":true,"href":"https:\/\/fittingsgo.com\/fr\/wp-json\/wp\/v2\/media\/12287"}],"wp:attachment":[{"href":"https:\/\/fittingsgo.com\/fr\/wp-json\/wp\/v2\/media?parent=12288"}],"wp:term":[{"taxonomy":"product_brand","embeddable":true,"href":"https:\/\/fittingsgo.com\/fr\/wp-json\/wp\/v2\/product_brand?post=12288"},{"taxonomy":"product_cat","embeddable":true,"href":"https:\/\/fittingsgo.com\/fr\/wp-json\/wp\/v2\/product_cat?post=12288"},{"taxonomy":"product_tag","embeddable":true,"href":"https:\/\/fittingsgo.com\/fr\/wp-json\/wp\/v2\/product_tag?post=12288"}],"curies":[{"name":"wp","href":"https:\/\/api.w.org\/{rel}","templated":true}]}}