{"id":12284,"date":"2020-03-25T21:45:23","date_gmt":"2020-03-26T02:45:23","guid":{"rendered":"https:\/\/fittingsgo.com\/product\/jeu-de-10-pc-triple-square-femelles\/"},"modified":"2020-06-20T07:41:53","modified_gmt":"2020-06-20T12:41:53","slug":"jeu-de-10-pc-triple-square-femelles","status":"publish","type":"product","link":"https:\/\/fittingsgo.com\/fr\/produit\/jeu-de-10-pc-triple-square-femelles\/","title":{"rendered":"Jeu de 10 PC \u00abtriple square\u00bb femelles"},"content":{"rendered":"<p>&#8211; La conception de la colonne universelle offre un ajustement plus serr\u00e9 sur les attaches de taille appropri\u00e9e pour un meilleur serrage.<br \/>\n&#8211; Fonctionne \u00e9galement sur les tailles SAE\/MET, 6pt, 12pt, \u00e9toile externe, carr\u00e9.<br \/>\n&#8211; La finition phosphate noir avec bords polis facilite la lecture des tailles.<br \/>\n&#8211; Construction en acier alli\u00e9 au chrome vanadium pour la r\u00e9sistance et la durabilit\u00e9.<br \/>\n&#8211; Rack de stockage pratique<br \/>\nW38194<\/p>\n<div id=\"themify_builder_content-12284\" data-postid=\"12284\" class=\"themify_builder_content themify_builder_content-12284 themify_builder\">\n    <\/div>\n<!-- \/themify_builder_content -->\n","protected":false},"excerpt":{"rendered":"<p>3\/8 PO. DR. DOUILLES MURALES MINCES<br \/>\n7mm, 8mm, 9mm, 10mm, 11mm, 13mm, 14mm, 16mm, 17mm, 18mm<br \/>\nFabriqu\u00e9 par Performance Tool<\/p>\n","protected":false},"featured_media":12283,"comment_status":"open","ping_status":"closed","template":"","meta":[],"product_brand":[],"product_cat":[236],"product_tag":[],"class_list":{"0":"post-12284","1":"product","2":"type-product","3":"status-publish","4":"has-post-thumbnail","6":"product_cat-jeux-de-douilles","7":"has-post-title","8":"has-post-date","9":"has-post-category","10":"has-post-tag","11":"has-post-comment","12":"has-post-author","13":"","14":"fullcover","16":"first","17":"onbackorder","18":"taxable","19":"shipping-taxable","20":"purchasable","21":"product-type-simple"},"jetpack_sharing_enabled":true,"builder_content":"","_links":{"self":[{"href":"https:\/\/fittingsgo.com\/fr\/wp-json\/wp\/v2\/product\/12284","targetHints":{"allow":["GET"]}}],"collection":[{"href":"https:\/\/fittingsgo.com\/fr\/wp-json\/wp\/v2\/product"}],"about":[{"href":"https:\/\/fittingsgo.com\/fr\/wp-json\/wp\/v2\/types\/product"}],"replies":[{"embeddable":true,"href":"https:\/\/fittingsgo.com\/fr\/wp-json\/wp\/v2\/comments?post=12284"}],"wp:featuredmedia":[{"embeddable":true,"href":"https:\/\/fittingsgo.com\/fr\/wp-json\/wp\/v2\/media\/12283"}],"wp:attachment":[{"href":"https:\/\/fittingsgo.com\/fr\/wp-json\/wp\/v2\/media?parent=12284"}],"wp:term":[{"taxonomy":"product_brand","embeddable":true,"href":"https:\/\/fittingsgo.com\/fr\/wp-json\/wp\/v2\/product_brand?post=12284"},{"taxonomy":"product_cat","embeddable":true,"href":"https:\/\/fittingsgo.com\/fr\/wp-json\/wp\/v2\/product_cat?post=12284"},{"taxonomy":"product_tag","embeddable":true,"href":"https:\/\/fittingsgo.com\/fr\/wp-json\/wp\/v2\/product_tag?post=12284"}],"curies":[{"name":"wp","href":"https:\/\/api.w.org\/{rel}","templated":true}]}}