{"id":12264,"date":"2020-03-24T22:34:34","date_gmt":"2020-03-25T03:34:34","guid":{"rendered":"https:\/\/fittingsgo.com\/product\/trousse-de-reparation-pour-pare-brise\/"},"modified":"2020-03-24T22:36:11","modified_gmt":"2020-03-25T03:36:11","slug":"trousse-de-reparation-pour-pare-brise","status":"publish","type":"product","link":"https:\/\/fittingsgo.com\/fr\/produit\/trousse-de-reparation-pour-pare-brise\/","title":{"rendered":"Trousse de r\u00e9paration pour pare-brise"},"content":{"rendered":"<p>Applications: \u00c9caillages mineurs et oeil-de-boeuf sur les pare-brise et autres vitres. Ne pas utiliser sur un pare-brise fissur\u00e9.<br \/>\n81546<\/p>\n<div id=\"themify_builder_content-12264\" data-postid=\"12264\" class=\"themify_builder_content themify_builder_content-12264 themify_builder\">\n    <\/div>\n<!-- \/themify_builder_content -->\n","protected":false},"excerpt":{"rendered":"<p>&#8211; R\u00e9paration \u00e9conomique des \u00e9gratignures et \u00e9toiles<br \/>\n&#8211; Torme une r\u00e9paration pratiquement invisible<br \/>\n&#8211; S\u00fbr et facile \u00e0 utiliser<br \/>\n&#8211; Aucun m\u00e9lange, chauffage, ni \u00e9quipement sp\u00e9cial requis<br \/>\n&#8211; Produit con\u00e7u pour l\u2019automobiliste<br \/>\nFabriqu\u00e9 par Permatex<\/p>\n","protected":false},"featured_media":12263,"comment_status":"open","ping_status":"closed","template":"","meta":[],"product_brand":[],"product_cat":[343],"product_tag":[],"class_list":{"0":"post-12264","1":"product","2":"type-product","3":"status-publish","4":"has-post-thumbnail","6":"product_cat-pieces-de-lave-glace","7":"has-post-title","8":"has-post-date","9":"has-post-category","10":"has-post-tag","11":"has-post-comment","12":"has-post-author","13":"","14":"fullcover","16":"first","17":"instock","18":"taxable","19":"shipping-taxable","20":"purchasable","21":"product-type-simple"},"jetpack_sharing_enabled":true,"builder_content":"","_links":{"self":[{"href":"https:\/\/fittingsgo.com\/fr\/wp-json\/wp\/v2\/product\/12264","targetHints":{"allow":["GET"]}}],"collection":[{"href":"https:\/\/fittingsgo.com\/fr\/wp-json\/wp\/v2\/product"}],"about":[{"href":"https:\/\/fittingsgo.com\/fr\/wp-json\/wp\/v2\/types\/product"}],"replies":[{"embeddable":true,"href":"https:\/\/fittingsgo.com\/fr\/wp-json\/wp\/v2\/comments?post=12264"}],"wp:featuredmedia":[{"embeddable":true,"href":"https:\/\/fittingsgo.com\/fr\/wp-json\/wp\/v2\/media\/12263"}],"wp:attachment":[{"href":"https:\/\/fittingsgo.com\/fr\/wp-json\/wp\/v2\/media?parent=12264"}],"wp:term":[{"taxonomy":"product_brand","embeddable":true,"href":"https:\/\/fittingsgo.com\/fr\/wp-json\/wp\/v2\/product_brand?post=12264"},{"taxonomy":"product_cat","embeddable":true,"href":"https:\/\/fittingsgo.com\/fr\/wp-json\/wp\/v2\/product_cat?post=12264"},{"taxonomy":"product_tag","embeddable":true,"href":"https:\/\/fittingsgo.com\/fr\/wp-json\/wp\/v2\/product_tag?post=12264"}],"curies":[{"name":"wp","href":"https:\/\/api.w.org\/{rel}","templated":true}]}}