{"id":12254,"date":"2020-03-24T22:13:12","date_gmt":"2020-03-25T03:13:12","guid":{"rendered":"https:\/\/fittingsgo.com\/product\/trousse-de-reparation-de-degivreur-de-lunette-arriere\/"},"modified":"2020-03-24T22:14:46","modified_gmt":"2020-03-25T03:14:46","slug":"trousse-de-reparation-de-degivreur-de-lunette-arriere","status":"publish","type":"product","link":"https:\/\/fittingsgo.com\/fr\/produit\/trousse-de-reparation-de-degivreur-de-lunette-arriere\/","title":{"rendered":"Trousse de r\u00e9paration de d\u00e9givreur de lunette arri\u00e8re"},"content":{"rendered":"<p>Contenu: Compos\u00e9 pour r\u00e9paration de la grille, adh\u00e9sif conducteur, lingette activatrice, brosse, pochoir, lingette imbib\u00e9e d\u2019alcool, papier abrasif<br \/>\net feuille d\u2019instructions.<br \/>\nApplications: Grilles et languettes de d\u00e9givreur de lunette arri\u00e8re.<br \/>\n09227<\/p>\n<div id=\"themify_builder_content-12254\" data-postid=\"12254\" class=\"themify_builder_content themify_builder_content-12254 themify_builder\">\n    <\/div>\n<!-- \/themify_builder_content -->\n","protected":false},"excerpt":{"rendered":"<p>&#8211; Trousse compl\u00e8te pour recoller la languette et r\u00e9parer la grille du d\u00e9givreur de lunette arri\u00e8re<br \/>\n&#8211; Comprend des composantes de grande qualit\u00e9 et des directives faciles \u00e0 suivre<br \/>\n&#8211; Conductivit\u00e9 \u00e9lectrique \u00e9lev\u00e9e<br \/>\n&#8211; Permet de r\u00e9parer les grilles de d\u00e9givreur \u00e9gratign\u00e9es ou bris\u00e9es<br \/>\n&#8211; Permet de recoller de fa\u00e7on permanente les languettes de d\u00e9givreur<br \/>\n&#8211; Les composants r\u00e9sistent \u00e0 des conditions climatiques extr\u00eames<br \/>\nFabriqu\u00e9 par Permatex<\/p>\n","protected":false},"featured_media":12253,"comment_status":"open","ping_status":"closed","template":"","meta":[],"product_brand":[],"product_cat":[343],"product_tag":[],"class_list":{"0":"post-12254","1":"product","2":"type-product","3":"status-publish","4":"has-post-thumbnail","6":"product_cat-pieces-de-lave-glace","7":"has-post-title","8":"has-post-date","9":"has-post-category","10":"has-post-tag","11":"has-post-comment","12":"has-post-author","13":"","14":"fullcover","16":"first","17":"instock","18":"taxable","19":"shipping-taxable","20":"purchasable","21":"product-type-simple"},"jetpack_sharing_enabled":true,"builder_content":"","_links":{"self":[{"href":"https:\/\/fittingsgo.com\/fr\/wp-json\/wp\/v2\/product\/12254","targetHints":{"allow":["GET"]}}],"collection":[{"href":"https:\/\/fittingsgo.com\/fr\/wp-json\/wp\/v2\/product"}],"about":[{"href":"https:\/\/fittingsgo.com\/fr\/wp-json\/wp\/v2\/types\/product"}],"replies":[{"embeddable":true,"href":"https:\/\/fittingsgo.com\/fr\/wp-json\/wp\/v2\/comments?post=12254"}],"wp:featuredmedia":[{"embeddable":true,"href":"https:\/\/fittingsgo.com\/fr\/wp-json\/wp\/v2\/media\/12253"}],"wp:attachment":[{"href":"https:\/\/fittingsgo.com\/fr\/wp-json\/wp\/v2\/media?parent=12254"}],"wp:term":[{"taxonomy":"product_brand","embeddable":true,"href":"https:\/\/fittingsgo.com\/fr\/wp-json\/wp\/v2\/product_brand?post=12254"},{"taxonomy":"product_cat","embeddable":true,"href":"https:\/\/fittingsgo.com\/fr\/wp-json\/wp\/v2\/product_cat?post=12254"},{"taxonomy":"product_tag","embeddable":true,"href":"https:\/\/fittingsgo.com\/fr\/wp-json\/wp\/v2\/product_tag?post=12254"}],"curies":[{"name":"wp","href":"https:\/\/api.w.org\/{rel}","templated":true}]}}