{"id":12250,"date":"2020-03-24T21:58:03","date_gmt":"2020-03-25T02:58:03","guid":{"rendered":"https:\/\/fittingsgo.com\/product\/anti-fuite-dhuile-de-liqui-moly\/"},"modified":"2020-03-24T22:04:03","modified_gmt":"2020-03-25T03:04:03","slug":"anti-fuite-dhuile-de-liqui-moly","status":"publish","type":"product","link":"https:\/\/fittingsgo.com\/fr\/produit\/anti-fuite-dhuile-de-liqui-moly\/","title":{"rendered":"Anti-fuite d&#8217;huile de Liqui Moly"},"content":{"rendered":"<p>Propri\u00e9t\u00e9s:<br \/>\n&#8211; emp\u00eache la formation de fum\u00e9e<br \/>\n&#8211; amortit les bruits du moteur<br \/>\n&#8211; entretient et r\u00e9g\u00e9n\u00e8re les joints en caoutchouc et en plastique<br \/>\n&#8211; r\u00e9duit la consommation d&#8217;huile<br \/>\n&#8211; emp\u00eache les fuites d&#8217;huile et la pollution<br \/>\nChamps d \u0301application:<br \/>\nIndiqu\u00e9 pour toutes les huiles courantes pour moteurs essence et diesel avec et sans filtre \u00e0 particules (FAP). Compatible avec catalyseur et turbocompresseur.<br \/>\nUtilisation:<br \/>\nUne bouteille de 300 ml traite jusqu&#8217;\u00e0 5 l d&#8217;huile moteur. Peut \u00eatre ajout\u00e9 \u00e0 tout moment. Apr\u00e8s l&#8217;ajout, amener le moteur \u00e0 temp\u00e9rature. L&#8217;effet d&#8217;\u00e9tanch\u00e9it\u00e9 se manifeste au bout de 600 \u00e0 800 km environ. Afin de garantir un effet \u00e0 long terme, nous recommandons de r\u00e9utiliser le produit \u00e0 des fins pr\u00e9ventives env. tous les 30 000 km.<\/p>\n<div id=\"themify_builder_content-12250\" data-postid=\"12250\" class=\"themify_builder_content themify_builder_content-12250 themify_builder\">\n    <\/div>\n<!-- \/themify_builder_content -->\n","protected":false},"excerpt":{"rendered":"<p>R\u00e9g\u00e9n\u00e8re les joints du moteur en caoutchouc et en plastique, comme par example les joints d\u2019arbres, les joints de queue de soupape, et emp\u00eache les fuites d\u2019huile sous le v\u00e9hicule. Emp\u00eache une dilution de l\u2019huile. R\u00e9duit les bruits du moteur et la consommation d\u2019huile s\u2019\u00e9chappant par les segments de piston et les guides de soupape.<br \/>\n300 ml<br \/>\nFabriqu\u00e9 par Liqui Moly<\/p>\n","protected":false},"featured_media":12249,"comment_status":"open","ping_status":"closed","template":"","meta":[],"product_brand":[],"product_cat":[563],"product_tag":[],"class_list":{"0":"post-12250","1":"product","2":"type-product","3":"status-publish","4":"has-post-thumbnail","6":"product_cat-additifs-huile","7":"has-post-title","8":"has-post-date","9":"has-post-category","10":"has-post-tag","11":"has-post-comment","12":"has-post-author","13":"","14":"fullcover","16":"first","17":"instock","18":"taxable","19":"shipping-taxable","20":"purchasable","21":"product-type-simple"},"jetpack_sharing_enabled":true,"builder_content":"","_links":{"self":[{"href":"https:\/\/fittingsgo.com\/fr\/wp-json\/wp\/v2\/product\/12250","targetHints":{"allow":["GET"]}}],"collection":[{"href":"https:\/\/fittingsgo.com\/fr\/wp-json\/wp\/v2\/product"}],"about":[{"href":"https:\/\/fittingsgo.com\/fr\/wp-json\/wp\/v2\/types\/product"}],"replies":[{"embeddable":true,"href":"https:\/\/fittingsgo.com\/fr\/wp-json\/wp\/v2\/comments?post=12250"}],"wp:featuredmedia":[{"embeddable":true,"href":"https:\/\/fittingsgo.com\/fr\/wp-json\/wp\/v2\/media\/12249"}],"wp:attachment":[{"href":"https:\/\/fittingsgo.com\/fr\/wp-json\/wp\/v2\/media?parent=12250"}],"wp:term":[{"taxonomy":"product_brand","embeddable":true,"href":"https:\/\/fittingsgo.com\/fr\/wp-json\/wp\/v2\/product_brand?post=12250"},{"taxonomy":"product_cat","embeddable":true,"href":"https:\/\/fittingsgo.com\/fr\/wp-json\/wp\/v2\/product_cat?post=12250"},{"taxonomy":"product_tag","embeddable":true,"href":"https:\/\/fittingsgo.com\/fr\/wp-json\/wp\/v2\/product_tag?post=12250"}],"curies":[{"name":"wp","href":"https:\/\/api.w.org\/{rel}","templated":true}]}}