{"id":12246,"date":"2020-03-24T21:49:43","date_gmt":"2020-03-25T02:49:43","guid":{"rendered":"https:\/\/fittingsgo.com\/product\/rince-moteur-de-kleen-flo\/"},"modified":"2020-03-24T21:51:48","modified_gmt":"2020-03-25T02:51:48","slug":"rince-moteur-de-kleen-flo","status":"publish","type":"product","link":"https:\/\/fittingsgo.com\/fr\/produit\/rince-moteur-de-kleen-flo\/","title":{"rendered":"Rince moteur de Kleen Flo"},"content":{"rendered":"<p>637<\/p>\n<div id=\"themify_builder_content-12246\" data-postid=\"12246\" class=\"themify_builder_content themify_builder_content-12246 themify_builder\">\n    <\/div>\n<!-- \/themify_builder_content -->\n","protected":false},"excerpt":{"rendered":"<p>Lors de changement d\u2019huile, nettoyez \u00e0 fond le moteur avant d\u2019utiliser de l\u2019huile neuve. Emp\u00eache les soupapes hydrauliques de coller, nettoie \u00e0 fond le cambouis, enl\u00e8ve le vernis des pistons permettant ainsi une meilleure circulation d\u2019huile.<br \/>\n350 ml<br \/>\nFabriqu\u00e9 par Kleen Flo<\/p>\n","protected":false},"featured_media":12245,"comment_status":"open","ping_status":"closed","template":"","meta":[],"product_brand":[],"product_cat":[563],"product_tag":[],"class_list":{"0":"post-12246","1":"product","2":"type-product","3":"status-publish","4":"has-post-thumbnail","6":"product_cat-additifs-huile","7":"has-post-title","8":"has-post-date","9":"has-post-category","10":"has-post-tag","11":"has-post-comment","12":"has-post-author","13":"","14":"fullcover","16":"first","17":"instock","18":"taxable","19":"shipping-taxable","20":"purchasable","21":"product-type-simple"},"jetpack_sharing_enabled":true,"builder_content":"","_links":{"self":[{"href":"https:\/\/fittingsgo.com\/fr\/wp-json\/wp\/v2\/product\/12246","targetHints":{"allow":["GET"]}}],"collection":[{"href":"https:\/\/fittingsgo.com\/fr\/wp-json\/wp\/v2\/product"}],"about":[{"href":"https:\/\/fittingsgo.com\/fr\/wp-json\/wp\/v2\/types\/product"}],"replies":[{"embeddable":true,"href":"https:\/\/fittingsgo.com\/fr\/wp-json\/wp\/v2\/comments?post=12246"}],"wp:featuredmedia":[{"embeddable":true,"href":"https:\/\/fittingsgo.com\/fr\/wp-json\/wp\/v2\/media\/12245"}],"wp:attachment":[{"href":"https:\/\/fittingsgo.com\/fr\/wp-json\/wp\/v2\/media?parent=12246"}],"wp:term":[{"taxonomy":"product_brand","embeddable":true,"href":"https:\/\/fittingsgo.com\/fr\/wp-json\/wp\/v2\/product_brand?post=12246"},{"taxonomy":"product_cat","embeddable":true,"href":"https:\/\/fittingsgo.com\/fr\/wp-json\/wp\/v2\/product_cat?post=12246"},{"taxonomy":"product_tag","embeddable":true,"href":"https:\/\/fittingsgo.com\/fr\/wp-json\/wp\/v2\/product_tag?post=12246"}],"curies":[{"name":"wp","href":"https:\/\/api.w.org\/{rel}","templated":true}]}}