{"id":12242,"date":"2020-03-24T21:41:57","date_gmt":"2020-03-25T02:41:57","guid":{"rendered":"https:\/\/fittingsgo.com\/product\/fr-tko-diesel\/"},"modified":"2020-05-03T22:54:04","modified_gmt":"2020-05-04T03:54:04","slug":"fr-tko-diesel","status":"publish","type":"product","link":"https:\/\/fittingsgo.com\/fr\/produit\/fr-tko-diesel\/","title":{"rendered":"TKO Diesel"},"content":{"rendered":"<p>888<\/p>\n<div id=\"themify_builder_content-12242\" data-postid=\"12242\" class=\"themify_builder_content themify_builder_content-12242 themify_builder\">\n    <\/div>\n<!-- \/themify_builder_content -->\n","protected":false},"excerpt":{"rendered":"<p>L\u2019avancement technologique de TKO Diesel procure des r\u00e9sultats fantastiques dans les voitures ou camions l\u00e9gers. Il nettoie les injecteurs, restaure la puissance, r\u00e9duit les \u00e9missions et augmente les \u00e9conomies de carburant en seulement une application.<br \/>\n475 ml<br \/>\nFabriqu\u00e9 par Kleen Flo<\/p>\n","protected":false},"featured_media":12241,"comment_status":"open","ping_status":"closed","template":"","meta":[],"product_brand":[],"product_cat":[629],"product_tag":[],"class_list":{"0":"post-12242","1":"product","2":"type-product","3":"status-publish","4":"has-post-thumbnail","6":"product_cat-additifs-de-diesel","7":"has-post-title","8":"has-post-date","9":"has-post-category","10":"has-post-tag","11":"has-post-comment","12":"has-post-author","13":"","14":"fullcover","16":"first","17":"instock","18":"taxable","19":"shipping-taxable","20":"purchasable","21":"product-type-simple"},"jetpack_sharing_enabled":true,"builder_content":"","_links":{"self":[{"href":"https:\/\/fittingsgo.com\/fr\/wp-json\/wp\/v2\/product\/12242","targetHints":{"allow":["GET"]}}],"collection":[{"href":"https:\/\/fittingsgo.com\/fr\/wp-json\/wp\/v2\/product"}],"about":[{"href":"https:\/\/fittingsgo.com\/fr\/wp-json\/wp\/v2\/types\/product"}],"replies":[{"embeddable":true,"href":"https:\/\/fittingsgo.com\/fr\/wp-json\/wp\/v2\/comments?post=12242"}],"wp:featuredmedia":[{"embeddable":true,"href":"https:\/\/fittingsgo.com\/fr\/wp-json\/wp\/v2\/media\/12241"}],"wp:attachment":[{"href":"https:\/\/fittingsgo.com\/fr\/wp-json\/wp\/v2\/media?parent=12242"}],"wp:term":[{"taxonomy":"product_brand","embeddable":true,"href":"https:\/\/fittingsgo.com\/fr\/wp-json\/wp\/v2\/product_brand?post=12242"},{"taxonomy":"product_cat","embeddable":true,"href":"https:\/\/fittingsgo.com\/fr\/wp-json\/wp\/v2\/product_cat?post=12242"},{"taxonomy":"product_tag","embeddable":true,"href":"https:\/\/fittingsgo.com\/fr\/wp-json\/wp\/v2\/product_tag?post=12242"}],"curies":[{"name":"wp","href":"https:\/\/api.w.org\/{rel}","templated":true}]}}