{"id":12238,"date":"2020-03-24T21:34:20","date_gmt":"2020-03-25T02:34:20","guid":{"rendered":"https:\/\/fittingsgo.com\/product\/tko-2000-mise-au-point-du-systeme-dessence-de-kleen-flo\/"},"modified":"2020-03-24T21:36:45","modified_gmt":"2020-03-25T02:36:45","slug":"tko-2000-mise-au-point-du-systeme-dessence-de-kleen-flo","status":"publish","type":"product","link":"https:\/\/fittingsgo.com\/fr\/produit\/tko-2000-mise-au-point-du-systeme-dessence-de-kleen-flo\/","title":{"rendered":"TKO 2000 Mise au point du syst\u00e8me d\u2019essence de Kleen Flo"},"content":{"rendered":"<p>835<\/p>\n<div id=\"themify_builder_content-12238\" data-postid=\"12238\" class=\"themify_builder_content themify_builder_content-12238 themify_builder\">\n    <\/div>\n<!-- \/themify_builder_content -->\n","protected":false},"excerpt":{"rendered":"<p>TKO 2000 est une formule extr\u00eamement concentr\u00e9e qui procure un nettoyage rapide des injecteurs d\u2019essence, soupapes d\u2019admission et des d\u00e9p\u00f4ts de la chambre \u00e0 combustion. TKO 2000 restaure, prot\u00e8ge et maximise la performance moteur des v\u00e9hicules \u00e0 essence.<br \/>\n475 ml<br \/>\nFabriqu\u00e9 par Kleen Flo<\/p>\n","protected":false},"featured_media":12237,"comment_status":"open","ping_status":"closed","template":"","meta":[],"product_brand":[],"product_cat":[267],"product_tag":[],"class_list":{"0":"post-12238","1":"product","2":"type-product","3":"status-publish","4":"has-post-thumbnail","6":"product_cat-additifs-essence","7":"has-post-title","8":"has-post-date","9":"has-post-category","10":"has-post-tag","11":"has-post-comment","12":"has-post-author","13":"","14":"fullcover","16":"first","17":"instock","18":"taxable","19":"shipping-taxable","20":"purchasable","21":"product-type-simple"},"jetpack_sharing_enabled":true,"builder_content":"","_links":{"self":[{"href":"https:\/\/fittingsgo.com\/fr\/wp-json\/wp\/v2\/product\/12238","targetHints":{"allow":["GET"]}}],"collection":[{"href":"https:\/\/fittingsgo.com\/fr\/wp-json\/wp\/v2\/product"}],"about":[{"href":"https:\/\/fittingsgo.com\/fr\/wp-json\/wp\/v2\/types\/product"}],"replies":[{"embeddable":true,"href":"https:\/\/fittingsgo.com\/fr\/wp-json\/wp\/v2\/comments?post=12238"}],"wp:featuredmedia":[{"embeddable":true,"href":"https:\/\/fittingsgo.com\/fr\/wp-json\/wp\/v2\/media\/12237"}],"wp:attachment":[{"href":"https:\/\/fittingsgo.com\/fr\/wp-json\/wp\/v2\/media?parent=12238"}],"wp:term":[{"taxonomy":"product_brand","embeddable":true,"href":"https:\/\/fittingsgo.com\/fr\/wp-json\/wp\/v2\/product_brand?post=12238"},{"taxonomy":"product_cat","embeddable":true,"href":"https:\/\/fittingsgo.com\/fr\/wp-json\/wp\/v2\/product_cat?post=12238"},{"taxonomy":"product_tag","embeddable":true,"href":"https:\/\/fittingsgo.com\/fr\/wp-json\/wp\/v2\/product_tag?post=12238"}],"curies":[{"name":"wp","href":"https:\/\/api.w.org\/{rel}","templated":true}]}}