{"id":12230,"date":"2020-03-24T21:12:23","date_gmt":"2020-03-25T02:12:23","guid":{"rendered":"https:\/\/fittingsgo.com\/product\/nettoyeur-a-carburateur-de-kleen-flo\/"},"modified":"2020-03-24T21:13:56","modified_gmt":"2020-03-25T02:13:56","slug":"nettoyeur-a-carburateur-de-kleen-flo","status":"publish","type":"product","link":"https:\/\/fittingsgo.com\/fr\/produit\/nettoyeur-a-carburateur-de-kleen-flo\/","title":{"rendered":"Nettoyeur \u00e0 carburateur de Kleen Flo"},"content":{"rendered":"<p>675<\/p>\n<div id=\"themify_builder_content-12230\" data-postid=\"12230\" class=\"themify_builder_content themify_builder_content-12230 themify_builder\">\n    <\/div>\n<!-- \/themify_builder_content -->\n","protected":false},"excerpt":{"rendered":"<p>Permet un nettoyage \u00e0 fond du gicleur \u00e0 carburateur en vous d\u00e9barrassant de la gomme et du vernis pendant que vous conduisez.<br \/>\n395 ml<br \/>\nFabriqu\u00e9 par Kleen Flo<\/p>\n","protected":false},"featured_media":12229,"comment_status":"open","ping_status":"closed","template":"","meta":[],"product_brand":[],"product_cat":[267],"product_tag":[],"class_list":{"0":"post-12230","1":"product","2":"type-product","3":"status-publish","4":"has-post-thumbnail","6":"product_cat-additifs-essence","7":"has-post-title","8":"has-post-date","9":"has-post-category","10":"has-post-tag","11":"has-post-comment","12":"has-post-author","13":"","14":"fullcover","16":"first","17":"instock","18":"taxable","19":"shipping-taxable","20":"purchasable","21":"product-type-simple"},"jetpack_sharing_enabled":true,"builder_content":"","_links":{"self":[{"href":"https:\/\/fittingsgo.com\/fr\/wp-json\/wp\/v2\/product\/12230","targetHints":{"allow":["GET"]}}],"collection":[{"href":"https:\/\/fittingsgo.com\/fr\/wp-json\/wp\/v2\/product"}],"about":[{"href":"https:\/\/fittingsgo.com\/fr\/wp-json\/wp\/v2\/types\/product"}],"replies":[{"embeddable":true,"href":"https:\/\/fittingsgo.com\/fr\/wp-json\/wp\/v2\/comments?post=12230"}],"wp:featuredmedia":[{"embeddable":true,"href":"https:\/\/fittingsgo.com\/fr\/wp-json\/wp\/v2\/media\/12229"}],"wp:attachment":[{"href":"https:\/\/fittingsgo.com\/fr\/wp-json\/wp\/v2\/media?parent=12230"}],"wp:term":[{"taxonomy":"product_brand","embeddable":true,"href":"https:\/\/fittingsgo.com\/fr\/wp-json\/wp\/v2\/product_brand?post=12230"},{"taxonomy":"product_cat","embeddable":true,"href":"https:\/\/fittingsgo.com\/fr\/wp-json\/wp\/v2\/product_cat?post=12230"},{"taxonomy":"product_tag","embeddable":true,"href":"https:\/\/fittingsgo.com\/fr\/wp-json\/wp\/v2\/product_tag?post=12230"}],"curies":[{"name":"wp","href":"https:\/\/api.w.org\/{rel}","templated":true}]}}