{"id":12226,"date":"2020-03-24T21:02:44","date_gmt":"2020-03-25T02:02:44","guid":{"rendered":"https:\/\/fittingsgo.com\/product\/liquide-de-servodirection-pour-honda-et-acura-de-kleen-flo\/"},"modified":"2020-03-24T21:06:24","modified_gmt":"2020-03-25T02:06:24","slug":"liquide-de-servodirection-pour-honda-et-acura-de-kleen-flo","status":"publish","type":"product","link":"https:\/\/fittingsgo.com\/fr\/produit\/liquide-de-servodirection-pour-honda-et-acura-de-kleen-flo\/","title":{"rendered":"Liquide de servodirection pour Honda et Acura de Kleen Flo"},"content":{"rendered":"<p>580<\/p>\n<div id=\"themify_builder_content-12226\" data-postid=\"12226\" class=\"themify_builder_content themify_builder_content-12226 themify_builder\">\n    <\/div>\n<!-- \/themify_builder_content -->\n","protected":false},"excerpt":{"rendered":"<p>Con\u00e7u afin de procurer une performance ainsi qu\u2019une protection maximum pour les syst\u00e8mes de Honda et Acura. Prot\u00e8ge les syst\u00e8mes de l\u2019usure de la pompe, de la corrosion et de la mousse, tout en procurant un fonctionnement doux et silencieux.<br \/>\n350 ml<br \/>\nFabriqu\u00e9 par Kleen Flo<\/p>\n","protected":false},"featured_media":12225,"comment_status":"open","ping_status":"closed","template":"","meta":[],"product_brand":[],"product_cat":[575],"product_tag":[],"class_list":{"0":"post-12226","1":"product","2":"type-product","3":"status-publish","4":"has-post-thumbnail","6":"product_cat-huile-de-servo-direction","7":"has-post-title","8":"has-post-date","9":"has-post-category","10":"has-post-tag","11":"has-post-comment","12":"has-post-author","13":"","14":"fullcover","16":"first","17":"instock","18":"taxable","19":"shipping-taxable","20":"purchasable","21":"product-type-simple"},"jetpack_sharing_enabled":true,"builder_content":"","_links":{"self":[{"href":"https:\/\/fittingsgo.com\/fr\/wp-json\/wp\/v2\/product\/12226","targetHints":{"allow":["GET"]}}],"collection":[{"href":"https:\/\/fittingsgo.com\/fr\/wp-json\/wp\/v2\/product"}],"about":[{"href":"https:\/\/fittingsgo.com\/fr\/wp-json\/wp\/v2\/types\/product"}],"replies":[{"embeddable":true,"href":"https:\/\/fittingsgo.com\/fr\/wp-json\/wp\/v2\/comments?post=12226"}],"wp:featuredmedia":[{"embeddable":true,"href":"https:\/\/fittingsgo.com\/fr\/wp-json\/wp\/v2\/media\/12225"}],"wp:attachment":[{"href":"https:\/\/fittingsgo.com\/fr\/wp-json\/wp\/v2\/media?parent=12226"}],"wp:term":[{"taxonomy":"product_brand","embeddable":true,"href":"https:\/\/fittingsgo.com\/fr\/wp-json\/wp\/v2\/product_brand?post=12226"},{"taxonomy":"product_cat","embeddable":true,"href":"https:\/\/fittingsgo.com\/fr\/wp-json\/wp\/v2\/product_cat?post=12226"},{"taxonomy":"product_tag","embeddable":true,"href":"https:\/\/fittingsgo.com\/fr\/wp-json\/wp\/v2\/product_tag?post=12226"}],"curies":[{"name":"wp","href":"https:\/\/api.w.org\/{rel}","templated":true}]}}