{"id":12222,"date":"2020-03-24T20:54:26","date_gmt":"2020-03-25T01:54:26","guid":{"rendered":"https:\/\/fittingsgo.com\/product\/huile-de-servodirection-entierement-synthetique-de-red-line\/"},"modified":"2020-03-24T20:57:21","modified_gmt":"2020-03-25T01:57:21","slug":"huile-de-servodirection-entierement-synthetique-de-red-line","status":"publish","type":"product","link":"https:\/\/fittingsgo.com\/fr\/produit\/huile-de-servodirection-entierement-synthetique-de-red-line\/","title":{"rendered":"Huile de servodirection enti\u00e8rement synth\u00e9tique de Red Line"},"content":{"rendered":"<p>RED LINE POWER STEERING FLUID satisfait aux exigences de remplissage de service de la plupart des constructeurs automobiles et peut \u00eatre utilis\u00e9 lorsque le constructeur demande tout liquide de transmission automatique tel que Dexron, Dexron II, II-E ou Dexron III, Ford Type-F, Mercon ou M2C138-CJ tel que requis par Ford, AMC, Toyota, Nissan, Lexus, Infiniti, Jaguar, VW, Mercedes-Benz, BMW, SAAB, Subaru, Volvo, Porsche, Mitsubishi, Mazda et bien d&#8217;autres.<\/p>\n<p>Ce fluide satisfait \u00e9galement les unit\u00e9s de direction assist\u00e9e n\u00e9cessitant GM PN 1050017 ou 1052884 (num\u00e9ro de sp\u00e9cification 9985010), le num\u00e9ro de sp\u00e9cification Chrysler 5931 et le num\u00e9ro de sp\u00e9cification Ford M2C33-F. Il satisfait \u00e9galement aux sp\u00e9cifications hydrauliques des pompes \u00e0 palettes Denison HF-O, Vickers et Sundstrand.<\/p>\n<p>Remplacement appropri\u00e9 pour le liquide de suralimentation Eaton, GM pt # 12345982, AC Delco pt # 10-4041, Ford pt # XL-4, Ford ESE-M99C115-A, Toyota pt # 08885-80108<br \/>\n30404<\/p>\n<div id=\"themify_builder_content-12222\" data-postid=\"12222\" class=\"themify_builder_content themify_builder_content-12222 themify_builder\">\n    <\/div>\n<!-- \/themify_builder_content -->\n","protected":false},"excerpt":{"rendered":"<p>&#8211; Meilleure protection contre l&#8217;usure, r\u00e9siste \u00e0 la d\u00e9gradation thermique, \u00e0 l&#8217;\u00e9vaporation et au moussage<br \/>\n&#8211; Fournit un d\u00e9bit de pompe \u00e9lev\u00e9 et continu, adapt\u00e9 \u00e0 la plupart des unit\u00e9s de direction assist\u00e9e<br \/>\n&#8211; Le fluide l\u00e9ger \u00e9vite la perte de puissance<br \/>\n&#8211; Viscosit\u00e9 haute temp\u00e9rature 50% plus \u00e9lev\u00e9e et 1\/5 de l&#8217;\u00e9vaporation haute temp\u00e9rature<br \/>\n&#8211; Une plus grande r\u00e9sistance \u00e0 la chaleur aide \u00e0 pr\u00e9venir les d\u00e9bordements<br \/>\n&#8211; Aide \u00e0 pr\u00e9venir la d\u00e9coloration de la direction \u00e0 haute temp\u00e9rature et la direction \u00e0 effort difficile \u00e0 basse temp\u00e9rature<br \/>\n&#8211; Compatible avec le p\u00e9trole et les synth\u00e9tiques<br \/>\n&#8211; 1\/4 de l&#8217;oxydation des fluides de direction assist\u00e9e p\u00e9troli\u00e8re<br \/>\n&#8211; Aide \u00e0 pr\u00e9venir les fuites et les grincements<br \/>\n946 ml<\/p>\n","protected":false},"featured_media":12221,"comment_status":"open","ping_status":"closed","template":"","meta":[],"product_brand":[],"product_cat":[575],"product_tag":[],"class_list":{"0":"post-12222","1":"product","2":"type-product","3":"status-publish","4":"has-post-thumbnail","6":"product_cat-huile-de-servo-direction","7":"has-post-title","8":"has-post-date","9":"has-post-category","10":"has-post-tag","11":"has-post-comment","12":"has-post-author","13":"","14":"fullcover","16":"first","17":"instock","18":"taxable","19":"shipping-taxable","20":"purchasable","21":"product-type-simple"},"jetpack_sharing_enabled":true,"builder_content":"","_links":{"self":[{"href":"https:\/\/fittingsgo.com\/fr\/wp-json\/wp\/v2\/product\/12222","targetHints":{"allow":["GET"]}}],"collection":[{"href":"https:\/\/fittingsgo.com\/fr\/wp-json\/wp\/v2\/product"}],"about":[{"href":"https:\/\/fittingsgo.com\/fr\/wp-json\/wp\/v2\/types\/product"}],"replies":[{"embeddable":true,"href":"https:\/\/fittingsgo.com\/fr\/wp-json\/wp\/v2\/comments?post=12222"}],"wp:featuredmedia":[{"embeddable":true,"href":"https:\/\/fittingsgo.com\/fr\/wp-json\/wp\/v2\/media\/12221"}],"wp:attachment":[{"href":"https:\/\/fittingsgo.com\/fr\/wp-json\/wp\/v2\/media?parent=12222"}],"wp:term":[{"taxonomy":"product_brand","embeddable":true,"href":"https:\/\/fittingsgo.com\/fr\/wp-json\/wp\/v2\/product_brand?post=12222"},{"taxonomy":"product_cat","embeddable":true,"href":"https:\/\/fittingsgo.com\/fr\/wp-json\/wp\/v2\/product_cat?post=12222"},{"taxonomy":"product_tag","embeddable":true,"href":"https:\/\/fittingsgo.com\/fr\/wp-json\/wp\/v2\/product_tag?post=12222"}],"curies":[{"name":"wp","href":"https:\/\/api.w.org\/{rel}","templated":true}]}}