{"id":12218,"date":"2020-03-23T22:02:43","date_gmt":"2020-03-24T03:02:43","guid":{"rendered":"https:\/\/fittingsgo.com\/product\/anti-fuites-pour-radiateurs-de-liqui-moly\/"},"modified":"2020-03-24T17:43:34","modified_gmt":"2020-03-24T22:43:34","slug":"anti-fuites-pour-radiateurs-de-liqui-moly","status":"publish","type":"product","link":"https:\/\/fittingsgo.com\/fr\/produit\/anti-fuites-pour-radiateurs-de-liqui-moly\/","title":{"rendered":"Anti-fuites pour radiateurs de Liqui Moly"},"content":{"rendered":"<p>Propri\u00e9t\u00e9s:<br \/>\n&#8211; compatible avec les additifs pour liquide de refroidissement et antigels courants<br \/>\n&#8211; convient aux radiateurs en aluminium<br \/>\n&#8211; \u00e9tanche durablement et s\u00fbrement les fissures<br \/>\ncapillaires et les petites fuites<br \/>\n&#8211; aucun effet ind\u00e9sirable sur la pompe \u00e0 eau ou le<br \/>\ncircuit de chauffage<br \/>\n&#8211; pour une utilisation pr\u00e9ventive<br \/>\nChamps d \u0301application:<br \/>\nPour colmater les petites fuites dans les circuits de r\u00e9frig\u00e9ration de VP, utilitaires, bus et deux-roues. Convient aussi pour les circuits d&#8217;eau de r\u00e9frig\u00e9ration comportant des filtres \u00e0 eau.<br \/>\nUtilisation<br \/>\nAgiter avant l&#8217;emploi. Verser le contenu dans le syst\u00e8me de refroidissement froid. Mettre le chauffage en marche. Rouler ensuite avec le v\u00e9hicule pendant au moins 10 minutes. Le contenu suffit pour traiter jusqu&#8217;\u00e0 10 l de liquide de refroidissement.<br \/>\nLM20132, LM20332<\/p>\n<div id=\"themify_builder_content-12218\" data-postid=\"12218\" class=\"themify_builder_content themify_builder_content-12218 themify_builder\">\n    <\/div>\n<!-- \/themify_builder_content -->\n","protected":false},"excerpt":{"rendered":"<p>Dispersion destin\u00e9e \u00e0 \u00e9tanch\u00e9ifier les fuites des circuits d&#8217;eau de refroidissement dans le secteur automobile. Assure une \u00e9tanch\u00e9it\u00e9 parfaite des fissures et des fuites les plus minimes. L&#8217;additif peut \u00e9galement \u00eatre utilis\u00e9 de mani\u00e8re pr\u00e9ventive pour prot\u00e9ger les r\u00e9parations effectu\u00e9es sur le syst\u00e8me de refroidissement. La dispersion solide est stabilis\u00e9e dans un liquide porteur.<br \/>\n150 ml<\/p>\n","protected":false},"featured_media":12216,"comment_status":"open","ping_status":"closed","template":"","meta":[],"product_brand":[],"product_cat":[578],"product_tag":[],"class_list":{"0":"post-12218","1":"product","2":"type-product","3":"status-publish","4":"has-post-thumbnail","6":"product_cat-additifs-dantigel","7":"has-post-title","8":"has-post-date","9":"has-post-category","10":"has-post-tag","11":"has-post-comment","12":"has-post-author","13":"","14":"fullcover","16":"first","17":"instock","18":"taxable","19":"shipping-taxable","20":"purchasable","21":"product-type-simple"},"jetpack_sharing_enabled":true,"builder_content":"","_links":{"self":[{"href":"https:\/\/fittingsgo.com\/fr\/wp-json\/wp\/v2\/product\/12218","targetHints":{"allow":["GET"]}}],"collection":[{"href":"https:\/\/fittingsgo.com\/fr\/wp-json\/wp\/v2\/product"}],"about":[{"href":"https:\/\/fittingsgo.com\/fr\/wp-json\/wp\/v2\/types\/product"}],"replies":[{"embeddable":true,"href":"https:\/\/fittingsgo.com\/fr\/wp-json\/wp\/v2\/comments?post=12218"}],"wp:featuredmedia":[{"embeddable":true,"href":"https:\/\/fittingsgo.com\/fr\/wp-json\/wp\/v2\/media\/12216"}],"wp:attachment":[{"href":"https:\/\/fittingsgo.com\/fr\/wp-json\/wp\/v2\/media?parent=12218"}],"wp:term":[{"taxonomy":"product_brand","embeddable":true,"href":"https:\/\/fittingsgo.com\/fr\/wp-json\/wp\/v2\/product_brand?post=12218"},{"taxonomy":"product_cat","embeddable":true,"href":"https:\/\/fittingsgo.com\/fr\/wp-json\/wp\/v2\/product_cat?post=12218"},{"taxonomy":"product_tag","embeddable":true,"href":"https:\/\/fittingsgo.com\/fr\/wp-json\/wp\/v2\/product_tag?post=12218"}],"curies":[{"name":"wp","href":"https:\/\/api.w.org\/{rel}","templated":true}]}}