{"id":12213,"date":"2020-03-23T21:57:08","date_gmt":"2020-03-24T02:57:08","guid":{"rendered":"https:\/\/fittingsgo.com\/product\/nettoyant-radiateur-de-liqui-moly\/"},"modified":"2020-03-24T17:45:13","modified_gmt":"2020-03-24T22:45:13","slug":"nettoyant-radiateur-de-liqui-moly","status":"publish","type":"product","link":"https:\/\/fittingsgo.com\/fr\/produit\/nettoyant-radiateur-de-liqui-moly\/","title":{"rendered":"Nettoyant Radiateur de Liqui Moly"},"content":{"rendered":"<p>Champs d \u0301application:<br \/>\nConvient pour tous les circuits de refroidissement \u00e0 eau dans l&#8217;automobile, les bus ainsi qu&#8217;utilitaires.<\/p>\n<p>Utilisation:<br \/>\nAjouter le contenu \u00e0 l&#8217;eau de refroidissement. Mettre le chauffage en marche. Selon le degr\u00e9 d&#8217;encrassement, laisser tourner le moteur chaud pendant 10 \u00e0 30 minutes. Purger le nettoyang, rincer le syst\u00e8me de refroidissement \u00e0 l&#8217;eau. Remplir le syst\u00e8me de refroidissement selon les prescriptions du fabricant. Le contenu (300 ml) suffit pour 10 l d&#8217;eau.<br \/>\nLM2051, LM20336<\/p>\n<div id=\"themify_builder_content-12213\" data-postid=\"12213\" class=\"themify_builder_content themify_builder_content-12213 themify_builder\">\n    <\/div>\n<!-- \/themify_builder_content -->\n","protected":false},"excerpt":{"rendered":"<p>Concentr\u00e9 pour le nettoyage de circuits de refroidissement, en particulier dans les voitures. Dissout les encrassements huileux et calcaires dans les radiateurs, appareils de chauffage, conduites, ainsi que dans le moteur. Formule innovante d&#8217;agents complexants avec des substances actives nettoyantes.<br \/>\n300 ml<\/p>\n","protected":false},"featured_media":12212,"comment_status":"open","ping_status":"closed","template":"","meta":[],"product_brand":[],"product_cat":[578],"product_tag":[],"class_list":{"0":"post-12213","1":"product","2":"type-product","3":"status-publish","4":"has-post-thumbnail","6":"product_cat-additifs-dantigel","7":"has-post-title","8":"has-post-date","9":"has-post-category","10":"has-post-tag","11":"has-post-comment","12":"has-post-author","13":"","14":"fullcover","16":"first","17":"instock","18":"taxable","19":"shipping-taxable","20":"purchasable","21":"product-type-simple"},"jetpack_sharing_enabled":true,"builder_content":"","_links":{"self":[{"href":"https:\/\/fittingsgo.com\/fr\/wp-json\/wp\/v2\/product\/12213","targetHints":{"allow":["GET"]}}],"collection":[{"href":"https:\/\/fittingsgo.com\/fr\/wp-json\/wp\/v2\/product"}],"about":[{"href":"https:\/\/fittingsgo.com\/fr\/wp-json\/wp\/v2\/types\/product"}],"replies":[{"embeddable":true,"href":"https:\/\/fittingsgo.com\/fr\/wp-json\/wp\/v2\/comments?post=12213"}],"wp:featuredmedia":[{"embeddable":true,"href":"https:\/\/fittingsgo.com\/fr\/wp-json\/wp\/v2\/media\/12212"}],"wp:attachment":[{"href":"https:\/\/fittingsgo.com\/fr\/wp-json\/wp\/v2\/media?parent=12213"}],"wp:term":[{"taxonomy":"product_brand","embeddable":true,"href":"https:\/\/fittingsgo.com\/fr\/wp-json\/wp\/v2\/product_brand?post=12213"},{"taxonomy":"product_cat","embeddable":true,"href":"https:\/\/fittingsgo.com\/fr\/wp-json\/wp\/v2\/product_cat?post=12213"},{"taxonomy":"product_tag","embeddable":true,"href":"https:\/\/fittingsgo.com\/fr\/wp-json\/wp\/v2\/product_tag?post=12213"}],"curies":[{"name":"wp","href":"https:\/\/api.w.org\/{rel}","templated":true}]}}