{"id":12207,"date":"2020-03-23T21:41:46","date_gmt":"2020-03-24T02:41:46","guid":{"rendered":"https:\/\/fittingsgo.com\/product\/waterwetter-de-red-line\/"},"modified":"2020-03-23T21:46:06","modified_gmt":"2020-03-24T02:46:06","slug":"waterwetter-de-red-line","status":"publish","type":"product","link":"https:\/\/fittingsgo.com\/fr\/produit\/waterwetter-de-red-line\/","title":{"rendered":"\u00abWaterwetter\u00bb de Red Line"},"content":{"rendered":"<p>&#8211; Agent unique pour les syst\u00e8mes de refroidissement qui double la capacit\u00e9 de mouillage de l&#8217;eau<br \/>\n&#8211; La protection contre la rouille et la corrosion permet d&#8217;utiliser de l&#8217;eau pure en course ou des niveaux d&#8217;antigel r\u00e9duits dans les climats chauds<br \/>\n&#8211; Am\u00e9liore le transfert de chaleur et r\u00e9duit la temp\u00e9rature de la culasse<br \/>\n&#8211; Utilisez une bouteille pour la plupart des voitures particuli\u00e8res et des camions l\u00e9gers, traite 3 \u00e0 5 gallons ou 13,2 \u00e0 15,9 litres, les v\u00e9hicules avec des syst\u00e8mes de refroidissement plus grands devraient utiliser deux bouteilles, les petits syst\u00e8mes de refroidissement devraient utiliser 1 oz (3 \u00e0 4 bouchons) par litre<br \/>\n&#8211; Compatible avec l&#8217;antigel neuf ou d&#8217;occasion (y compris les versions DEX-COOL et longue dur\u00e9e de vie) pour am\u00e9liorer le transfert de chaleur des syst\u00e8mes d&#8217;\u00e9thyl\u00e8ne et de propyl\u00e8ne glycol<br \/>\n&#8211; R\u00e9pond aux tests de corrosion ASTM D2570 et ASTM D1384 pour les antigels \u00e0 base de glycol<br \/>\n&#8211; Ne contient pas d&#8217;\u00e9thyl\u00e8ne glycol<br \/>\n80204<\/p>\n<div id=\"themify_builder_content-12207\" data-postid=\"12207\" class=\"themify_builder_content themify_builder_content-12207 themify_builder\">\n    <\/div>\n<!-- \/themify_builder_content -->\n","protected":false},"excerpt":{"rendered":"<p>&#8211; Ce produit comprend un agent unique qui abaisse les temp\u00e9ratures en r\u00e9duisant ou en \u00e9liminant les bulles ou le pare-vapeur qui se forment sur les surfaces m\u00e9talliques chaudes.<br \/>\n&#8211; R\u00e9duit ou \u00e9limine les bulles ou le pare-vapeur qui se forment sur les surfaces m\u00e9talliques chaudes pour r\u00e9duire les temp\u00e9ratures du liquide de refroidissement jusqu&#8217;\u00e0 20\u00b0<br \/>\n&#8211; Propri\u00e9t\u00e9s de transfert de chaleur sup\u00e9rieures par rapport \u00e0 l&#8217;antigel \u00e0 base de glycol<br \/>\n&#8211; Am\u00e9liore le transfert de chaleur et r\u00e9duit la temp\u00e9rature de la culasse<br \/>\n&#8211; Con\u00e7u pour \u00eatre utilis\u00e9 avec tous les syst\u00e8mes de refroidissement modernes en aluminium, fonte, cuivre, laiton et bronze<br \/>\n&#8211; Nettoie et lubrifie les joints de pompe \u00e0 eau<br \/>\n&#8211; R\u00e9duit la cavitation et les complexes avec de l&#8217;eau dure pour r\u00e9duire l&#8217;entartrage<br \/>\n&#8211; N&#8217;abaisse pas le syst\u00e8me de refroidissement en dessous de la temp\u00e9rature thermostat\u00e9e<br \/>\n355 ml<\/p>\n","protected":false},"featured_media":12206,"comment_status":"open","ping_status":"closed","template":"","meta":[],"product_brand":[],"product_cat":[578],"product_tag":[],"class_list":{"0":"post-12207","1":"product","2":"type-product","3":"status-publish","4":"has-post-thumbnail","6":"product_cat-additifs-dantigel","7":"has-post-title","8":"has-post-date","9":"has-post-category","10":"has-post-tag","11":"has-post-comment","12":"has-post-author","13":"","14":"fullcover","16":"first","17":"instock","18":"taxable","19":"shipping-taxable","20":"purchasable","21":"product-type-simple"},"jetpack_sharing_enabled":true,"builder_content":"","_links":{"self":[{"href":"https:\/\/fittingsgo.com\/fr\/wp-json\/wp\/v2\/product\/12207","targetHints":{"allow":["GET"]}}],"collection":[{"href":"https:\/\/fittingsgo.com\/fr\/wp-json\/wp\/v2\/product"}],"about":[{"href":"https:\/\/fittingsgo.com\/fr\/wp-json\/wp\/v2\/types\/product"}],"replies":[{"embeddable":true,"href":"https:\/\/fittingsgo.com\/fr\/wp-json\/wp\/v2\/comments?post=12207"}],"wp:featuredmedia":[{"embeddable":true,"href":"https:\/\/fittingsgo.com\/fr\/wp-json\/wp\/v2\/media\/12206"}],"wp:attachment":[{"href":"https:\/\/fittingsgo.com\/fr\/wp-json\/wp\/v2\/media?parent=12207"}],"wp:term":[{"taxonomy":"product_brand","embeddable":true,"href":"https:\/\/fittingsgo.com\/fr\/wp-json\/wp\/v2\/product_brand?post=12207"},{"taxonomy":"product_cat","embeddable":true,"href":"https:\/\/fittingsgo.com\/fr\/wp-json\/wp\/v2\/product_cat?post=12207"},{"taxonomy":"product_tag","embeddable":true,"href":"https:\/\/fittingsgo.com\/fr\/wp-json\/wp\/v2\/product_tag?post=12207"}],"curies":[{"name":"wp","href":"https:\/\/api.w.org\/{rel}","templated":true}]}}