{"id":12203,"date":"2020-03-23T21:35:56","date_gmt":"2020-03-24T02:35:56","guid":{"rendered":"https:\/\/fittingsgo.com\/product\/super-coolant-de-lucas\/"},"modified":"2020-09-07T11:20:04","modified_gmt":"2020-09-07T16:20:04","slug":"super-coolant-de-lucas","status":"publish","type":"product","link":"https:\/\/fittingsgo.com\/fr\/produit\/super-coolant-de-lucas\/","title":{"rendered":"\u00abSuper Coolant\u00bb de Lucas"},"content":{"rendered":"<p>FORMULE SANS MOLYBDATE<br \/>\n20640<\/p>\n<div id=\"themify_builder_content-12203\" data-postid=\"12203\" class=\"themify_builder_content themify_builder_content-12203 themify_builder\">\n    <\/div>\n<!-- \/themify_builder_content -->\n","protected":false},"excerpt":{"rendered":"<p>Le super liquide de refroidissement de Lucas a \u00e9t\u00e9 scientifiquement formul\u00e9 pour offrir la plus grande protection dans les syst\u00e8mes de refroidissement des automobiles et des v\u00e9hicules de course. Il prot\u00e8ge le syst\u00e8me entier contre la rouille, la corrosion et l\u2019\u00e9lectrolyse, y compris pour l\u2019aluminium, et il s\u2019est r\u00e9v\u00e9l\u00e9 \u00eatre capable de r\u00e9duire les temp\u00e9ratures des liquides de refroidissement jusqu\u2019a 20 \u00b0F. Notre formule unique emp\u00eache les d\u00e9p\u00f4ts qui peuvent provoquer<br \/>\nla surchauffe. Une r\u00e9duction des temp\u00e9ratures de culasses signifie une meilleure avance \u00e0 l\u2019allumage et davantage de puissance.<br \/>\n473 ml<\/p>\n","protected":false},"featured_media":12200,"comment_status":"open","ping_status":"closed","template":"","meta":[],"product_brand":[],"product_cat":[578],"product_tag":[],"class_list":{"0":"post-12203","1":"product","2":"type-product","3":"status-publish","4":"has-post-thumbnail","6":"product_cat-additifs-dantigel","7":"has-post-title","8":"has-post-date","9":"has-post-category","10":"has-post-tag","11":"has-post-comment","12":"has-post-author","13":"","14":"fullcover","16":"first","17":"instock","18":"taxable","19":"shipping-taxable","20":"purchasable","21":"product-type-simple"},"jetpack_sharing_enabled":true,"builder_content":"","_links":{"self":[{"href":"https:\/\/fittingsgo.com\/fr\/wp-json\/wp\/v2\/product\/12203","targetHints":{"allow":["GET"]}}],"collection":[{"href":"https:\/\/fittingsgo.com\/fr\/wp-json\/wp\/v2\/product"}],"about":[{"href":"https:\/\/fittingsgo.com\/fr\/wp-json\/wp\/v2\/types\/product"}],"replies":[{"embeddable":true,"href":"https:\/\/fittingsgo.com\/fr\/wp-json\/wp\/v2\/comments?post=12203"}],"wp:featuredmedia":[{"embeddable":true,"href":"https:\/\/fittingsgo.com\/fr\/wp-json\/wp\/v2\/media\/12200"}],"wp:attachment":[{"href":"https:\/\/fittingsgo.com\/fr\/wp-json\/wp\/v2\/media?parent=12203"}],"wp:term":[{"taxonomy":"product_brand","embeddable":true,"href":"https:\/\/fittingsgo.com\/fr\/wp-json\/wp\/v2\/product_brand?post=12203"},{"taxonomy":"product_cat","embeddable":true,"href":"https:\/\/fittingsgo.com\/fr\/wp-json\/wp\/v2\/product_cat?post=12203"},{"taxonomy":"product_tag","embeddable":true,"href":"https:\/\/fittingsgo.com\/fr\/wp-json\/wp\/v2\/product_tag?post=12203"}],"curies":[{"name":"wp","href":"https:\/\/api.w.org\/{rel}","templated":true}]}}