{"id":12187,"date":"2020-03-23T21:13:32","date_gmt":"2020-03-24T02:13:32","guid":{"rendered":"https:\/\/fittingsgo.com\/product\/cooling-system-repair-de-bars-leaks\/"},"modified":"2020-09-07T11:23:13","modified_gmt":"2020-09-07T16:23:13","slug":"cooling-system-repair-de-bars-leaks","status":"publish","type":"product","link":"https:\/\/fittingsgo.com\/fr\/produit\/cooling-system-repair-de-bars-leaks\/","title":{"rendered":"\u00abCooling System Repair\u00bb de Bar&#8217;s Leaks"},"content":{"rendered":"<p>DIRECTIONS<\/p>\n<p>REMARQUE: Les syst\u00e8mes de refroidissement sales ou partiellement obstru\u00e9s doivent \u00eatre rinc\u00e9s avant utilisation. Prot\u00e9ger du gel.<\/p>\n<p>Installez uniquement dans un moteur froid. Bien agiter. Versez le contenu entier de la bouteille \u00e0 double chambre directement dans le radiateur. Si l&#8217;acc\u00e8s direct au radiateur n&#8217;est pas disponible, installer dans le r\u00e9servoir \/ r\u00e9servoir de trop-plein. Remplissez le r\u00e9servoir de trop-plein du radiateur au niveau appropri\u00e9 et r\u00e9installez le bouchon. Faire tourner \/ tourner le moteur au ralenti pendant 15 minutes. Si la fuite persiste, une deuxi\u00e8me application peut \u00eatre n\u00e9cessaire ou une attention m\u00e9canique est n\u00e9cessaire. Laissez la r\u00e9paration du syst\u00e8me de refroidissement dans le syst\u00e8me de refroidissement pour une protection continue. Selon le probl\u00e8me du syst\u00e8me de refroidissement, les r\u00e9sultats seront imm\u00e9diats ou visibles dans les deux (2) jours ou 100 miles de conduite.<br \/>\n1150<\/p>\n<div id=\"themify_builder_content-12187\" data-postid=\"12187\" class=\"themify_builder_content themify_builder_content-12187 themify_builder\">\n    <\/div>\n<!-- \/themify_builder_content -->\n","protected":false},"excerpt":{"rendered":"<p>Bar&#8217;s Leaks Cooling System Repair a deux fois les performances de r\u00e9paration du syst\u00e8me de refroidissement des autres produits en arr\u00eatant non seulement les fuites du syst\u00e8me de refroidissement, mais en ajoutant \u00e9galement une protection future. Il est scientifiquement formul\u00e9 pour arr\u00eater les fuites de liquide de refroidissement, r\u00e9duisant ainsi les pertes d&#8217;antigel, tout en corrigeant d&#8217;autres probl\u00e8mes du syst\u00e8me de refroidissement et en aidant \u00e0 pr\u00e9venir les r\u00e9parations et les pannes co\u00fbteuses. De plus, Cooling System Repair contient Xtreme Cool, qui emp\u00eache la surchauffe et r\u00e9duit la temp\u00e9rature de l&#8217;eau.<br \/>\n500 ml<\/p>\n","protected":false},"featured_media":12184,"comment_status":"open","ping_status":"closed","template":"","meta":[],"product_brand":[],"product_cat":[578],"product_tag":[],"class_list":{"0":"post-12187","1":"product","2":"type-product","3":"status-publish","4":"has-post-thumbnail","6":"product_cat-additifs-dantigel","7":"has-post-title","8":"has-post-date","9":"has-post-category","10":"has-post-tag","11":"has-post-comment","12":"has-post-author","13":"","14":"fullcover","16":"first","17":"instock","18":"taxable","19":"shipping-taxable","20":"purchasable","21":"product-type-simple"},"jetpack_sharing_enabled":true,"builder_content":"","_links":{"self":[{"href":"https:\/\/fittingsgo.com\/fr\/wp-json\/wp\/v2\/product\/12187","targetHints":{"allow":["GET"]}}],"collection":[{"href":"https:\/\/fittingsgo.com\/fr\/wp-json\/wp\/v2\/product"}],"about":[{"href":"https:\/\/fittingsgo.com\/fr\/wp-json\/wp\/v2\/types\/product"}],"replies":[{"embeddable":true,"href":"https:\/\/fittingsgo.com\/fr\/wp-json\/wp\/v2\/comments?post=12187"}],"wp:featuredmedia":[{"embeddable":true,"href":"https:\/\/fittingsgo.com\/fr\/wp-json\/wp\/v2\/media\/12184"}],"wp:attachment":[{"href":"https:\/\/fittingsgo.com\/fr\/wp-json\/wp\/v2\/media?parent=12187"}],"wp:term":[{"taxonomy":"product_brand","embeddable":true,"href":"https:\/\/fittingsgo.com\/fr\/wp-json\/wp\/v2\/product_brand?post=12187"},{"taxonomy":"product_cat","embeddable":true,"href":"https:\/\/fittingsgo.com\/fr\/wp-json\/wp\/v2\/product_cat?post=12187"},{"taxonomy":"product_tag","embeddable":true,"href":"https:\/\/fittingsgo.com\/fr\/wp-json\/wp\/v2\/product_tag?post=12187"}],"curies":[{"name":"wp","href":"https:\/\/api.w.org\/{rel}","templated":true}]}}