{"id":12181,"date":"2020-03-23T21:09:05","date_gmt":"2020-03-24T02:09:05","guid":{"rendered":"https:\/\/fittingsgo.com\/product\/liquid-aluminum-de-bars-leaks\/"},"modified":"2026-02-05T14:18:58","modified_gmt":"2026-02-05T19:18:58","slug":"liquid-aluminum-de-bars-leaks","status":"publish","type":"product","link":"https:\/\/fittingsgo.com\/fr\/produit\/liquid-aluminum-de-bars-leaks\/","title":{"rendered":"\u00abLiquid Aluminum\u00bb de Bar&#8217;s Leaks"},"content":{"rendered":"<p>DIRECTIONS<\/p>\n<p>Laissez le moteur refroidir. Assurez-vous que le moteur est suffisamment froid pour que le bouchon du radiateur puisse \u00eatre retir\u00e9 en toute s\u00e9curit\u00e9.<br \/>\nBien agiter. Versez l&#8217;aluminium liquide de Bar\u2019s Leaks directement dans le radiateur. Une bouteille traite les syst\u00e8mes jusqu&#8217;\u00e0 4 gallons. Utilisez 1\/2 bouteille dans les moteurs 3 et 4 cylindres. CONSEIL: Si l&#8217;acc\u00e8s direct au radiateur n&#8217;est pas disponible, installez-le dans le r\u00e9servoir de trop-plein.<br \/>\nRemplissez le radiateur et le r\u00e9servoir de trop-plein au niveau appropri\u00e9 et r\u00e9installez le bouchon du radiateur.<br \/>\nFaire tourner \/ tourner le moteur au ralenti pendant 15 \u00e0 20 minutes. Si la fuite persiste, une deuxi\u00e8me application peut \u00eatre n\u00e9cessaire ou une attention m\u00e9canique est n\u00e9cessaire. Pour les fuites graves, comme un joint de culasse souffl\u00e9, il est recommand\u00e9 d&#8217;utiliser la r\u00e9paration de joint de culasse de Bar&#8217;s Leaks ou la r\u00e9paration de joint de culasse souffl\u00e9.<br \/>\nLaissez l&#8217;aluminium liquide de Bar&#8217;s Leaks dans le syst\u00e8me de refroidissement pour une protection continue.<br \/>\n1186<\/p>\n<div id=\"themify_builder_content-12181\" data-postid=\"12181\" class=\"themify_builder_content themify_builder_content-12181 themify_builder\">\n    <\/div>\n<!-- \/themify_builder_content -->\n","protected":false},"excerpt":{"rendered":"<p>L&#8217;aluminium liquide de Bar&#8217;s Leaks fait partie de notre gamme de nouvelle g\u00e9n\u00e9ration d&#8217;arr\u00eat des fuites qui non seulement scelle les fuites, mais conditionne \u00e9galement le syst\u00e8me. Avec cette formule, vous obtenez une solution \u00e0 votre probl\u00e8me imm\u00e9diat ainsi qu&#8217;un outil pr\u00e9ventif pour \u00e9viter les probl\u00e8mes futurs avec les fuites de radiateur et les fuites de liquide de refroidissement. Ce produit contient \u00e9galement Xtreme Cool \u2122, qui arr\u00eate la surchauffe et diminue consid\u00e9rablement la temp\u00e9rature de l&#8217;eau. La combinaison de ces deux \u00e9l\u00e9ments est garantie pour sceller facilement et en toute s\u00e9curit\u00e9 les fuites dans les radiateurs en plastique, en aluminium et en m\u00e9tal, les noyaux de chauffage, les joints et les bouchons de cong\u00e9lation.<br \/>\n500 ml<\/p>\n","protected":false},"featured_media":12176,"comment_status":"open","ping_status":"closed","template":"","meta":[],"product_brand":[],"product_cat":[578],"product_tag":[],"class_list":{"0":"post-12181","1":"product","2":"type-product","3":"status-publish","4":"has-post-thumbnail","6":"product_cat-additifs-dantigel","7":"has-post-title","8":"has-post-date","9":"has-post-category","10":"has-post-tag","11":"has-post-comment","12":"has-post-author","13":"","14":"fullcover","16":"first","17":"instock","18":"taxable","19":"shipping-taxable","20":"purchasable","21":"product-type-simple"},"jetpack_sharing_enabled":true,"builder_content":"","_links":{"self":[{"href":"https:\/\/fittingsgo.com\/fr\/wp-json\/wp\/v2\/product\/12181","targetHints":{"allow":["GET"]}}],"collection":[{"href":"https:\/\/fittingsgo.com\/fr\/wp-json\/wp\/v2\/product"}],"about":[{"href":"https:\/\/fittingsgo.com\/fr\/wp-json\/wp\/v2\/types\/product"}],"replies":[{"embeddable":true,"href":"https:\/\/fittingsgo.com\/fr\/wp-json\/wp\/v2\/comments?post=12181"}],"wp:featuredmedia":[{"embeddable":true,"href":"https:\/\/fittingsgo.com\/fr\/wp-json\/wp\/v2\/media\/12176"}],"wp:attachment":[{"href":"https:\/\/fittingsgo.com\/fr\/wp-json\/wp\/v2\/media?parent=12181"}],"wp:term":[{"taxonomy":"product_brand","embeddable":true,"href":"https:\/\/fittingsgo.com\/fr\/wp-json\/wp\/v2\/product_brand?post=12181"},{"taxonomy":"product_cat","embeddable":true,"href":"https:\/\/fittingsgo.com\/fr\/wp-json\/wp\/v2\/product_cat?post=12181"},{"taxonomy":"product_tag","embeddable":true,"href":"https:\/\/fittingsgo.com\/fr\/wp-json\/wp\/v2\/product_tag?post=12181"}],"curies":[{"name":"wp","href":"https:\/\/api.w.org\/{rel}","templated":true}]}}