{"id":12173,"date":"2020-03-23T21:03:23","date_gmt":"2020-03-24T02:03:23","guid":{"rendered":"https:\/\/fittingsgo.com\/product\/pelletized-heavy-duty-stop-leak-de-bars-leaks\/"},"modified":"2020-03-23T21:05:37","modified_gmt":"2020-03-24T02:05:37","slug":"pelletized-heavy-duty-stop-leak-de-bars-leaks","status":"publish","type":"product","link":"https:\/\/fittingsgo.com\/fr\/produit\/pelletized-heavy-duty-stop-leak-de-bars-leaks\/","title":{"rendered":"\u00abPelletized Heavy Duty Stop Leak\u00bb de Bar&#8217;s Leaks"},"content":{"rendered":"<p>MODE D&#8217;EMPLOI (REMARQUE IMPORTANTE: les syst\u00e8mes de refroidissement sales ou partiellement bouch\u00e9s doivent \u00eatre rinc\u00e9s avant utilisation):<\/p>\n<p>Laissez le moteur refroidir pour pouvoir retirer le bouchon du radiateur en toute s\u00e9curit\u00e9.<br \/>\nBien agiter et verser directement dans le radiateur. Ne pas emballer les granules dans le radiateur. Les pastilles peuvent \u00eatre dissoutes au pr\u00e9alable si n\u00e9cessaire en les plongeant dans de l&#8217;eau chaude. Remarque: Si vous n&#8217;avez pas acc\u00e8s au radiateur, retirez le tuyau sup\u00e9rieur \u00e0 l&#8217;endroit o\u00f9 il se connecte au haut du radiateur et installez le produit dans le tuyau. Remettez le tuyau en place et serrez le collier.<br \/>\nRemplir le radiateur et le r\u00e9servoir de trop-plein au niveau appropri\u00e9, r\u00e9installer le bouchon du radiateur et conduire ou tourner le moteur au ralenti pendant 15 \u00e0 30 minutes.<br \/>\nLaissez le produit dans le syst\u00e8me de refroidissement pour un entretien pr\u00e9ventif. Utilisez une fois par an pour vous prot\u00e9ger contre le d\u00e9veloppement futur de fuites.<br \/>\nPLT11<\/p>\n<div id=\"themify_builder_content-12173\" data-postid=\"12173\" class=\"themify_builder_content themify_builder_content-12173 themify_builder\">\n    <\/div>\n<!-- \/themify_builder_content -->\n","protected":false},"excerpt":{"rendered":"<p>Notre formule granul\u00e9e originale et l\u00e9gendaire. Autrement dit, il s&#8217;agit de la formule d&#8217;arr\u00eat de radiateur en poudre, \u00e9prouv\u00e9e, rapide, efficace et facile \u00e0 utiliser, aussi simple pour un conducteur r\u00e9gulier que pour un m\u00e9canicien exp\u00e9riment\u00e9. Les solutions pratiques pour colmater les fuites de liquide de refroidissement ne devraient pas \u00eatre limit\u00e9es \u00e0 celles qui ont des connaissances avanc\u00e9es dans le domaine automobile, c&#8217;est pourquoi chaque produit de notre catalogue est con\u00e7u pour r\u00e9pondre aux besoins de quiconque prend le volant d&#8217;un v\u00e9hicule.<br \/>\n325 ml<\/p>\n","protected":false},"featured_media":12170,"comment_status":"open","ping_status":"closed","template":"","meta":[],"product_brand":[],"product_cat":[578],"product_tag":[],"class_list":{"0":"post-12173","1":"product","2":"type-product","3":"status-publish","4":"has-post-thumbnail","6":"product_cat-additifs-dantigel","7":"has-post-title","8":"has-post-date","9":"has-post-category","10":"has-post-tag","11":"has-post-comment","12":"has-post-author","13":"","14":"fullcover","16":"first","17":"instock","18":"taxable","19":"shipping-taxable","20":"purchasable","21":"product-type-simple"},"jetpack_sharing_enabled":true,"builder_content":"","_links":{"self":[{"href":"https:\/\/fittingsgo.com\/fr\/wp-json\/wp\/v2\/product\/12173","targetHints":{"allow":["GET"]}}],"collection":[{"href":"https:\/\/fittingsgo.com\/fr\/wp-json\/wp\/v2\/product"}],"about":[{"href":"https:\/\/fittingsgo.com\/fr\/wp-json\/wp\/v2\/types\/product"}],"replies":[{"embeddable":true,"href":"https:\/\/fittingsgo.com\/fr\/wp-json\/wp\/v2\/comments?post=12173"}],"wp:featuredmedia":[{"embeddable":true,"href":"https:\/\/fittingsgo.com\/fr\/wp-json\/wp\/v2\/media\/12170"}],"wp:attachment":[{"href":"https:\/\/fittingsgo.com\/fr\/wp-json\/wp\/v2\/media?parent=12173"}],"wp:term":[{"taxonomy":"product_brand","embeddable":true,"href":"https:\/\/fittingsgo.com\/fr\/wp-json\/wp\/v2\/product_brand?post=12173"},{"taxonomy":"product_cat","embeddable":true,"href":"https:\/\/fittingsgo.com\/fr\/wp-json\/wp\/v2\/product_cat?post=12173"},{"taxonomy":"product_tag","embeddable":true,"href":"https:\/\/fittingsgo.com\/fr\/wp-json\/wp\/v2\/product_tag?post=12173"}],"curies":[{"name":"wp","href":"https:\/\/api.w.org\/{rel}","templated":true}]}}