{"id":12167,"date":"2020-03-23T20:57:15","date_gmt":"2020-03-24T01:57:15","guid":{"rendered":"https:\/\/fittingsgo.com\/product\/radiator-stop-leak-tablets-de-bars-leaks\/"},"modified":"2020-03-23T20:59:08","modified_gmt":"2020-03-24T01:59:08","slug":"radiator-stop-leak-tablets-de-bars-leaks","status":"publish","type":"product","link":"https:\/\/fittingsgo.com\/fr\/produit\/radiator-stop-leak-tablets-de-bars-leaks\/","title":{"rendered":"\u00abRadiator Stop Leak Tablets\u00bb de Bar&#8217;s Leaks"},"content":{"rendered":"<p>DIRECTIONS<\/p>\n<p>REMARQUE: Les syst\u00e8mes de refroidissement sales ou partiellement obstru\u00e9s doivent absolument \u00eatre rinc\u00e9s avant utilisation.<\/p>\n<p>Retirez le bouchon du radiateur lorsque le moteur est froid.<br \/>\nInstallez deux (2) comprim\u00e9s dans le radiateur pour chaque gallon de capacit\u00e9 du syst\u00e8me de refroidissement. Si le v\u00e9hicule n&#8217;a pas de bouchon de radiateur ordinaire, retirez le tuyau sup\u00e9rieur \u00e0 l&#8217;endroit o\u00f9 il est attach\u00e9 au radiateur et ins\u00e9rez les comprim\u00e9s dans le tuyau, puis r\u00e9installez le tuyau. Les comprim\u00e9s peuvent \u00eatre \u00e9miett\u00e9s ou pr\u00e9-dissous pour une application plus facile. REMARQUE: la plupart des v\u00e9hicules utiliseront les six tablettes.<br \/>\nRemplissez le radiateur et le r\u00e9servoir au niveau appropri\u00e9.<br \/>\nR\u00e9installez le bouchon du radiateur.<br \/>\nFaire tourner \/ tourner le moteur au ralenti pendant 15 minutes \u00e0 temp\u00e9rature de fonctionnement normale.<br \/>\nSi la fuite persiste, une deuxi\u00e8me application peut \u00eatre n\u00e9cessaire.<br \/>\nHDC<\/p>\n<div id=\"themify_builder_content-12167\" data-postid=\"12167\" class=\"themify_builder_content themify_builder_content-12167 themify_builder\">\n    <\/div>\n<!-- \/themify_builder_content -->\n","protected":false},"excerpt":{"rendered":"<p>Les comprim\u00e9s de fuite de radiateur Bar&#8217;s Leaks emp\u00eachent la formation de rouille et de tartre, neutralisent le d\u00e9s\u00e9quilibre du pH, contr\u00f4lent l&#8217;\u00e9lectrolyse, lubrifient et scellent les fuites internes, externes et de liquide de refroidissement \u00e0 huile. Imaginez obtenir cette gamme d&#8217;efficacit\u00e9 dans un produit que vous pouvez acheter sur \u00e9tag\u00e8re plut\u00f4t que par le service que seul un m\u00e9canicien peut fournir. En fait, c&#8217;est le m\u00eame produit que celui utilis\u00e9 sur la cha\u00eene de montage par les constructeurs automobiles du monde entier depuis plus de 30 ans. Cette solution est le r\u00e9sultat de recherches et d&#8217;essais minutieux de la part de notre \u00e9quipe d&#8217;ing\u00e9nieurs chimistes de haut niveau. Ils travaillent chaque jour pour am\u00e9liorer les produits existants tels que nos comprim\u00e9s de r\u00e9paration de fuite de radiateur, ainsi que pour d\u00e9velopper de nouveaux produits pour suivre les derni\u00e8res innovations et technologies automobiles.<\/p>\n","protected":false},"featured_media":12166,"comment_status":"open","ping_status":"closed","template":"","meta":[],"product_brand":[],"product_cat":[578],"product_tag":[],"class_list":{"0":"post-12167","1":"product","2":"type-product","3":"status-publish","4":"has-post-thumbnail","6":"product_cat-additifs-dantigel","7":"has-post-title","8":"has-post-date","9":"has-post-category","10":"has-post-tag","11":"has-post-comment","12":"has-post-author","13":"","14":"fullcover","16":"first","17":"instock","18":"taxable","19":"shipping-taxable","20":"purchasable","21":"product-type-simple"},"jetpack_sharing_enabled":true,"builder_content":"","_links":{"self":[{"href":"https:\/\/fittingsgo.com\/fr\/wp-json\/wp\/v2\/product\/12167","targetHints":{"allow":["GET"]}}],"collection":[{"href":"https:\/\/fittingsgo.com\/fr\/wp-json\/wp\/v2\/product"}],"about":[{"href":"https:\/\/fittingsgo.com\/fr\/wp-json\/wp\/v2\/types\/product"}],"replies":[{"embeddable":true,"href":"https:\/\/fittingsgo.com\/fr\/wp-json\/wp\/v2\/comments?post=12167"}],"wp:featuredmedia":[{"embeddable":true,"href":"https:\/\/fittingsgo.com\/fr\/wp-json\/wp\/v2\/media\/12166"}],"wp:attachment":[{"href":"https:\/\/fittingsgo.com\/fr\/wp-json\/wp\/v2\/media?parent=12167"}],"wp:term":[{"taxonomy":"product_brand","embeddable":true,"href":"https:\/\/fittingsgo.com\/fr\/wp-json\/wp\/v2\/product_brand?post=12167"},{"taxonomy":"product_cat","embeddable":true,"href":"https:\/\/fittingsgo.com\/fr\/wp-json\/wp\/v2\/product_cat?post=12167"},{"taxonomy":"product_tag","embeddable":true,"href":"https:\/\/fittingsgo.com\/fr\/wp-json\/wp\/v2\/product_tag?post=12167"}],"curies":[{"name":"wp","href":"https:\/\/api.w.org\/{rel}","templated":true}]}}