{"id":12155,"date":"2020-03-23T20:44:32","date_gmt":"2020-03-24T01:44:32","guid":{"rendered":"https:\/\/fittingsgo.com\/product\/radiator-stop-leak-2x-concentrate-de-bars-leaks\/"},"modified":"2020-03-23T20:46:25","modified_gmt":"2020-03-24T01:46:25","slug":"radiator-stop-leak-2x-concentrate-de-bars-leaks","status":"publish","type":"product","link":"https:\/\/fittingsgo.com\/fr\/produit\/radiator-stop-leak-2x-concentrate-de-bars-leaks\/","title":{"rendered":"\u00abRadiator Stop Leak\u00bb 2X Concentrate de Bar&#8217;s Leaks"},"content":{"rendered":"<p>DIRECTIONS<\/p>\n<p>REMARQUE: Les syst\u00e8mes de refroidissement sales ou partiellement obstru\u00e9s doivent \u00eatre rinc\u00e9s avant utilisation.<\/p>\n<p>Bien agiter. Versez Stop Leak dans un radiateur frais. Si l&#8217;acc\u00e8s direct au radiateur n&#8217;est pas disponible, installer dans le r\u00e9servoir de trop-plein \/ r\u00e9servoir. Remplir le radiateur et le r\u00e9servoir de trop-plein au niveau appropri\u00e9 et r\u00e9installer le bouchon. Faire tourner \/ tourner le moteur au ralenti pendant 15 \u00e0 30 minutes. Si la fuite persiste, une deuxi\u00e8me application peut \u00eatre n\u00e9cessaire ou une attention m\u00e9canique est n\u00e9cessaire. Apr\u00e8s une installation r\u00e9ussie, laissez les fuites de Bar dans le syst\u00e8me de refroidissement pour une protection continue.<br \/>\n1194<\/p>\n<div id=\"themify_builder_content-12155\" data-postid=\"12155\" class=\"themify_builder_content themify_builder_content-12155 themify_builder\">\n    <\/div>\n<!-- \/themify_builder_content -->\n","protected":false},"excerpt":{"rendered":"<p>Arr\u00eate et scelle les fuites d&#8217;antigel \/ de liquide de refroidissement. Le scellant concentr\u00e9 Bar&#8217;s Leaks Radiator Stop Leak 2X est sp\u00e9cialement con\u00e7u pour arr\u00eater les fuites et les gouttes mineures \u00e0 mod\u00e9r\u00e9es du syst\u00e8me de refroidissement caus\u00e9es par l&#8217;usure et l&#8217;\u00e2ge normaux du syst\u00e8me de refroidissement. Il fonctionne avec TOUS les types et couleurs de liquide de refroidissement antigel et \/ ou d&#8217;eau. Quel est l&#8217;un de nos engagements envers les clients: quel que soit le produit que vous choisissez, notre radiateur stop-fuite ou autre chose, vous pouvez \u00e9galement compter sur l&#8217;efficacit\u00e9 et la facilit\u00e9 d&#8217;utilisation. Aucune expertise automobile particuli\u00e8re n&#8217;est requise pour r\u00e9parer une fuite de radiateur avec Bar\u2019s Leaks.<br \/>\n177 ml<\/p>\n","protected":false},"featured_media":12152,"comment_status":"open","ping_status":"closed","template":"","meta":[],"product_brand":[],"product_cat":[578],"product_tag":[],"class_list":{"0":"post-12155","1":"product","2":"type-product","3":"status-publish","4":"has-post-thumbnail","6":"product_cat-additifs-dantigel","7":"has-post-title","8":"has-post-date","9":"has-post-category","10":"has-post-tag","11":"has-post-comment","12":"has-post-author","13":"","14":"fullcover","16":"first","17":"instock","18":"taxable","19":"shipping-taxable","20":"purchasable","21":"product-type-simple"},"jetpack_sharing_enabled":true,"builder_content":"","_links":{"self":[{"href":"https:\/\/fittingsgo.com\/fr\/wp-json\/wp\/v2\/product\/12155","targetHints":{"allow":["GET"]}}],"collection":[{"href":"https:\/\/fittingsgo.com\/fr\/wp-json\/wp\/v2\/product"}],"about":[{"href":"https:\/\/fittingsgo.com\/fr\/wp-json\/wp\/v2\/types\/product"}],"replies":[{"embeddable":true,"href":"https:\/\/fittingsgo.com\/fr\/wp-json\/wp\/v2\/comments?post=12155"}],"wp:featuredmedia":[{"embeddable":true,"href":"https:\/\/fittingsgo.com\/fr\/wp-json\/wp\/v2\/media\/12152"}],"wp:attachment":[{"href":"https:\/\/fittingsgo.com\/fr\/wp-json\/wp\/v2\/media?parent=12155"}],"wp:term":[{"taxonomy":"product_brand","embeddable":true,"href":"https:\/\/fittingsgo.com\/fr\/wp-json\/wp\/v2\/product_brand?post=12155"},{"taxonomy":"product_cat","embeddable":true,"href":"https:\/\/fittingsgo.com\/fr\/wp-json\/wp\/v2\/product_cat?post=12155"},{"taxonomy":"product_tag","embeddable":true,"href":"https:\/\/fittingsgo.com\/fr\/wp-json\/wp\/v2\/product_tag?post=12155"}],"curies":[{"name":"wp","href":"https:\/\/api.w.org\/{rel}","templated":true}]}}