{"id":12149,"date":"2020-03-23T20:37:24","date_gmt":"2020-03-24T01:37:24","guid":{"rendered":"https:\/\/fittingsgo.com\/product\/rad-flush-nettoie-en-10-minutes-de-kleen-flo\/"},"modified":"2020-03-23T20:39:40","modified_gmt":"2020-03-24T01:39:40","slug":"rad-flush-nettoie-en-10-minutes-de-kleen-flo","status":"publish","type":"product","link":"https:\/\/fittingsgo.com\/fr\/produit\/rad-flush-nettoie-en-10-minutes-de-kleen-flo\/","title":{"rendered":"Rad Flush Nettoie en 10 minutes de Kleen Flo"},"content":{"rendered":"<p>708<\/p>\n<div id=\"themify_builder_content-12149\" data-postid=\"12149\" class=\"themify_builder_content themify_builder_content-12149 themify_builder\">\n    <\/div>\n<!-- \/themify_builder_content -->\n","protected":false},"excerpt":{"rendered":"<p>Enl\u00e8ve les d\u00e9p\u00f4ts de rouille, tartre, et \u00e9cailles en 10 minutes. Assure une circulation efficace, permettant le maximum de chaleur durant l\u2019hiver et un refroidissement optimum en \u00e9t\u00e9.<br \/>\n450 ml<br \/>\nFabriqu\u00e9 par Kleen Flo<\/p>\n","protected":false},"featured_media":12148,"comment_status":"open","ping_status":"closed","template":"","meta":[],"product_brand":[],"product_cat":[578],"product_tag":[],"class_list":{"0":"post-12149","1":"product","2":"type-product","3":"status-publish","4":"has-post-thumbnail","6":"product_cat-additifs-dantigel","7":"has-post-title","8":"has-post-date","9":"has-post-category","10":"has-post-tag","11":"has-post-comment","12":"has-post-author","13":"","14":"fullcover","16":"first","17":"instock","18":"taxable","19":"shipping-taxable","20":"purchasable","21":"product-type-simple"},"jetpack_sharing_enabled":true,"builder_content":"","_links":{"self":[{"href":"https:\/\/fittingsgo.com\/fr\/wp-json\/wp\/v2\/product\/12149","targetHints":{"allow":["GET"]}}],"collection":[{"href":"https:\/\/fittingsgo.com\/fr\/wp-json\/wp\/v2\/product"}],"about":[{"href":"https:\/\/fittingsgo.com\/fr\/wp-json\/wp\/v2\/types\/product"}],"replies":[{"embeddable":true,"href":"https:\/\/fittingsgo.com\/fr\/wp-json\/wp\/v2\/comments?post=12149"}],"wp:featuredmedia":[{"embeddable":true,"href":"https:\/\/fittingsgo.com\/fr\/wp-json\/wp\/v2\/media\/12148"}],"wp:attachment":[{"href":"https:\/\/fittingsgo.com\/fr\/wp-json\/wp\/v2\/media?parent=12149"}],"wp:term":[{"taxonomy":"product_brand","embeddable":true,"href":"https:\/\/fittingsgo.com\/fr\/wp-json\/wp\/v2\/product_brand?post=12149"},{"taxonomy":"product_cat","embeddable":true,"href":"https:\/\/fittingsgo.com\/fr\/wp-json\/wp\/v2\/product_cat?post=12149"},{"taxonomy":"product_tag","embeddable":true,"href":"https:\/\/fittingsgo.com\/fr\/wp-json\/wp\/v2\/product_tag?post=12149"}],"curies":[{"name":"wp","href":"https:\/\/api.w.org\/{rel}","templated":true}]}}