{"id":12143,"date":"2020-03-23T18:30:45","date_gmt":"2020-03-23T23:30:45","guid":{"rendered":"https:\/\/fittingsgo.com\/product\/huile-pour-systeme-hydraulique-central-de-liqui-moly\/"},"modified":"2024-01-29T12:35:40","modified_gmt":"2024-01-29T17:35:40","slug":"huile-pour-systeme-hydraulique-central-de-liqui-moly","status":"publish","type":"product","link":"https:\/\/fittingsgo.com\/fr\/produit\/huile-pour-systeme-hydraulique-central-de-liqui-moly\/","title":{"rendered":"Huile pour syst\u00e8me hydraulique central de Liqui Moly CHF 11S"},"content":{"rendered":"<p>MAN M 3289<br \/>\nBMW 81 22 9 407 758<br \/>\nFiat 9.55550-AG3<br \/>\nFord WSS-M2C 204-A<br \/>\nMB 345.0<br \/>\nOpel 1940 766<br \/>\nVW G 002 000<br \/>\nVW G 004 000<br \/>\nZF TE-ML 02K<br \/>\nCHF11S<br \/>\nLM20038<\/p>\n<div id=\"themify_builder_content-12143\" data-postid=\"12143\" class=\"themify_builder_content themify_builder_content-12143 themify_builder\">\n    <\/div>\n<!-- \/themify_builder_content -->\n","protected":false},"excerpt":{"rendered":"<p>Pour l&#8217;utilisation dans des syst\u00e8mes hydrauliques centraux (commande de capote \u00e9lectro hydraulique, verrouillage centralis\u00e9, syst\u00e8mes de stabilit\u00e9 et de traction), entra\u00eenements hydrostatiques, correction d&#8217;assiette, suspension hydropneumatique ainsi qu&#8217;amortissement et direction.<br \/>\n1 L<\/p>\n","protected":false},"featured_media":12142,"comment_status":"open","ping_status":"closed","template":"","meta":[],"product_brand":[],"product_cat":[575],"product_tag":[],"class_list":{"0":"post-12143","1":"product","2":"type-product","3":"status-publish","4":"has-post-thumbnail","6":"product_cat-huile-de-servo-direction","7":"has-post-title","8":"has-post-date","9":"has-post-category","10":"has-post-tag","11":"has-post-comment","12":"has-post-author","13":"","14":"fullcover","16":"first","17":"instock","18":"taxable","19":"shipping-taxable","20":"purchasable","21":"product-type-simple"},"jetpack_sharing_enabled":true,"builder_content":"","_links":{"self":[{"href":"https:\/\/fittingsgo.com\/fr\/wp-json\/wp\/v2\/product\/12143","targetHints":{"allow":["GET"]}}],"collection":[{"href":"https:\/\/fittingsgo.com\/fr\/wp-json\/wp\/v2\/product"}],"about":[{"href":"https:\/\/fittingsgo.com\/fr\/wp-json\/wp\/v2\/types\/product"}],"replies":[{"embeddable":true,"href":"https:\/\/fittingsgo.com\/fr\/wp-json\/wp\/v2\/comments?post=12143"}],"wp:featuredmedia":[{"embeddable":true,"href":"https:\/\/fittingsgo.com\/fr\/wp-json\/wp\/v2\/media\/12142"}],"wp:attachment":[{"href":"https:\/\/fittingsgo.com\/fr\/wp-json\/wp\/v2\/media?parent=12143"}],"wp:term":[{"taxonomy":"product_brand","embeddable":true,"href":"https:\/\/fittingsgo.com\/fr\/wp-json\/wp\/v2\/product_brand?post=12143"},{"taxonomy":"product_cat","embeddable":true,"href":"https:\/\/fittingsgo.com\/fr\/wp-json\/wp\/v2\/product_cat?post=12143"},{"taxonomy":"product_tag","embeddable":true,"href":"https:\/\/fittingsgo.com\/fr\/wp-json\/wp\/v2\/product_tag?post=12143"}],"curies":[{"name":"wp","href":"https:\/\/api.w.org\/{rel}","templated":true}]}}