{"id":12137,"date":"2020-03-23T18:21:17","date_gmt":"2020-03-23T23:21:17","guid":{"rendered":"https:\/\/fittingsgo.com\/product\/beck-arnley-mineral-chf-202-ou-chf-11s-hydraulic-fluid\/"},"modified":"2020-03-23T18:23:06","modified_gmt":"2020-03-23T23:23:06","slug":"beck-arnley-mineral-chf-202-ou-chf-11s-hydraulic-fluid","status":"publish","type":"product","link":"https:\/\/fittingsgo.com\/fr\/produit\/beck-arnley-mineral-chf-202-ou-chf-11s-hydraulic-fluid\/","title":{"rendered":"Beck\/Arnley Min\u00e9ral CHF 202 ou CHF 11S Hydraulic Fluid"},"content":{"rendered":"<p>AUDI\/VOLKSWAGEN: G 004 000 M2, TL 52 146<br \/>\nBMW\/MINI:83 29 0 429 576<br \/>\nCHRYSLER\/DODGE\/JEEP: MS-11655<br \/>\nFORD: WSS-M2C204-A<br \/>\nJAGUAR: JLM21112<br \/>\nLAND ROVER: LR003401<br \/>\nMAN: M 3289<br \/>\nMERCEDES-BENZ: 001 989 24 03 10, MB 345.0<br \/>\nPORSCHE: 000 043 206 56, 000 043 305 74<br \/>\nSAAB: 93 16 0548<br \/>\nVOLVO: 30741424<br \/>\nZF: TE-ML 02K<br \/>\n252-0028, 2520028<\/p>\n<div id=\"themify_builder_content-12137\" data-postid=\"12137\" class=\"themify_builder_content themify_builder_content-12137 themify_builder\">\n    <\/div>\n<!-- \/themify_builder_content -->\n","protected":false},"excerpt":{"rendered":"<p>Le fluide hydraulique enti\u00e8rement synth\u00e9tique Beck\/Arnley Premium est une formulation de qualit\u00e9 sup\u00e9rieure d&#8217;additifs de pointe et d&#8217;huiles de base synth\u00e9tiques haute performance soigneusement s\u00e9lectionn\u00e9es pour des plaques signal\u00e9tiques europ\u00e9ennes sp\u00e9cifiques. Sp\u00e9cialement d\u00e9velopp\u00e9 pour une utilisation dans la commande de levier \u00e0 assistance hydraulique, la direction assist\u00e9e et<br \/>\namortisseurs.<br \/>\nSp\u00e9cifique aux v\u00e9hicules n\u00e9cessitant un fluide hydraulique CHF 11S.<br \/>\n1 L<\/p>\n","protected":false},"featured_media":12136,"comment_status":"open","ping_status":"closed","template":"","meta":[],"product_brand":[],"product_cat":[575],"product_tag":[],"class_list":{"0":"post-12137","1":"product","2":"type-product","3":"status-publish","4":"has-post-thumbnail","6":"product_cat-huile-de-servo-direction","7":"has-post-title","8":"has-post-date","9":"has-post-category","10":"has-post-tag","11":"has-post-comment","12":"has-post-author","13":"","14":"fullcover","16":"first","17":"outofstock","18":"taxable","19":"shipping-taxable","20":"purchasable","21":"product-type-simple"},"jetpack_sharing_enabled":true,"builder_content":"","_links":{"self":[{"href":"https:\/\/fittingsgo.com\/fr\/wp-json\/wp\/v2\/product\/12137","targetHints":{"allow":["GET"]}}],"collection":[{"href":"https:\/\/fittingsgo.com\/fr\/wp-json\/wp\/v2\/product"}],"about":[{"href":"https:\/\/fittingsgo.com\/fr\/wp-json\/wp\/v2\/types\/product"}],"replies":[{"embeddable":true,"href":"https:\/\/fittingsgo.com\/fr\/wp-json\/wp\/v2\/comments?post=12137"}],"wp:featuredmedia":[{"embeddable":true,"href":"https:\/\/fittingsgo.com\/fr\/wp-json\/wp\/v2\/media\/12136"}],"wp:attachment":[{"href":"https:\/\/fittingsgo.com\/fr\/wp-json\/wp\/v2\/media?parent=12137"}],"wp:term":[{"taxonomy":"product_brand","embeddable":true,"href":"https:\/\/fittingsgo.com\/fr\/wp-json\/wp\/v2\/product_brand?post=12137"},{"taxonomy":"product_cat","embeddable":true,"href":"https:\/\/fittingsgo.com\/fr\/wp-json\/wp\/v2\/product_cat?post=12137"},{"taxonomy":"product_tag","embeddable":true,"href":"https:\/\/fittingsgo.com\/fr\/wp-json\/wp\/v2\/product_tag?post=12137"}],"curies":[{"name":"wp","href":"https:\/\/api.w.org\/{rel}","templated":true}]}}