{"id":12133,"date":"2020-03-23T18:10:06","date_gmt":"2020-03-23T23:10:06","guid":{"rendered":"https:\/\/fittingsgo.com\/product\/beck-arnley-mineral-chf-7-1-hydraulic-fluid\/"},"modified":"2020-06-10T20:25:14","modified_gmt":"2020-06-11T01:25:14","slug":"beck-arnley-mineral-chf-7-1-hydraulic-fluid","status":"publish","type":"product","link":"https:\/\/fittingsgo.com\/fr\/produit\/beck-arnley-mineral-chf-7-1-hydraulic-fluid\/","title":{"rendered":"Beck\/Arnley Min\u00e9ral CHF 7.1 Hydraulic Fluid"},"content":{"rendered":"<p>AUDI\/VOLKSWAGEN: A0E 041 020 10<br \/>\nBMW: 81 22 9 407 549<br \/>\nVOLVO: 1161371<br \/>\n252-0027, 2520027<\/p>\n<p>***ne doit pas \u00eatre m\u00e9lang\u00e9 avec des liquides \u00e0 base de glycol ou de silicone<br \/>\n(c&#8217;est-\u00e0-dire les liquides de frein DOT 3\/4\/5.1 or DOT5).***<\/p>\n<div id=\"themify_builder_content-12133\" data-postid=\"12133\" class=\"themify_builder_content themify_builder_content-12133 themify_builder\">\n    <\/div>\n<!-- \/themify_builder_content -->\n","protected":false},"excerpt":{"rendered":"<p>Le fluide hydraulique \u00e0 base d&#8217;huile min\u00e9rale Beck\/Arnley Premium est une formulation de qualit\u00e9 sup\u00e9rieure d&#8217;additifs puissants et d&#8217;huiles de base min\u00e9rales soigneusement s\u00e9lectionn\u00e9es pour des plaques signal\u00e9tiques europ\u00e9ennes sp\u00e9cifiques. D\u00e9velopp\u00e9 sp\u00e9cifiquement pour une utilisation<br \/>\ndans la commande centrale \u00e0 levier hydraulique, direction assist\u00e9e et amortisseurs.<br \/>\nSp\u00e9cifique aux v\u00e9hicules n\u00e9cessitant CHF 7.1 Fluide hydraulique.<br \/>\n1 L<\/p>\n","protected":false},"featured_media":12132,"comment_status":"open","ping_status":"closed","template":"","meta":[],"product_brand":[],"product_cat":[575],"product_tag":[],"class_list":{"0":"post-12133","1":"product","2":"type-product","3":"status-publish","4":"has-post-thumbnail","6":"product_cat-huile-de-servo-direction","7":"has-post-title","8":"has-post-date","9":"has-post-category","10":"has-post-tag","11":"has-post-comment","12":"has-post-author","13":"","14":"fullcover","16":"first","17":"outofstock","18":"taxable","19":"shipping-taxable","20":"purchasable","21":"product-type-simple"},"jetpack_sharing_enabled":true,"builder_content":"","_links":{"self":[{"href":"https:\/\/fittingsgo.com\/fr\/wp-json\/wp\/v2\/product\/12133","targetHints":{"allow":["GET"]}}],"collection":[{"href":"https:\/\/fittingsgo.com\/fr\/wp-json\/wp\/v2\/product"}],"about":[{"href":"https:\/\/fittingsgo.com\/fr\/wp-json\/wp\/v2\/types\/product"}],"replies":[{"embeddable":true,"href":"https:\/\/fittingsgo.com\/fr\/wp-json\/wp\/v2\/comments?post=12133"}],"wp:featuredmedia":[{"embeddable":true,"href":"https:\/\/fittingsgo.com\/fr\/wp-json\/wp\/v2\/media\/12132"}],"wp:attachment":[{"href":"https:\/\/fittingsgo.com\/fr\/wp-json\/wp\/v2\/media?parent=12133"}],"wp:term":[{"taxonomy":"product_brand","embeddable":true,"href":"https:\/\/fittingsgo.com\/fr\/wp-json\/wp\/v2\/product_brand?post=12133"},{"taxonomy":"product_cat","embeddable":true,"href":"https:\/\/fittingsgo.com\/fr\/wp-json\/wp\/v2\/product_cat?post=12133"},{"taxonomy":"product_tag","embeddable":true,"href":"https:\/\/fittingsgo.com\/fr\/wp-json\/wp\/v2\/product_tag?post=12133"}],"curies":[{"name":"wp","href":"https:\/\/api.w.org\/{rel}","templated":true}]}}