{"id":12129,"date":"2020-03-23T18:00:20","date_gmt":"2020-03-23T23:00:20","guid":{"rendered":"https:\/\/fittingsgo.com\/product\/liquide-de-servo-direction-de-lucas\/"},"modified":"2020-03-23T18:02:39","modified_gmt":"2020-03-23T23:02:39","slug":"liquide-de-servo-direction-de-lucas","status":"publish","type":"product","link":"https:\/\/fittingsgo.com\/fr\/produit\/liquide-de-servo-direction-de-lucas\/","title":{"rendered":"Liquide de servo-direction de Lucas"},"content":{"rendered":"<div id=\"themify_builder_content-12129\" data-postid=\"12129\" class=\"themify_builder_content themify_builder_content-12129 themify_builder\">\n    <\/div>\n<!-- \/themify_builder_content -->\n","protected":false},"excerpt":{"rendered":"<p>Le liquide de servo-direction de Lucas est un produit \u00e0 usage g\u00e9n\u00e9ral. Il est formul\u00e9 avec les huiles de base sp\u00e9ciales et les additifs qui augmentent la lubricit\u00e9 pour contribuer \u00e0 arr\u00eater l\u2019usure et \u00e0 am\u00e9liorer la performance. Il contient de l\u00e9gers agents de gonflement pour joints qui traitent les joints toriques et autres pour contribuer \u00e0 emp\u00eacher les petites fuites. Pr\u00e9serve un fonctionnement en douceur de la servo-<br \/>\ndirection et contribue \u00e0 arr\u00eater le grincement des pompes. Il contient des inhibiteurs d\u2019oxydation suppl\u00e9mentaires et des agents antimousse pour contribuer \u00e0 prolonger la dur\u00e9e de vie du liquide.<br \/>\n946 ml<\/p>\n","protected":false},"featured_media":12128,"comment_status":"open","ping_status":"closed","template":"","meta":[],"product_brand":[],"product_cat":[575],"product_tag":[],"class_list":{"0":"post-12129","1":"product","2":"type-product","3":"status-publish","4":"has-post-thumbnail","6":"product_cat-huile-de-servo-direction","7":"has-post-title","8":"has-post-date","9":"has-post-category","10":"has-post-tag","11":"has-post-comment","12":"has-post-author","13":"","14":"fullcover","16":"first","17":"instock","18":"taxable","19":"shipping-taxable","20":"purchasable","21":"product-type-simple"},"jetpack_sharing_enabled":true,"builder_content":"","_links":{"self":[{"href":"https:\/\/fittingsgo.com\/fr\/wp-json\/wp\/v2\/product\/12129","targetHints":{"allow":["GET"]}}],"collection":[{"href":"https:\/\/fittingsgo.com\/fr\/wp-json\/wp\/v2\/product"}],"about":[{"href":"https:\/\/fittingsgo.com\/fr\/wp-json\/wp\/v2\/types\/product"}],"replies":[{"embeddable":true,"href":"https:\/\/fittingsgo.com\/fr\/wp-json\/wp\/v2\/comments?post=12129"}],"wp:featuredmedia":[{"embeddable":true,"href":"https:\/\/fittingsgo.com\/fr\/wp-json\/wp\/v2\/media\/12128"}],"wp:attachment":[{"href":"https:\/\/fittingsgo.com\/fr\/wp-json\/wp\/v2\/media?parent=12129"}],"wp:term":[{"taxonomy":"product_brand","embeddable":true,"href":"https:\/\/fittingsgo.com\/fr\/wp-json\/wp\/v2\/product_brand?post=12129"},{"taxonomy":"product_cat","embeddable":true,"href":"https:\/\/fittingsgo.com\/fr\/wp-json\/wp\/v2\/product_cat?post=12129"},{"taxonomy":"product_tag","embeddable":true,"href":"https:\/\/fittingsgo.com\/fr\/wp-json\/wp\/v2\/product_tag?post=12129"}],"curies":[{"name":"wp","href":"https:\/\/api.w.org\/{rel}","templated":true}]}}