{"id":12117,"date":"2020-03-22T21:40:58","date_gmt":"2020-03-23T02:40:58","guid":{"rendered":"https:\/\/fittingsgo.com\/product\/huile-dengrenage-synthetique-75w140-lightweight-shockproof\/"},"modified":"2020-03-22T21:43:01","modified_gmt":"2020-03-23T02:43:01","slug":"huile-dengrenage-synthetique-75w140-lightweight-shockproof","status":"publish","type":"product","link":"https:\/\/fittingsgo.com\/fr\/produit\/huile-dengrenage-synthetique-75w140-lightweight-shockproof\/","title":{"rendered":"Huile d\u2019engrenage synth\u00e9tique 75W140 \u00ab Lightweight Shockproof\u00bb"},"content":{"rendered":"<p>58404<\/p>\n<div id=\"themify_builder_content-12117\" data-postid=\"12117\" class=\"themify_builder_content themify_builder_content-12117 themify_builder\">\n    <\/div>\n<!-- \/themify_builder_content -->\n","protected":false},"excerpt":{"rendered":"<p>&#8211; \u00c9paisseur de film sup\u00e9rieure \u00e0 une SAE 75W140, mais \u00e0 faible friction fluide comme l&#8217;huile pour engrenages 80W ou l&#8217;huile pour moteur 30W<br \/>\n&#8211; Excellent d\u00e9bit \u00e0 basse temp\u00e9rature, am\u00e9lioration du d\u00e9placement \u00e0 froid<br \/>\n&#8211; Pour les diff\u00e9rentiels de course sous charges mod\u00e9r\u00e9es<br \/>\n&#8211; Populaire dans les transmissions de course comme Hewland et autres bo\u00eetes \u00e0 bagues pour chiens de course, Bert et Brinn pour Stock Cars, G-Force et Liberty sans embrayage pour Drag Racing<br \/>\n946 ml<br \/>\nFabriqu\u00e9 par Red Line<\/p>\n","protected":false},"featured_media":12116,"comment_status":"open","ping_status":"closed","template":"","meta":[],"product_brand":[],"product_cat":[555],"product_tag":[],"class_list":{"0":"post-12117","1":"product","2":"type-product","3":"status-publish","4":"has-post-thumbnail","6":"product_cat-huile-engrenage","7":"has-post-title","8":"has-post-date","9":"has-post-category","10":"has-post-tag","11":"has-post-comment","12":"has-post-author","13":"","14":"fullcover","16":"first","17":"instock","18":"taxable","19":"shipping-taxable","20":"purchasable","21":"product-type-simple"},"jetpack_sharing_enabled":true,"builder_content":"","_links":{"self":[{"href":"https:\/\/fittingsgo.com\/fr\/wp-json\/wp\/v2\/product\/12117","targetHints":{"allow":["GET"]}}],"collection":[{"href":"https:\/\/fittingsgo.com\/fr\/wp-json\/wp\/v2\/product"}],"about":[{"href":"https:\/\/fittingsgo.com\/fr\/wp-json\/wp\/v2\/types\/product"}],"replies":[{"embeddable":true,"href":"https:\/\/fittingsgo.com\/fr\/wp-json\/wp\/v2\/comments?post=12117"}],"wp:featuredmedia":[{"embeddable":true,"href":"https:\/\/fittingsgo.com\/fr\/wp-json\/wp\/v2\/media\/12116"}],"wp:attachment":[{"href":"https:\/\/fittingsgo.com\/fr\/wp-json\/wp\/v2\/media?parent=12117"}],"wp:term":[{"taxonomy":"product_brand","embeddable":true,"href":"https:\/\/fittingsgo.com\/fr\/wp-json\/wp\/v2\/product_brand?post=12117"},{"taxonomy":"product_cat","embeddable":true,"href":"https:\/\/fittingsgo.com\/fr\/wp-json\/wp\/v2\/product_cat?post=12117"},{"taxonomy":"product_tag","embeddable":true,"href":"https:\/\/fittingsgo.com\/fr\/wp-json\/wp\/v2\/product_tag?post=12117"}],"curies":[{"name":"wp","href":"https:\/\/api.w.org\/{rel}","templated":true}]}}