{"id":12113,"date":"2020-03-22T21:31:22","date_gmt":"2020-03-23T02:31:22","guid":{"rendered":"https:\/\/fittingsgo.com\/product\/huile-dengrenage-synthetique-75w250-heavy-shockproof\/"},"modified":"2020-03-22T21:34:10","modified_gmt":"2020-03-23T02:34:10","slug":"huile-dengrenage-synthetique-75w250-heavy-shockproof","status":"publish","type":"product","link":"https:\/\/fittingsgo.com\/fr\/produit\/huile-dengrenage-synthetique-75w250-heavy-shockproof\/","title":{"rendered":"Huile d\u2019engrenage synth\u00e9tique 75W250 \u00abHeavy Shockproof\u00bb"},"content":{"rendered":"<p>58204<\/p>\n<div id=\"themify_builder_content-12113\" data-postid=\"12113\" class=\"themify_builder_content themify_builder_content-12113 themify_builder\">\n    <\/div>\n<!-- \/themify_builder_content -->\n","protected":false},"excerpt":{"rendered":"<p>&#8211; \u00c9paisseur de film sup\u00e9rieure \u00e0 un SAE 75W250, mais faible friction fluide comme 75W90<br \/>\n&#8211; Pour les diff\u00e9rentiels et transmissions de course fortement charg\u00e9s, les bo\u00eetes de vitesses probl\u00e9matiques<br \/>\n&#8211; Produit ShockProof le plus populaire, de nombreuses applications de course et de sp\u00e9cialit\u00e9<br \/>\n&#8211; Nombreuses applications de course de performance comme Sprint, Midget, Dirt Late Model et Quick Change &#8211; Diff\u00e9rentiels, casiers et bobines Detroit, NHRA Top Fuel et Funny Car arri\u00e8re<br \/>\n&#8211; Non recommand\u00e9 pour la plupart des applications synchronis\u00e9es en raison de l&#8217;extr\u00eame glissement du produit<br \/>\n946 ml<br \/>\nFabriqu\u00e9 par Red Line<\/p>\n","protected":false},"featured_media":12112,"comment_status":"open","ping_status":"closed","template":"","meta":[],"product_brand":[],"product_cat":[555],"product_tag":[],"class_list":{"0":"post-12113","1":"product","2":"type-product","3":"status-publish","4":"has-post-thumbnail","6":"product_cat-huile-engrenage","7":"has-post-title","8":"has-post-date","9":"has-post-category","10":"has-post-tag","11":"has-post-comment","12":"has-post-author","13":"","14":"fullcover","16":"first","17":"instock","18":"taxable","19":"shipping-taxable","20":"purchasable","21":"product-type-simple"},"jetpack_sharing_enabled":true,"builder_content":"","_links":{"self":[{"href":"https:\/\/fittingsgo.com\/fr\/wp-json\/wp\/v2\/product\/12113","targetHints":{"allow":["GET"]}}],"collection":[{"href":"https:\/\/fittingsgo.com\/fr\/wp-json\/wp\/v2\/product"}],"about":[{"href":"https:\/\/fittingsgo.com\/fr\/wp-json\/wp\/v2\/types\/product"}],"replies":[{"embeddable":true,"href":"https:\/\/fittingsgo.com\/fr\/wp-json\/wp\/v2\/comments?post=12113"}],"wp:featuredmedia":[{"embeddable":true,"href":"https:\/\/fittingsgo.com\/fr\/wp-json\/wp\/v2\/media\/12112"}],"wp:attachment":[{"href":"https:\/\/fittingsgo.com\/fr\/wp-json\/wp\/v2\/media?parent=12113"}],"wp:term":[{"taxonomy":"product_brand","embeddable":true,"href":"https:\/\/fittingsgo.com\/fr\/wp-json\/wp\/v2\/product_brand?post=12113"},{"taxonomy":"product_cat","embeddable":true,"href":"https:\/\/fittingsgo.com\/fr\/wp-json\/wp\/v2\/product_cat?post=12113"},{"taxonomy":"product_tag","embeddable":true,"href":"https:\/\/fittingsgo.com\/fr\/wp-json\/wp\/v2\/product_tag?post=12113"}],"curies":[{"name":"wp","href":"https:\/\/api.w.org\/{rel}","templated":true}]}}