{"id":12109,"date":"2020-03-22T21:19:57","date_gmt":"2020-03-23T02:19:57","guid":{"rendered":"https:\/\/fittingsgo.com\/product\/huile-dengrenage-synthetique-75w90-gl-5\/"},"modified":"2020-03-22T21:22:25","modified_gmt":"2020-03-23T02:22:25","slug":"huile-dengrenage-synthetique-75w90-gl-5","status":"publish","type":"product","link":"https:\/\/fittingsgo.com\/fr\/produit\/huile-dengrenage-synthetique-75w90-gl-5\/","title":{"rendered":"Huile d\u2019engrenage synth\u00e9tique 75W90 GL-5"},"content":{"rendered":"<p>3094300, 3094-300<\/p>\n<div id=\"themify_builder_content-12109\" data-postid=\"12109\" class=\"themify_builder_content themify_builder_content-12109 themify_builder\">\n    <\/div>\n<!-- \/themify_builder_content -->\n","protected":false},"excerpt":{"rendered":"<p>\u00abENEOS GEAR OIL LSD\u00bb est une huile pour engrenages enti\u00e8rement synth\u00e9tique utilisant la derni\u00e8re technologie qui garantit des performances sup\u00e9rieures dans tous les domaines requis des engrenages diff\u00e9rentiels, y compris le LSD (diff\u00e9rentiel \u00e0 glissement limit\u00e9). L&#8217;huile de base et la technologie des additifs dans ENEOS GEAR OIL LSD assurent une excellente protection des engrenages contre le contact m\u00e9tal sur m\u00e9tal dans les conditions les plus s\u00e9v\u00e8res, y compris les charges de choc.<br \/>\n946 ml<\/p>\n","protected":false},"featured_media":12119,"comment_status":"open","ping_status":"closed","template":"","meta":[],"product_brand":[],"product_cat":[555],"product_tag":[],"class_list":{"0":"post-12109","1":"product","2":"type-product","3":"status-publish","4":"has-post-thumbnail","6":"product_cat-huile-engrenage","7":"has-post-title","8":"has-post-date","9":"has-post-category","10":"has-post-tag","11":"has-post-comment","12":"has-post-author","13":"","14":"fullcover","16":"first","17":"instock","18":"taxable","19":"shipping-taxable","20":"purchasable","21":"product-type-simple"},"jetpack_sharing_enabled":true,"builder_content":"","_links":{"self":[{"href":"https:\/\/fittingsgo.com\/fr\/wp-json\/wp\/v2\/product\/12109","targetHints":{"allow":["GET"]}}],"collection":[{"href":"https:\/\/fittingsgo.com\/fr\/wp-json\/wp\/v2\/product"}],"about":[{"href":"https:\/\/fittingsgo.com\/fr\/wp-json\/wp\/v2\/types\/product"}],"replies":[{"embeddable":true,"href":"https:\/\/fittingsgo.com\/fr\/wp-json\/wp\/v2\/comments?post=12109"}],"wp:featuredmedia":[{"embeddable":true,"href":"https:\/\/fittingsgo.com\/fr\/wp-json\/wp\/v2\/media\/12119"}],"wp:attachment":[{"href":"https:\/\/fittingsgo.com\/fr\/wp-json\/wp\/v2\/media?parent=12109"}],"wp:term":[{"taxonomy":"product_brand","embeddable":true,"href":"https:\/\/fittingsgo.com\/fr\/wp-json\/wp\/v2\/product_brand?post=12109"},{"taxonomy":"product_cat","embeddable":true,"href":"https:\/\/fittingsgo.com\/fr\/wp-json\/wp\/v2\/product_cat?post=12109"},{"taxonomy":"product_tag","embeddable":true,"href":"https:\/\/fittingsgo.com\/fr\/wp-json\/wp\/v2\/product_tag?post=12109"}],"curies":[{"name":"wp","href":"https:\/\/api.w.org\/{rel}","templated":true}]}}