{"id":12105,"date":"2020-03-22T12:23:23","date_gmt":"2020-03-22T17:23:23","guid":{"rendered":"https:\/\/fittingsgo.com\/product\/fr-valvoline-gl-4-synchromesh-compatible\/"},"modified":"2020-03-22T21:15:11","modified_gmt":"2020-03-23T02:15:11","slug":"fr-valvoline-gl-4-synchromesh-compatible","status":"publish","type":"product","link":"https:\/\/fittingsgo.com\/fr\/produit\/fr-valvoline-gl-4-synchromesh-compatible\/","title":{"rendered":"GL-4 synth\u00e9tique \u00abSynchromesh Compatible\u00bb"},"content":{"rendered":"<p>Recommand\u00e9 pour une utilisation dans les transmissions manuelles, les bo\u00eetes de vitesses et les bo\u00eetes de transfert o\u00f9 l&#8217;huile pour engrenages GL-4 est requise et \/ ou sp\u00e9cifi\u00e9e comme recommandation de remplissage de service (national ou \u00e9tranger). Le liquide de transmission manuelle VPS peut \u00eatre utilis\u00e9 dans les transmissions manuelles et les bo\u00eetes-pont manuelles suivantes:<br \/>\nGM: 12345349, 12345577, 12377916, 1052931<br \/>\nChrysler: 4874459, 4874464, 4874465<br \/>\nHonda\/Acura<br \/>\nToyota\/Lexus<br \/>\nMazda<br \/>\nNissan<br \/>\nSuzuki<br \/>\nHyundai\/Kia<br \/>\n508216<\/p>\n<div id=\"themify_builder_content-12105\" data-postid=\"12105\" class=\"themify_builder_content themify_builder_content-12105 themify_builder\">\n    <\/div>\n<!-- \/themify_builder_content -->\n","protected":false},"excerpt":{"rendered":"<p>Le fluide de transmission manuelle VPS est un fluide enti\u00e8rement synth\u00e9tique de haute performance contenant un m\u00e9lange de qualit\u00e9 sup\u00e9rieure de mati\u00e8res de base synth\u00e9tiques, d&#8217;additifs multifonctionnels et d&#8217;un modificateur de viscosit\u00e9 r\u00e9sistant au cisaillement. Le fluide a des performances anti-corrosion et anti-mousse exceptionnelles et est sp\u00e9cialement con\u00e7u pour une utilisation dans les applications de synchronisation o\u00f9 les performances du synchroniseur sont vitales. Il est enti\u00e8rement compatible avec les composants des transmissions manuelles modernes, y compris ceux contenant du bronze, du cuivre et du laiton, et offre une protection am\u00e9lior\u00e9e sur une large plage de temp\u00e9ratures (de -40\u02daF \u00e0 bien au-dessus de 130\u02daF de temp\u00e9rature ambiante).<br \/>\n946 ml<br \/>\nFabriqu\u00e9 par Valvoline<\/p>\n","protected":false},"featured_media":12104,"comment_status":"open","ping_status":"closed","template":"","meta":[],"product_brand":[],"product_cat":[555],"product_tag":[],"class_list":{"0":"post-12105","1":"product","2":"type-product","3":"status-publish","4":"has-post-thumbnail","6":"product_cat-huile-engrenage","7":"has-post-title","8":"has-post-date","9":"has-post-category","10":"has-post-tag","11":"has-post-comment","12":"has-post-author","13":"","14":"fullcover","16":"first","17":"instock","18":"taxable","19":"shipping-taxable","20":"purchasable","21":"product-type-simple"},"jetpack_sharing_enabled":true,"builder_content":"","_links":{"self":[{"href":"https:\/\/fittingsgo.com\/fr\/wp-json\/wp\/v2\/product\/12105","targetHints":{"allow":["GET"]}}],"collection":[{"href":"https:\/\/fittingsgo.com\/fr\/wp-json\/wp\/v2\/product"}],"about":[{"href":"https:\/\/fittingsgo.com\/fr\/wp-json\/wp\/v2\/types\/product"}],"replies":[{"embeddable":true,"href":"https:\/\/fittingsgo.com\/fr\/wp-json\/wp\/v2\/comments?post=12105"}],"wp:featuredmedia":[{"embeddable":true,"href":"https:\/\/fittingsgo.com\/fr\/wp-json\/wp\/v2\/media\/12104"}],"wp:attachment":[{"href":"https:\/\/fittingsgo.com\/fr\/wp-json\/wp\/v2\/media?parent=12105"}],"wp:term":[{"taxonomy":"product_brand","embeddable":true,"href":"https:\/\/fittingsgo.com\/fr\/wp-json\/wp\/v2\/product_brand?post=12105"},{"taxonomy":"product_cat","embeddable":true,"href":"https:\/\/fittingsgo.com\/fr\/wp-json\/wp\/v2\/product_cat?post=12105"},{"taxonomy":"product_tag","embeddable":true,"href":"https:\/\/fittingsgo.com\/fr\/wp-json\/wp\/v2\/product_tag?post=12105"}],"curies":[{"name":"wp","href":"https:\/\/api.w.org\/{rel}","templated":true}]}}