{"id":12090,"date":"2020-03-22T10:32:11","date_gmt":"2020-03-22T15:32:11","guid":{"rendered":"https:\/\/fittingsgo.com\/product\/graisse-de-service-intensif-de-lucas-pour-les-exploitations-minieres-et-de-machineries-lourdes\/"},"modified":"2020-03-22T10:34:12","modified_gmt":"2020-03-22T15:34:12","slug":"graisse-de-service-intensif-de-lucas-pour-les-exploitations-minieres-et-de-machineries-lourdes","status":"publish","type":"product","link":"https:\/\/fittingsgo.com\/fr\/produit\/graisse-de-service-intensif-de-lucas-pour-les-exploitations-minieres-et-de-machineries-lourdes\/","title":{"rendered":"Graisse de service intensif de Lucas pour les exploitations mini\u00e8res et de machineries lourdes"},"content":{"rendered":"<p>Elle peut \u00eatre utilis\u00e9e avec des pistolets graisseurs ainsi que dans des syst\u00e8mes de distribution centralis\u00e9s pr\u00e9sents dans les usines et les gros engins. Recommand\u00e9e dans les chargeurs Caterpillar de s\u00e9rie 994 et les pelleteuses de s\u00e9rie 5130 et 5230, les camions tout-terrain, le mat\u00e9riel de construction, le mat\u00e9riel agricole, le mat\u00e9riel d\u2019exploitation foresti\u00e8re, le mat\u00e9riel d\u2019exploitation mini\u00e8re (gros engins \u00e0 chargement par le haut), les concasseurs de roches, le mat\u00e9riel d\u2019exploitation p\u00e9troli\u00e8re, le mat\u00e9riel de forage en mer et le mat\u00e9riel marin. Recommand\u00e9e aussi dans les sellettes d\u2019attelage, les roulements de roue, les ch\u00e2ssis et les biellettes de direction. La graisse<br \/>\nNLGI #2 de service intensif pour les exploitations mini\u00e8res et de machineries lourdes est homologu\u00e9e GC-LB et satisfait ou d\u00e9passe les sp\u00e9cifications des fabricants d\u2019\u00e9quipement d\u2019origine.<\/p>\n<div id=\"themify_builder_content-12090\" data-postid=\"12090\" class=\"themify_builder_content themify_builder_content-12090 themify_builder\">\n    <\/div>\n<!-- \/themify_builder_content -->\n","protected":false},"excerpt":{"rendered":"<p>La graisse de service intensif de Lucas pour les exploitations mini\u00e8res et de machineries lourdes est une graisse lisse et noir fonc\u00e9 au complexe de lithium renforc\u00e9e de 5% de sulfure de molybd\u00e8ne pour offrir une excellente protection contre les charges par \u00e0-coup dans les conditions d\u2019exploitation les plus d\u00e9favorables. Prot\u00e8ge les bielles articul\u00e9es et les fl\u00e8ches contre l\u2019usure et prolonge la dur\u00e9e de vie des engins, ce qui en r\u00e9duit les temps d\u2019arr\u00eat et en am\u00e9liore la productivit\u00e9.<br \/>\nTube de 397 g<\/p>\n","protected":false},"featured_media":12087,"comment_status":"open","ping_status":"closed","template":"","meta":[],"product_brand":[],"product_cat":[302],"product_tag":[],"class_list":{"0":"post-12090","1":"product","2":"type-product","3":"status-publish","4":"has-post-thumbnail","6":"product_cat-graisses","7":"has-post-title","8":"has-post-date","9":"has-post-category","10":"has-post-tag","11":"has-post-comment","12":"has-post-author","13":"","14":"fullcover","16":"first","17":"instock","18":"taxable","19":"shipping-taxable","20":"purchasable","21":"product-type-simple"},"jetpack_sharing_enabled":true,"builder_content":"","_links":{"self":[{"href":"https:\/\/fittingsgo.com\/fr\/wp-json\/wp\/v2\/product\/12090","targetHints":{"allow":["GET"]}}],"collection":[{"href":"https:\/\/fittingsgo.com\/fr\/wp-json\/wp\/v2\/product"}],"about":[{"href":"https:\/\/fittingsgo.com\/fr\/wp-json\/wp\/v2\/types\/product"}],"replies":[{"embeddable":true,"href":"https:\/\/fittingsgo.com\/fr\/wp-json\/wp\/v2\/comments?post=12090"}],"wp:featuredmedia":[{"embeddable":true,"href":"https:\/\/fittingsgo.com\/fr\/wp-json\/wp\/v2\/media\/12087"}],"wp:attachment":[{"href":"https:\/\/fittingsgo.com\/fr\/wp-json\/wp\/v2\/media?parent=12090"}],"wp:term":[{"taxonomy":"product_brand","embeddable":true,"href":"https:\/\/fittingsgo.com\/fr\/wp-json\/wp\/v2\/product_brand?post=12090"},{"taxonomy":"product_cat","embeddable":true,"href":"https:\/\/fittingsgo.com\/fr\/wp-json\/wp\/v2\/product_cat?post=12090"},{"taxonomy":"product_tag","embeddable":true,"href":"https:\/\/fittingsgo.com\/fr\/wp-json\/wp\/v2\/product_tag?post=12090"}],"curies":[{"name":"wp","href":"https:\/\/api.w.org\/{rel}","templated":true}]}}