{"id":12084,"date":"2020-03-22T10:26:05","date_gmt":"2020-03-22T15:26:05","guid":{"rendered":"https:\/\/fittingsgo.com\/product\/graisse-marine-de-lucas\/"},"modified":"2020-03-22T10:27:56","modified_gmt":"2020-03-22T15:27:56","slug":"graisse-marine-de-lucas","status":"publish","type":"product","link":"https:\/\/fittingsgo.com\/fr\/produit\/graisse-marine-de-lucas\/","title":{"rendered":"Graisse marine de Lucas"},"content":{"rendered":"<p>10320-30, 1032030<\/p>\n<div id=\"themify_builder_content-12084\" data-postid=\"12084\" class=\"themify_builder_content themify_builder_content-12084 themify_builder\">\n    <\/div>\n<!-- \/themify_builder_content -->\n","protected":false},"excerpt":{"rendered":"<p>La graisse marine de Lucas est une graisse de qualit\u00e9 sup\u00e9rieure du type de sulfonate de calcium surbas\u00e9 avec la r\u00e9sistance \u00e0 la corrosion intrins\u00e8quement sup\u00e9rieur, la r\u00e9sistance au lavage \u00e0 l\u2019eau, la stabilit\u00e9 m\u00e9canique et la lubrification de pression extr\u00eame. En raison de ces propri\u00e9t\u00e9s, il est id\u00e9alement adapt\u00e9 pour les applications marines o\u00f9 ces propri\u00e9t\u00e9s importantes sont intrins\u00e8ques \u00e0 la graisse et non pas le r\u00e9sultat de l\u2019enrichissement avec des additifs. De plus, la graisse marine de Lucas poss\u00e8de une excellente capacit\u00e9 de charge et r\u00e9siste \u00e0 l\u2019oxydation. Il ne contient pas de m\u00e9taux lourds (p. ex. plomb, arsenic ou antimoine) ou d\u2019autres additifs nocifs pour l\u2019environnement<br \/>\ntels que le phosphore, le chlore ou le zinc. R\u00e9pond \u00e0 la certification NLGI GC-LB. Non recommand\u00e9 pour les sys- t\u00e8mes de distribution centrali- s\u00e9s n\u00e9cessitant un nombre de NLGI de 1 ou moins.<br \/>\nTube de 397 g<\/p>\n","protected":false},"featured_media":12083,"comment_status":"open","ping_status":"closed","template":"","meta":[],"product_brand":[],"product_cat":[302],"product_tag":[],"class_list":{"0":"post-12084","1":"product","2":"type-product","3":"status-publish","4":"has-post-thumbnail","6":"product_cat-graisses","7":"has-post-title","8":"has-post-date","9":"has-post-category","10":"has-post-tag","11":"has-post-comment","12":"has-post-author","13":"","14":"fullcover","16":"first","17":"instock","18":"taxable","19":"shipping-taxable","20":"purchasable","21":"product-type-simple"},"jetpack_sharing_enabled":true,"builder_content":"","_links":{"self":[{"href":"https:\/\/fittingsgo.com\/fr\/wp-json\/wp\/v2\/product\/12084","targetHints":{"allow":["GET"]}}],"collection":[{"href":"https:\/\/fittingsgo.com\/fr\/wp-json\/wp\/v2\/product"}],"about":[{"href":"https:\/\/fittingsgo.com\/fr\/wp-json\/wp\/v2\/types\/product"}],"replies":[{"embeddable":true,"href":"https:\/\/fittingsgo.com\/fr\/wp-json\/wp\/v2\/comments?post=12084"}],"wp:featuredmedia":[{"embeddable":true,"href":"https:\/\/fittingsgo.com\/fr\/wp-json\/wp\/v2\/media\/12083"}],"wp:attachment":[{"href":"https:\/\/fittingsgo.com\/fr\/wp-json\/wp\/v2\/media?parent=12084"}],"wp:term":[{"taxonomy":"product_brand","embeddable":true,"href":"https:\/\/fittingsgo.com\/fr\/wp-json\/wp\/v2\/product_brand?post=12084"},{"taxonomy":"product_cat","embeddable":true,"href":"https:\/\/fittingsgo.com\/fr\/wp-json\/wp\/v2\/product_cat?post=12084"},{"taxonomy":"product_tag","embeddable":true,"href":"https:\/\/fittingsgo.com\/fr\/wp-json\/wp\/v2\/product_tag?post=12084"}],"curies":[{"name":"wp","href":"https:\/\/api.w.org\/{rel}","templated":true}]}}