{"id":12068,"date":"2020-03-22T10:05:12","date_gmt":"2020-03-22T15:05:12","guid":{"rendered":"https:\/\/fittingsgo.com\/product\/graisse-de-haute-tenue-x-tra-de-lucas\/"},"modified":"2023-01-18T13:42:06","modified_gmt":"2023-01-18T18:42:06","slug":"graisse-de-haute-tenue-x-tra-de-lucas","status":"publish","type":"product","link":"https:\/\/fittingsgo.com\/fr\/produit\/graisse-de-haute-tenue-x-tra-de-lucas\/","title":{"rendered":"Graisse de haute tenue X-TRA de Lucas"},"content":{"rendered":"<p>20301-30, 2030130, 20330<\/p>\n<div id=\"themify_builder_content-12068\" data-postid=\"12068\" class=\"themify_builder_content themify_builder_content-12068 themify_builder\">\n    <\/div>\n<!-- \/themify_builder_content -->\n","protected":false},"excerpt":{"rendered":"<p>La graisse de haute tenue X-TRA de Lucas est le r\u00e9sultat final d\u2019ann\u00e9es de recherche et elle repr\u00e9sente une toute nouvelle technologie. C\u2019est la seule graisse que nous avons d\u00e9couverte capable de retrouver compl\u00e8tement ses propri\u00e9t\u00e9s apr\u00e8s avoir \u00e9t\u00e9 extr\u00eamement surchauff\u00e9e. Elle est pratiquement impossible \u00e0 enlever \u00e0 l\u2019eau (elle d\u00e9passe toutes les pr\u00e9visions pour les paliers \u00e0<br \/>\ngrande vitesse) et dure jusqu\u2019\u00e0 quatre fois plus longtemps que la graisse au lithium ordinaire. Renforc\u00e9e par un ensemble d\u2019additifs \u00e0 haute pression, elle d\u00e9passe les sp\u00e9cifications des fabricants pour le \u00abgraissage \u00e0 vie\u00bb.<\/p>\n","protected":false},"featured_media":12065,"comment_status":"open","ping_status":"closed","template":"","meta":[],"product_brand":[],"product_cat":[302],"product_tag":[],"class_list":{"0":"post-12068","1":"product","2":"type-product","3":"status-publish","4":"has-post-thumbnail","6":"product_cat-graisses","7":"has-post-title","8":"has-post-date","9":"has-post-category","10":"has-post-tag","11":"has-post-comment","12":"has-post-author","13":"","14":"fullcover","16":"first","17":"outofstock","18":"taxable","19":"shipping-taxable","20":"purchasable","21":"product-type-variable"},"jetpack_sharing_enabled":true,"builder_content":"","_links":{"self":[{"href":"https:\/\/fittingsgo.com\/fr\/wp-json\/wp\/v2\/product\/12068","targetHints":{"allow":["GET"]}}],"collection":[{"href":"https:\/\/fittingsgo.com\/fr\/wp-json\/wp\/v2\/product"}],"about":[{"href":"https:\/\/fittingsgo.com\/fr\/wp-json\/wp\/v2\/types\/product"}],"replies":[{"embeddable":true,"href":"https:\/\/fittingsgo.com\/fr\/wp-json\/wp\/v2\/comments?post=12068"}],"wp:featuredmedia":[{"embeddable":true,"href":"https:\/\/fittingsgo.com\/fr\/wp-json\/wp\/v2\/media\/12065"}],"wp:attachment":[{"href":"https:\/\/fittingsgo.com\/fr\/wp-json\/wp\/v2\/media?parent=12068"}],"wp:term":[{"taxonomy":"product_brand","embeddable":true,"href":"https:\/\/fittingsgo.com\/fr\/wp-json\/wp\/v2\/product_brand?post=12068"},{"taxonomy":"product_cat","embeddable":true,"href":"https:\/\/fittingsgo.com\/fr\/wp-json\/wp\/v2\/product_cat?post=12068"},{"taxonomy":"product_tag","embeddable":true,"href":"https:\/\/fittingsgo.com\/fr\/wp-json\/wp\/v2\/product_tag?post=12068"}],"curies":[{"name":"wp","href":"https:\/\/api.w.org\/{rel}","templated":true}]}}