{"id":12052,"date":"2020-03-21T22:12:57","date_gmt":"2020-03-22T03:12:57","guid":{"rendered":"https:\/\/fittingsgo.com\/product\/lunettes-souples-pour-soudeur-firepower\/"},"modified":"2020-03-21T22:16:11","modified_gmt":"2020-03-22T03:16:11","slug":"lunettes-souples-pour-soudeur-firepower","status":"publish","type":"product","link":"https:\/\/fittingsgo.com\/fr\/produit\/lunettes-souples-pour-soudeur-firepower\/","title":{"rendered":"Lunettes souples pour soudeur Firepower"},"content":{"rendered":"<p>14230017, 1423-0017<\/p>\n<div id=\"themify_builder_content-12052\" data-postid=\"12052\" class=\"themify_builder_content themify_builder_content-12052 themify_builder\">\n    <\/div>\n<!-- \/themify_builder_content -->\n","protected":false},"excerpt":{"rendered":"<p>Fourni avec une lentille filtrante (teinte 5)<br \/>\nLe cadre en vinyle souple s&#8217;adapte facilement sur les verres correcteurs<br \/>\nLes \u00e9vents \u00e0 capuchon emp\u00eachent la formation de bu\u00e9e et offrent une excellente ventilation<br \/>\nBandeau \u00e9lastique r\u00e9glable<br \/>\nR\u00e9pond ou d\u00e9passe ANSI Z87.1 et diverses normes internationales<br \/>\nFabriqu\u00e9 par Firepower<\/p>\n","protected":false},"featured_media":12051,"comment_status":"open","ping_status":"closed","template":"","meta":[],"product_brand":[],"product_cat":[518],"product_tag":[],"class_list":{"0":"post-12052","1":"product","2":"type-product","3":"status-publish","4":"has-post-thumbnail","6":"product_cat-outils-de-soudage","7":"has-post-title","8":"has-post-date","9":"has-post-category","10":"has-post-tag","11":"has-post-comment","12":"has-post-author","13":"","14":"fullcover","16":"first","17":"instock","18":"taxable","19":"shipping-taxable","20":"purchasable","21":"product-type-simple"},"jetpack_sharing_enabled":true,"builder_content":"","_links":{"self":[{"href":"https:\/\/fittingsgo.com\/fr\/wp-json\/wp\/v2\/product\/12052","targetHints":{"allow":["GET"]}}],"collection":[{"href":"https:\/\/fittingsgo.com\/fr\/wp-json\/wp\/v2\/product"}],"about":[{"href":"https:\/\/fittingsgo.com\/fr\/wp-json\/wp\/v2\/types\/product"}],"replies":[{"embeddable":true,"href":"https:\/\/fittingsgo.com\/fr\/wp-json\/wp\/v2\/comments?post=12052"}],"wp:featuredmedia":[{"embeddable":true,"href":"https:\/\/fittingsgo.com\/fr\/wp-json\/wp\/v2\/media\/12051"}],"wp:attachment":[{"href":"https:\/\/fittingsgo.com\/fr\/wp-json\/wp\/v2\/media?parent=12052"}],"wp:term":[{"taxonomy":"product_brand","embeddable":true,"href":"https:\/\/fittingsgo.com\/fr\/wp-json\/wp\/v2\/product_brand?post=12052"},{"taxonomy":"product_cat","embeddable":true,"href":"https:\/\/fittingsgo.com\/fr\/wp-json\/wp\/v2\/product_cat?post=12052"},{"taxonomy":"product_tag","embeddable":true,"href":"https:\/\/fittingsgo.com\/fr\/wp-json\/wp\/v2\/product_tag?post=12052"}],"curies":[{"name":"wp","href":"https:\/\/api.w.org\/{rel}","templated":true}]}}