{"id":12046,"date":"2020-03-21T21:51:05","date_gmt":"2020-03-22T02:51:05","guid":{"rendered":"https:\/\/fittingsgo.com\/product\/soufflette-de-poche-en-aluminium-reglable-de-style-a\/"},"modified":"2020-03-21T21:58:09","modified_gmt":"2020-03-22T02:58:09","slug":"soufflette-de-poche-en-aluminium-reglable-de-style-a","status":"publish","type":"product","link":"https:\/\/fittingsgo.com\/fr\/produit\/soufflette-de-poche-en-aluminium-reglable-de-style-a\/","title":{"rendered":"Soufflette de poche en aluminium r\u00e9glable de style A"},"content":{"rendered":"<p>&#8211; Prise en main facile \u00e0 deux doigts pour ajuster le d\u00e9bit d&#8217;air \u00e0 plein volume jusqu&#8217;\u00e0 l&#8217;arr\u00eat complet<br \/>\n&#8211; Poign\u00e9e molet\u00e9e pour une manipulation s\u00fbre, m\u00eame avec les doigts gras ou gras<br \/>\n&#8211; Gardez toujours un \u00e0 port\u00e9e de main avec le clip de poche de chemise inclus<br \/>\nS116<\/p>\n<div id=\"themify_builder_content-12046\" data-postid=\"12046\" class=\"themify_builder_content themify_builder_content-12046 themify_builder\">\n    <\/div>\n<!-- \/themify_builder_content -->\n","protected":false},"excerpt":{"rendered":"<p>Soufflette de poche A-Style<br \/>\nMax Inlet Pressure: 150 PSI<br \/>\nSCFM @ 100 PSI: 15.9<br \/>\nFabriqu\u00e9 par Milton<\/p>\n","protected":false},"featured_media":12045,"comment_status":"open","ping_status":"closed","template":"","meta":[],"product_brand":[],"product_cat":[295],"product_tag":[],"class_list":{"0":"post-12046","1":"product","2":"type-product","3":"status-publish","4":"has-post-thumbnail","6":"product_cat-soufflettes-a-debit-dair","7":"has-post-title","8":"has-post-date","9":"has-post-category","10":"has-post-tag","11":"has-post-comment","12":"has-post-author","13":"","14":"fullcover","16":"first","17":"instock","18":"taxable","19":"shipping-taxable","20":"purchasable","21":"product-type-simple"},"jetpack_sharing_enabled":true,"builder_content":"","_links":{"self":[{"href":"https:\/\/fittingsgo.com\/fr\/wp-json\/wp\/v2\/product\/12046","targetHints":{"allow":["GET"]}}],"collection":[{"href":"https:\/\/fittingsgo.com\/fr\/wp-json\/wp\/v2\/product"}],"about":[{"href":"https:\/\/fittingsgo.com\/fr\/wp-json\/wp\/v2\/types\/product"}],"replies":[{"embeddable":true,"href":"https:\/\/fittingsgo.com\/fr\/wp-json\/wp\/v2\/comments?post=12046"}],"wp:featuredmedia":[{"embeddable":true,"href":"https:\/\/fittingsgo.com\/fr\/wp-json\/wp\/v2\/media\/12045"}],"wp:attachment":[{"href":"https:\/\/fittingsgo.com\/fr\/wp-json\/wp\/v2\/media?parent=12046"}],"wp:term":[{"taxonomy":"product_brand","embeddable":true,"href":"https:\/\/fittingsgo.com\/fr\/wp-json\/wp\/v2\/product_brand?post=12046"},{"taxonomy":"product_cat","embeddable":true,"href":"https:\/\/fittingsgo.com\/fr\/wp-json\/wp\/v2\/product_cat?post=12046"},{"taxonomy":"product_tag","embeddable":true,"href":"https:\/\/fittingsgo.com\/fr\/wp-json\/wp\/v2\/product_tag?post=12046"}],"curies":[{"name":"wp","href":"https:\/\/api.w.org\/{rel}","templated":true}]}}