{"id":12036,"date":"2020-03-21T21:38:10","date_gmt":"2020-03-22T02:38:10","guid":{"rendered":"https:\/\/fittingsgo.com\/product\/disque-a-poils-3m-scotch-brite-roloc\/"},"modified":"2021-07-25T19:42:57","modified_gmt":"2021-07-26T00:42:57","slug":"disque-a-poils-3m-scotch-brite-roloc","status":"publish","type":"product","link":"https:\/\/fittingsgo.com\/fr\/produit\/disque-a-poils-3m-scotch-brite-roloc\/","title":{"rendered":"Disque \u00e0 poils 3M Scotch-Brite Roloc"},"content":{"rendered":"<p>&#8211; Les poils moul\u00e9s et remplis d&#8217;abrasif d\u00e9nudent, \u00e9barbent, m\u00e9langent, finissent, polissent, nettoient et retirent les rev\u00eatements plus efficacement que les brosses m\u00e9talliques.<br \/>\n&#8211; Le m\u00e9lange exclusif de grains abrasifs en c\u00e9ramique 3M offre un haut degr\u00e9 de qualit\u00e9 de finition tout au long de la dur\u00e9e de vie du disque.<br \/>\n&#8211; L&#8217;espacement des poils est id\u00e9al pour l&#8217;\u00e9limination du rev\u00eatement et d&#8217;autres substances \u00e0 forte charge.<br \/>\n&#8211; Les poils flexibles \u00e9pousent les contours pour produire des finitions uniformes, m\u00eame sur les pi\u00e8ces complexes.<br \/>\n07524, 07525, 07528<\/p>\n<div id=\"themify_builder_content-12036\" data-postid=\"12036\" class=\"themify_builder_content themify_builder_content-12036 themify_builder\">\n    <\/div>\n<!-- \/themify_builder_content -->\n","protected":false},"excerpt":{"rendered":"<p>Disques \u00e0 poils Scotch-Brite Roloc<br \/>\n2 po x 5\/8 po<br \/>\nVendus s\u00e9par\u00e9ment<br \/>\nFabriqu\u00e9 par 3M<\/p>\n","protected":false},"featured_media":12033,"comment_status":"open","ping_status":"closed","template":"","meta":[],"product_brand":[],"product_cat":[206],"product_tag":[],"class_list":{"0":"post-12036","1":"product","2":"type-product","3":"status-publish","4":"has-post-thumbnail","6":"product_cat-brosses","7":"has-post-title","8":"has-post-date","9":"has-post-category","10":"has-post-tag","11":"has-post-comment","12":"has-post-author","13":"","14":"fullcover","16":"first","17":"instock","18":"taxable","19":"shipping-taxable","20":"purchasable","21":"product-type-variable"},"jetpack_sharing_enabled":true,"builder_content":"","_links":{"self":[{"href":"https:\/\/fittingsgo.com\/fr\/wp-json\/wp\/v2\/product\/12036","targetHints":{"allow":["GET"]}}],"collection":[{"href":"https:\/\/fittingsgo.com\/fr\/wp-json\/wp\/v2\/product"}],"about":[{"href":"https:\/\/fittingsgo.com\/fr\/wp-json\/wp\/v2\/types\/product"}],"replies":[{"embeddable":true,"href":"https:\/\/fittingsgo.com\/fr\/wp-json\/wp\/v2\/comments?post=12036"}],"wp:featuredmedia":[{"embeddable":true,"href":"https:\/\/fittingsgo.com\/fr\/wp-json\/wp\/v2\/media\/12033"}],"wp:attachment":[{"href":"https:\/\/fittingsgo.com\/fr\/wp-json\/wp\/v2\/media?parent=12036"}],"wp:term":[{"taxonomy":"product_brand","embeddable":true,"href":"https:\/\/fittingsgo.com\/fr\/wp-json\/wp\/v2\/product_brand?post=12036"},{"taxonomy":"product_cat","embeddable":true,"href":"https:\/\/fittingsgo.com\/fr\/wp-json\/wp\/v2\/product_cat?post=12036"},{"taxonomy":"product_tag","embeddable":true,"href":"https:\/\/fittingsgo.com\/fr\/wp-json\/wp\/v2\/product_tag?post=12036"}],"curies":[{"name":"wp","href":"https:\/\/api.w.org\/{rel}","templated":true}]}}