{"id":11944,"date":"2020-03-18T21:36:22","date_gmt":"2020-03-19T02:36:22","guid":{"rendered":"https:\/\/fittingsgo.com\/product\/fr-idemitsu-honda-acura-dw-1-z1\/"},"modified":"2020-03-18T21:45:22","modified_gmt":"2020-03-19T02:45:22","slug":"fr-idemitsu-honda-acura-dw-1","status":"publish","type":"product","link":"https:\/\/fittingsgo.com\/fr\/produit\/fr-idemitsu-honda-acura-dw-1\/","title":{"rendered":"Idemitsu Honda Acura DW-1"},"content":{"rendered":"<p>&#8211; Idemitsu est le seul fournisseur mondial autoris\u00e9 pour les fluides de transmission DW-1<br \/>\n&#8211; Con\u00e7u pour fournir une \u00e9conomie de carburant am\u00e9lior\u00e9e et des propri\u00e9t\u00e9s d&#8217;\u00e9coulement \u00e0 basse temp\u00e9rature sup\u00e9rieures<br \/>\n&#8211; Les caract\u00e9ristiques de friction con\u00e7ues avec pr\u00e9cision garantissent un changement de vitesse en douceur et des performances anti-frisson exceptionnelles<br \/>\n&#8211; Excellente r\u00e9sistance \u00e0 l&#8217;oxydation et \u00e0 la d\u00e9gradation thermique pour une longue dur\u00e9e de vie du fluide et une protection prolong\u00e9e<br \/>\n&#8211; Fournit une propret\u00e9 sup\u00e9rieure, gardant la transmission exempte de boues et de d\u00e9p\u00f4ts de vernis<br \/>\n&#8211; La technologie anti-usure avanc\u00e9e offre une protection maximale aux engrenages et aux roulements<br \/>\n&#8211; L&#8217;excellente compatibilit\u00e9 et le conditionnement des joints r\u00e9duisent le risque de fuites de fluide dues au retrait, au durcissement et \u00e0 la fissuration des joints<br \/>\n30040090-75000C020, 3004009075000C020, DW1<\/p>\n<div id=\"themify_builder_content-11944\" data-postid=\"11944\" class=\"themify_builder_content themify_builder_content-11944 themify_builder\">\n    <\/div>\n<!-- \/themify_builder_content -->\n","protected":false},"excerpt":{"rendered":"<p>ATF Type H PLUS<br \/>\nCon\u00e7u pour et r\u00e9pond aux exigences de la transmission automatique Honda avec les sp\u00e9cifications DW-1 et Z-1.<br \/>\n1 L<\/p>\n","protected":false},"featured_media":11943,"comment_status":"open","ping_status":"closed","template":"","meta":[],"product_brand":[],"product_cat":[569],"product_tag":[],"class_list":{"0":"post-11944","1":"product","2":"type-product","3":"status-publish","4":"has-post-thumbnail","6":"product_cat-huile-de-transmission-automatique","7":"has-post-title","8":"has-post-date","9":"has-post-category","10":"has-post-tag","11":"has-post-comment","12":"has-post-author","13":"","14":"fullcover","16":"first","17":"instock","18":"taxable","19":"shipping-taxable","20":"purchasable","21":"product-type-simple"},"jetpack_sharing_enabled":true,"builder_content":"","_links":{"self":[{"href":"https:\/\/fittingsgo.com\/fr\/wp-json\/wp\/v2\/product\/11944","targetHints":{"allow":["GET"]}}],"collection":[{"href":"https:\/\/fittingsgo.com\/fr\/wp-json\/wp\/v2\/product"}],"about":[{"href":"https:\/\/fittingsgo.com\/fr\/wp-json\/wp\/v2\/types\/product"}],"replies":[{"embeddable":true,"href":"https:\/\/fittingsgo.com\/fr\/wp-json\/wp\/v2\/comments?post=11944"}],"wp:featuredmedia":[{"embeddable":true,"href":"https:\/\/fittingsgo.com\/fr\/wp-json\/wp\/v2\/media\/11943"}],"wp:attachment":[{"href":"https:\/\/fittingsgo.com\/fr\/wp-json\/wp\/v2\/media?parent=11944"}],"wp:term":[{"taxonomy":"product_brand","embeddable":true,"href":"https:\/\/fittingsgo.com\/fr\/wp-json\/wp\/v2\/product_brand?post=11944"},{"taxonomy":"product_cat","embeddable":true,"href":"https:\/\/fittingsgo.com\/fr\/wp-json\/wp\/v2\/product_cat?post=11944"},{"taxonomy":"product_tag","embeddable":true,"href":"https:\/\/fittingsgo.com\/fr\/wp-json\/wp\/v2\/product_tag?post=11944"}],"curies":[{"name":"wp","href":"https:\/\/api.w.org\/{rel}","templated":true}]}}