{"id":11940,"date":"2020-03-18T20:52:16","date_gmt":"2020-03-19T01:52:16","guid":{"rendered":"https:\/\/fittingsgo.com\/product\/fr-liqui-moly-dct-8100\/"},"modified":"2020-03-18T20:55:32","modified_gmt":"2020-03-19T01:55:32","slug":"fr-liqui-moly-dct-8100","status":"publish","type":"product","link":"https:\/\/fittingsgo.com\/fr\/produit\/fr-liqui-moly-dct-8100\/","title":{"rendered":"Liqui Moly DCT 8100"},"content":{"rendered":"<p>SP\u00c9CIFICATIONS ET APPROBATIONS<br \/>\nBMW 83 22 0 440 214<br \/>\nBMW 83 22 2 147 477<br \/>\nBMW 83 22 2 148 578<br \/>\nBMW 83 22 2 148 579<br \/>\nBMW 83 22 2 167 666<br \/>\nBMW DCTF-1<br \/>\nBMW MTF LT-5<br \/>\nChrysler<br \/>\nFord WSS-M2C 936-A<br \/>\nJaguar \/ Land Rover GX73-M1R564-AA<br \/>\nMB 236.21<br \/>\nMB 236.24<br \/>\nMitsubishi MZ320065 Dia-Queen SSTF-I<br \/>\nNissan WSS-M2C 936-A<br \/>\nPeugeot Citroen (PSA) 9734.S2<br \/>\nPorsche 999.917.080.00<br \/>\nVolvo 1161838<br \/>\nVolvo 1161839<br \/>\nVW Audi G 052 182 (G052182) DSG AND S-TRONIC<br \/>\nVW Audi G 052 529 (G052529) DSG AND S-TRONIC<br \/>\nVW Audi G 055 529 (G055529) DSG AND S-TRONIC<br \/>\nZF TE-ML 11<br \/>\nLM20044<\/p>\n<div id=\"themify_builder_content-11940\" data-postid=\"11940\" class=\"themify_builder_content themify_builder_content-11940 themify_builder\">\n    <\/div>\n<!-- \/themify_builder_content -->\n","protected":false},"excerpt":{"rendered":"<p>Ce lubrifiant de haute technologie a \u00e9t\u00e9 d\u00e9velopp\u00e9 sp\u00e9cifiquement pour les exigences des transmissions \u00e0 double embrayage (DCT) de plus en plus r\u00e9pandues. L&#8217;huile de transmission \u00e0 double embrayage 8100 est particuli\u00e8rement adapt\u00e9e aux transmissions \u00e0 double embrayage \u00e9quip\u00e9es d&#8217;une alimentation en huile partag\u00e9e pour l&#8217;embrayage, la synchronisation, le train d&#8217;engrenages et la commande hydraulique.<br \/>\n1 L<\/p>\n","protected":false},"featured_media":11939,"comment_status":"open","ping_status":"closed","template":"","meta":[],"product_brand":[],"product_cat":[569],"product_tag":[],"class_list":{"0":"post-11940","1":"product","2":"type-product","3":"status-publish","4":"has-post-thumbnail","6":"product_cat-huile-de-transmission-automatique","7":"has-post-title","8":"has-post-date","9":"has-post-category","10":"has-post-tag","11":"has-post-comment","12":"has-post-author","13":"","14":"fullcover","16":"first","17":"instock","18":"taxable","19":"shipping-taxable","20":"purchasable","21":"product-type-simple"},"jetpack_sharing_enabled":true,"builder_content":"","_links":{"self":[{"href":"https:\/\/fittingsgo.com\/fr\/wp-json\/wp\/v2\/product\/11940","targetHints":{"allow":["GET"]}}],"collection":[{"href":"https:\/\/fittingsgo.com\/fr\/wp-json\/wp\/v2\/product"}],"about":[{"href":"https:\/\/fittingsgo.com\/fr\/wp-json\/wp\/v2\/types\/product"}],"replies":[{"embeddable":true,"href":"https:\/\/fittingsgo.com\/fr\/wp-json\/wp\/v2\/comments?post=11940"}],"wp:featuredmedia":[{"embeddable":true,"href":"https:\/\/fittingsgo.com\/fr\/wp-json\/wp\/v2\/media\/11939"}],"wp:attachment":[{"href":"https:\/\/fittingsgo.com\/fr\/wp-json\/wp\/v2\/media?parent=11940"}],"wp:term":[{"taxonomy":"product_brand","embeddable":true,"href":"https:\/\/fittingsgo.com\/fr\/wp-json\/wp\/v2\/product_brand?post=11940"},{"taxonomy":"product_cat","embeddable":true,"href":"https:\/\/fittingsgo.com\/fr\/wp-json\/wp\/v2\/product_cat?post=11940"},{"taxonomy":"product_tag","embeddable":true,"href":"https:\/\/fittingsgo.com\/fr\/wp-json\/wp\/v2\/product_tag?post=11940"}],"curies":[{"name":"wp","href":"https:\/\/api.w.org\/{rel}","templated":true}]}}