{"id":11936,"date":"2020-03-18T20:40:46","date_gmt":"2020-03-19T01:40:46","guid":{"rendered":"https:\/\/fittingsgo.com\/product\/fr-liqui-moly-top-tec-atf-1900\/"},"modified":"2020-03-18T20:46:18","modified_gmt":"2020-03-19T01:46:18","slug":"fr-liqui-moly-top-tec-atf-1900","status":"publish","type":"product","link":"https:\/\/fittingsgo.com\/fr\/produit\/fr-liqui-moly-top-tec-atf-1900\/","title":{"rendered":"Liqui Moly Top Tec ATF 1900"},"content":{"rendered":"<p>LIQUI MOLY recommande en outre ce produit pour les v\u00e9hicules et organes pour lesquels les sp\u00e9cifications ou r\u00e9f\u00e9rences de pi\u00e8ce de rechange d\u2019origine suivantes sont requises :<br \/>\nMB 236.15<br \/>\nLM20028<\/p>\n<div id=\"themify_builder_content-11936\" data-postid=\"11936\" class=\"themify_builder_content themify_builder_content-11936 themify_builder\">\n    <\/div>\n<!-- \/themify_builder_content -->\n","protected":false},"excerpt":{"rendered":"<p>Top Tec ATF 1900 fait partie de la nouvelle g\u00e9n\u00e9ration d&#8217;huile haute performance pour transmissions automatiques. Il est bas\u00e9 sur des huiles de base s\u00e9lectionn\u00e9es et des additifs modernes et performants. La faible viscosit\u00e9 contribue \u00e0 r\u00e9duire la consommation de carburant et augmente l&#8217;efficacit\u00e9. L&#8217;excellente stabilit\u00e9 du coefficient de frottement permet des intervalles de vidange d&#8217;huile prolong\u00e9s.<br \/>\n1 L<\/p>\n","protected":false},"featured_media":11935,"comment_status":"open","ping_status":"closed","template":"","meta":[],"product_brand":[],"product_cat":[569],"product_tag":[],"class_list":{"0":"post-11936","1":"product","2":"type-product","3":"status-publish","4":"has-post-thumbnail","6":"product_cat-huile-de-transmission-automatique","7":"has-post-title","8":"has-post-date","9":"has-post-category","10":"has-post-tag","11":"has-post-comment","12":"has-post-author","13":"","14":"fullcover","16":"first","17":"outofstock","18":"taxable","19":"shipping-taxable","20":"purchasable","21":"product-type-simple"},"jetpack_sharing_enabled":true,"builder_content":"","_links":{"self":[{"href":"https:\/\/fittingsgo.com\/fr\/wp-json\/wp\/v2\/product\/11936","targetHints":{"allow":["GET"]}}],"collection":[{"href":"https:\/\/fittingsgo.com\/fr\/wp-json\/wp\/v2\/product"}],"about":[{"href":"https:\/\/fittingsgo.com\/fr\/wp-json\/wp\/v2\/types\/product"}],"replies":[{"embeddable":true,"href":"https:\/\/fittingsgo.com\/fr\/wp-json\/wp\/v2\/comments?post=11936"}],"wp:featuredmedia":[{"embeddable":true,"href":"https:\/\/fittingsgo.com\/fr\/wp-json\/wp\/v2\/media\/11935"}],"wp:attachment":[{"href":"https:\/\/fittingsgo.com\/fr\/wp-json\/wp\/v2\/media?parent=11936"}],"wp:term":[{"taxonomy":"product_brand","embeddable":true,"href":"https:\/\/fittingsgo.com\/fr\/wp-json\/wp\/v2\/product_brand?post=11936"},{"taxonomy":"product_cat","embeddable":true,"href":"https:\/\/fittingsgo.com\/fr\/wp-json\/wp\/v2\/product_cat?post=11936"},{"taxonomy":"product_tag","embeddable":true,"href":"https:\/\/fittingsgo.com\/fr\/wp-json\/wp\/v2\/product_tag?post=11936"}],"curies":[{"name":"wp","href":"https:\/\/api.w.org\/{rel}","templated":true}]}}