{"id":11932,"date":"2020-03-18T20:30:23","date_gmt":"2020-03-19T01:30:23","guid":{"rendered":"https:\/\/fittingsgo.com\/product\/fr-liqui-moly-top-tec-atf-1800\/"},"modified":"2021-02-11T11:12:13","modified_gmt":"2021-02-11T16:12:13","slug":"fr-liqui-moly-top-tec-atf-1800","status":"publish","type":"product","link":"https:\/\/fittingsgo.com\/fr\/produit\/fr-liqui-moly-top-tec-atf-1800\/","title":{"rendered":"Liqui Moly Top Tec ATF 1800"},"content":{"rendered":"<p>Sp\u00e9cifications et agr\u00e9ments:<br \/>\nDexron VI<br \/>\nFord Mercon LV<br \/>\nLIQUI MOLY recommande en outre ce produit pour les v\u00e9hicules et organes pour lesquels les sp\u00e9cifications ou r\u00e9f\u00e9rences de pi\u00e8ce de rechange d&#8217;origine suivantes sont requises :<br \/>\nAisin Warner AW-1<br \/>\nBMW 83 22 0 142 516<br \/>\nBMW 83 22 2 152 426<br \/>\nBMW 83 22 2 289 720<br \/>\nBMW 83 22 2 305 396<br \/>\nBMW 83 22 2 305 397<br \/>\nBMW 83 22 2 355 599<br \/>\nBMW M-1375.4<br \/>\nFiat 9.55550-AV5<br \/>\nJWS 3324 (Aisin Warner)<br \/>\nLand Rover TYK 500050<br \/>\nHonda ATF 3.1<br \/>\nHonda ATF DW-1<br \/>\nHyundai SP-IV<br \/>\nMazda ATF FZ<br \/>\nMB 236.12<br \/>\nMB 236.14<br \/>\nMitsubishi Dia Queen ATF-PA<br \/>\nMopar 68218925AA 8&#038;9 Speed ATF<br \/>\nNissan AT-Matic S Fluid<br \/>\nToyota WS<br \/>\nVW Audi G 055 005 (G055005)<br \/>\nVW Audi G 055 540 (G055540)<br \/>\nVW Audi G 060 162 (G060162)<br \/>\nLM20032<\/p>\n<div id=\"themify_builder_content-11932\" data-postid=\"11932\" class=\"themify_builder_content themify_builder_content-11932 themify_builder\">\n    <\/div>\n<!-- \/themify_builder_content -->\n","protected":false},"excerpt":{"rendered":"<p>Huile de bo\u00eete automatique haute performance de basse viscosit\u00e9 de la nouvelle g\u00e9n\u00e9ration bas\u00e9e sur la technologie de synth\u00e8se avec des additifs modernes et performants. En plus de son excellente stabilit\u00e9 au vieillissement et \u00e0 l&#8217;oxydation, elle garantit un passage optimal des vitesses dans toutes les conditions d&#8217;utilisation gr\u00e2ce \u00e0 son indice de viscosit\u00e9 extr\u00eamement \u00e9lev\u00e9. Permet de longs intervalles de vidange.<br \/>\n1 L<\/p>\n","protected":false},"featured_media":11931,"comment_status":"open","ping_status":"closed","template":"","meta":[],"product_brand":[],"product_cat":[569],"product_tag":[],"class_list":{"0":"post-11932","1":"product","2":"type-product","3":"status-publish","4":"has-post-thumbnail","6":"product_cat-huile-de-transmission-automatique","7":"has-post-title","8":"has-post-date","9":"has-post-category","10":"has-post-tag","11":"has-post-comment","12":"has-post-author","13":"","14":"fullcover","16":"first","17":"instock","18":"taxable","19":"shipping-taxable","20":"purchasable","21":"product-type-simple"},"jetpack_sharing_enabled":true,"builder_content":"","_links":{"self":[{"href":"https:\/\/fittingsgo.com\/fr\/wp-json\/wp\/v2\/product\/11932","targetHints":{"allow":["GET"]}}],"collection":[{"href":"https:\/\/fittingsgo.com\/fr\/wp-json\/wp\/v2\/product"}],"about":[{"href":"https:\/\/fittingsgo.com\/fr\/wp-json\/wp\/v2\/types\/product"}],"replies":[{"embeddable":true,"href":"https:\/\/fittingsgo.com\/fr\/wp-json\/wp\/v2\/comments?post=11932"}],"wp:featuredmedia":[{"embeddable":true,"href":"https:\/\/fittingsgo.com\/fr\/wp-json\/wp\/v2\/media\/11931"}],"wp:attachment":[{"href":"https:\/\/fittingsgo.com\/fr\/wp-json\/wp\/v2\/media?parent=11932"}],"wp:term":[{"taxonomy":"product_brand","embeddable":true,"href":"https:\/\/fittingsgo.com\/fr\/wp-json\/wp\/v2\/product_brand?post=11932"},{"taxonomy":"product_cat","embeddable":true,"href":"https:\/\/fittingsgo.com\/fr\/wp-json\/wp\/v2\/product_cat?post=11932"},{"taxonomy":"product_tag","embeddable":true,"href":"https:\/\/fittingsgo.com\/fr\/wp-json\/wp\/v2\/product_tag?post=11932"}],"curies":[{"name":"wp","href":"https:\/\/api.w.org\/{rel}","templated":true}]}}