{"id":11928,"date":"2020-03-18T20:18:56","date_gmt":"2020-03-19T01:18:56","guid":{"rendered":"https:\/\/fittingsgo.com\/product\/fr-liqui-moly-top-tec-atf-1600\/"},"modified":"2020-03-18T20:20:39","modified_gmt":"2020-03-19T01:20:39","slug":"fr-liqui-moly-top-tec-atf-1600","status":"publish","type":"product","link":"https:\/\/fittingsgo.com\/fr\/produit\/fr-liqui-moly-top-tec-atf-1600\/","title":{"rendered":"Liqui Moly Top Tec ATF 1600"},"content":{"rendered":"<p>Sp\u00e9cifications et agr\u00e9ments:<br \/>\nMB-Freigabe 236.14<br \/>\nLIQUI MOLY recommande en outre ce produit pour les v\u00e9hicules et organes pour lesquels les sp\u00e9cifications ou r\u00e9f\u00e9rences de pi\u00e8ce de rechange d&#8217;origine suivantes sont requises :<br \/>\nMB 236.12<br \/>\nLM20024<\/p>\n<div id=\"themify_builder_content-11928\" data-postid=\"11928\" class=\"themify_builder_content themify_builder_content-11928 themify_builder\">\n    <\/div>\n<!-- \/themify_builder_content -->\n","protected":false},"excerpt":{"rendered":"<p>Top Tec ATF 1600 est une huile de bo\u00eete automatique \u00e0 hautes performances de la nouvelle g\u00e9n\u00e9ration sur base de technologie de synth\u00e8se et de composants d&#8217;additif performants modernes. Outre la remar- quable r\u00e9sistance au vieillissement et \u00e0 l&#8217;oxydation, elle garantit des changements de rapport optimaux dans toutes les conditions de service gr\u00e2ce \u00e0 son in- dice de viscosit\u00e9 extr\u00eamement \u00e9lev\u00e9. Top Tec ATF 1600 a \u00e9t\u00e9 d\u00e9velopp\u00e9e sp\u00e9cialement pour les bo\u00eetes automatiques qui \u00e9quipent diff\u00e9rents v\u00e9hicules de chez Mercedes-Benz et permet aussi d&#8217;\u00e9liminer les difficult\u00e9s de changement de rapport.<br \/>\n1 L<\/p>\n","protected":false},"featured_media":11927,"comment_status":"open","ping_status":"closed","template":"","meta":[],"product_brand":[],"product_cat":[569],"product_tag":[],"class_list":{"0":"post-11928","1":"product","2":"type-product","3":"status-publish","4":"has-post-thumbnail","6":"product_cat-huile-de-transmission-automatique","7":"has-post-title","8":"has-post-date","9":"has-post-category","10":"has-post-tag","11":"has-post-comment","12":"has-post-author","13":"","14":"fullcover","16":"first","17":"instock","18":"taxable","19":"shipping-taxable","20":"purchasable","21":"product-type-simple"},"jetpack_sharing_enabled":true,"builder_content":"","_links":{"self":[{"href":"https:\/\/fittingsgo.com\/fr\/wp-json\/wp\/v2\/product\/11928","targetHints":{"allow":["GET"]}}],"collection":[{"href":"https:\/\/fittingsgo.com\/fr\/wp-json\/wp\/v2\/product"}],"about":[{"href":"https:\/\/fittingsgo.com\/fr\/wp-json\/wp\/v2\/types\/product"}],"replies":[{"embeddable":true,"href":"https:\/\/fittingsgo.com\/fr\/wp-json\/wp\/v2\/comments?post=11928"}],"wp:featuredmedia":[{"embeddable":true,"href":"https:\/\/fittingsgo.com\/fr\/wp-json\/wp\/v2\/media\/11927"}],"wp:attachment":[{"href":"https:\/\/fittingsgo.com\/fr\/wp-json\/wp\/v2\/media?parent=11928"}],"wp:term":[{"taxonomy":"product_brand","embeddable":true,"href":"https:\/\/fittingsgo.com\/fr\/wp-json\/wp\/v2\/product_brand?post=11928"},{"taxonomy":"product_cat","embeddable":true,"href":"https:\/\/fittingsgo.com\/fr\/wp-json\/wp\/v2\/product_cat?post=11928"},{"taxonomy":"product_tag","embeddable":true,"href":"https:\/\/fittingsgo.com\/fr\/wp-json\/wp\/v2\/product_tag?post=11928"}],"curies":[{"name":"wp","href":"https:\/\/api.w.org\/{rel}","templated":true}]}}