{"id":11924,"date":"2020-03-18T20:05:34","date_gmt":"2020-03-19T01:05:34","guid":{"rendered":"https:\/\/fittingsgo.com\/product\/fr-liqui-moly-cvt-top-tec-atf-1400\/"},"modified":"2020-03-18T20:08:18","modified_gmt":"2020-03-19T01:08:18","slug":"fr-liqui-moly-cvt-top-tec-atf-1400","status":"publish","type":"product","link":"https:\/\/fittingsgo.com\/fr\/produit\/fr-liqui-moly-cvt-top-tec-atf-1400\/","title":{"rendered":"Liqui Moly CVT Top Tec ATF 1400"},"content":{"rendered":"<p>Champs d \u0301application<br \/>\nLIQUI MOLY recommande en outre ce produit pour les v\u00e9hicules et organes pour lesquels les sp\u00e9cifications ou r\u00e9f\u00e9rences de pi\u00e8ce de rechange d&#8217;origine suivantes sont requises :<br \/>\nDodge CVTF+4<br \/>\nDodge NS-2<br \/>\nFord CVT23<br \/>\nFord CVT30<br \/>\nFord Mercon C<br \/>\nGM\/Saturn DEX-CVT<br \/>\nHonda HCF2<br \/>\nHonda HMMF<br \/>\nHyundai SP-CVT 1<br \/>\nJeep CVTF+4<br \/>\nJeep NS-2<br \/>\nKia SP-CVT 1<br \/>\nMB 236.20<br \/>\nMini Cooper (EZL 799)<br \/>\nMitsubishi CVTF-J1<br \/>\nMitsubishi CVTF-J4<br \/>\nNissan CVT NS-2 Fluid<br \/>\nNissan CVT NS-3 Fluid<br \/>\nSubaru E-CVT<br \/>\nSubaru High Torque CVTF<br \/>\nSubaru Lineartronic CV-30<br \/>\nSubaru Lineartronic CVTF<br \/>\nSubaru Lineartronic CVTF II<br \/>\nSubaru NS-2<br \/>\nSuzuki CVT Green1<br \/>\nSuzuki CVT Green2<br \/>\nSuzuki NS-2<br \/>\nSuzuki TC<br \/>\nToyota CVTF FE<br \/>\nToyota TC<br \/>\nVW Audi G 052 180 (G052180)<br \/>\nVW Audi G 052 516 (G052516)<br \/>\nLM20036<\/p>\n<div id=\"themify_builder_content-11924\" data-postid=\"11924\" class=\"themify_builder_content themify_builder_content-11924 themify_builder\">\n    <\/div>\n<!-- \/themify_builder_content -->\n","protected":false},"excerpt":{"rendered":"<p>Huile de bo\u00eete automatique \u00e0 hautes performances de la nouvelle g\u00e9n\u00e9ration sur base de technologie de synth\u00e8se. Elle a \u00e9t\u00e9 d\u00e9velopp\u00e9e sp\u00e9cialement pour une utilisation dans les bo\u00eetes CVT avec courroie m\u00e9tallique travaillant en pouss\u00e9e ou cha\u00eene de traction en acier. La base d&#8217;huiles de base modernes et d&#8217;additifs s\u00e9lectionn\u00e9s procurent la meilleure protection contre le moussage, ce qui est n\u00e9cessaire pour les bo\u00eetes CVT. En outre, elle se distingue par une tr\u00e8s bonne r\u00e9sistance au vieillissement et \u00e0 l&#8217;oxydation. Top Tec ATF 1400 est test\u00e9e et \u00e9prouv\u00e9e, en particulier dans les bo\u00eetes de vitesses Autotronic des Mercedes-Benz Classes A et B ainsi que dans les bo\u00eetes automatiques continues (Multitronic) des v\u00e9hicules Audi.<br \/>\n1 L<\/p>\n","protected":false},"featured_media":11923,"comment_status":"open","ping_status":"closed","template":"","meta":[],"product_brand":[],"product_cat":[569],"product_tag":[],"class_list":{"0":"post-11924","1":"product","2":"type-product","3":"status-publish","4":"has-post-thumbnail","6":"product_cat-huile-de-transmission-automatique","7":"has-post-title","8":"has-post-date","9":"has-post-category","10":"has-post-tag","11":"has-post-comment","12":"has-post-author","13":"","14":"fullcover","16":"first","17":"instock","18":"taxable","19":"shipping-taxable","20":"purchasable","21":"product-type-simple"},"jetpack_sharing_enabled":true,"builder_content":"","_links":{"self":[{"href":"https:\/\/fittingsgo.com\/fr\/wp-json\/wp\/v2\/product\/11924","targetHints":{"allow":["GET"]}}],"collection":[{"href":"https:\/\/fittingsgo.com\/fr\/wp-json\/wp\/v2\/product"}],"about":[{"href":"https:\/\/fittingsgo.com\/fr\/wp-json\/wp\/v2\/types\/product"}],"replies":[{"embeddable":true,"href":"https:\/\/fittingsgo.com\/fr\/wp-json\/wp\/v2\/comments?post=11924"}],"wp:featuredmedia":[{"embeddable":true,"href":"https:\/\/fittingsgo.com\/fr\/wp-json\/wp\/v2\/media\/11923"}],"wp:attachment":[{"href":"https:\/\/fittingsgo.com\/fr\/wp-json\/wp\/v2\/media?parent=11924"}],"wp:term":[{"taxonomy":"product_brand","embeddable":true,"href":"https:\/\/fittingsgo.com\/fr\/wp-json\/wp\/v2\/product_brand?post=11924"},{"taxonomy":"product_cat","embeddable":true,"href":"https:\/\/fittingsgo.com\/fr\/wp-json\/wp\/v2\/product_cat?post=11924"},{"taxonomy":"product_tag","embeddable":true,"href":"https:\/\/fittingsgo.com\/fr\/wp-json\/wp\/v2\/product_tag?post=11924"}],"curies":[{"name":"wp","href":"https:\/\/api.w.org\/{rel}","templated":true}]}}